{"id":24422,"date":"2025-07-25T12:24:52","date_gmt":"2025-07-25T12:24:52","guid":{"rendered":"https:\/\/boreait.com\/hr\/?post_type=product&#038;p=24422"},"modified":"2025-07-25T12:25:32","modified_gmt":"2025-07-25T12:25:32","slug":"konektor-originalnog-hp-compaq-8710p-lan-kabela-dc301001g00-2417","status":"publish","type":"product","link":"https:\/\/boreait.com\/hr\/product\/konektor-originalnog-hp-compaq-8710p-lan-kabela-dc301001g00-2417\/","title":{"rendered":"Konektor originalnog HP Compaq 8710p LAN kabela DC301001G00 #2417"},"content":{"rendered":"<p>Pobolj\u0161ajte LAN povezivost va\u0161eg prijenosnog ra\u010dunala HP Compaq 8710p s originalnim priklju\u010dkom za LAN kabel, broj dijela DC301001G00 #2417. Izra\u0111en za kompatibilnost i pouzdanost, ovaj autenti\u010dni zamjenski dio osigurava besprijekorno povezivanje i jednostavnu instalaciju.<\/p>\n<p>Klju\u010dne zna\u010dajke:<\/p>\n<p>&#8211; Originalna HP-ova zamjena: Osigurajte kompatibilnost i pouzdanost s autenti\u010dnim zamjenskim dijelom.<\/p>\n<p>&#8211; Jednostavna instalacija: Nadogradite LAN povezivost prijenosnog ra\u010dunala bez napora jednostavnom instalacijom.<\/p>\n<p>&#8211; Pobolj\u0161ana povezivost: pobolj\u0161ajte povezivost svog ure\u0111aja za glatko umre\u017eavanje.<\/p>\n<p>&#8211; Izdr\u017eljiva konstrukcija: Izra\u0111ena da izdr\u017ei upotrebu, osiguravaju\u0107i dugovje\u010dnost i pouzdanost.<\/p>\n<p>Nadogradite svoje prijenosno ra\u010dunalo HP Compaq 8710p danas s originalnim priklju\u010dkom za LAN kabel. Kupujte s povjerenjem, znaju\u0107i da ula\u017eete u kvalitetan zamjenski dio za svoj ure\u0111aj. Ako imate bilo kakvih pitanja ili trebate pomo\u0107, slobodno nas kontaktirajte. Ovdje smo da vam pomognemo pobolj\u0161ati funkcionalnost va\u0161eg ure\u0111aja.<\/p>\n","protected":false},"excerpt":{"rendered":"<p>Nadogradite LAN povezivost va\u0161eg HP Compaq 8710p s ovim originalnim priklju\u010dkom za LAN kabel. Jednostavan za instalaciju i kompatibilan s brojem dijela DC301001G00 #2417. Pobolj\u0161ajte povezivost svog prijenosnog ra\u010dunala danas!<\/p>\n","protected":false},"featured_media":24463,"template":"","meta":[],"product_brand":[],"product_cat":[55],"product_tag":[52],"class_list":{"0":"post-24422","1":"product","2":"type-product","3":"status-publish","4":"has-post-thumbnail","6":"product_cat-cables","7":"product_tag-dell","9":"first","10":"instock","11":"taxable","12":"shipping-taxable","13":"purchasable","14":"product-type-simple"},"_links":{"self":[{"href":"https:\/\/boreait.com\/hr\/wp-json\/wp\/v2\/product\/24422","targetHints":{"allow":["GET"]}}],"collection":[{"href":"https:\/\/boreait.com\/hr\/wp-json\/wp\/v2\/product"}],"about":[{"href":"https:\/\/boreait.com\/hr\/wp-json\/wp\/v2\/types\/product"}],"wp:featuredmedia":[{"embeddable":true,"href":"https:\/\/boreait.com\/hr\/wp-json\/wp\/v2\/media\/24463"}],"wp:attachment":[{"href":"https:\/\/boreait.com\/hr\/wp-json\/wp\/v2\/media?parent=24422"}],"wp:term":[{"taxonomy":"product_brand","embeddable":true,"href":"https:\/\/boreait.com\/hr\/wp-json\/wp\/v2\/product_brand?post=24422"},{"taxonomy":"product_cat","embeddable":true,"href":"https:\/\/boreait.com\/hr\/wp-json\/wp\/v2\/product_cat?post=24422"},{"taxonomy":"product_tag","embeddable":true,"href":"https:\/\/boreait.com\/hr\/wp-json\/wp\/v2\/product_tag?post=24422"}],"curies":[{"name":"wp","href":"https:\/\/api.w.org\/{rel}","templated":true}]}}