{"id":24387,"date":"2025-07-25T12:24:28","date_gmt":"2025-07-25T12:24:28","guid":{"rendered":"https:\/\/boreait.com\/hr\/?post_type=product&#038;p=24387"},"modified":"2026-01-27T10:00:53","modified_gmt":"2026-01-27T10:00:53","slug":"originalna-kamera-za-prijenosno-racunalo-dell-latitude-e5450-e7450-3340-cn-0fhk7","status":"publish","type":"product","link":"https:\/\/boreait.com\/hr\/product\/originalna-kamera-za-prijenosno-racunalo-dell-latitude-e5450-e7450-3340-cn-0fhk7\/","title":{"rendered":"Originalna kamera za prijenosno ra\u010dunalo Dell Latitude E5450 E7450 3340 CN-0FHK7"},"content":{"rendered":"<p>Nadogradite funkcionalnost kamere svog prijenosnog ra\u010dunala Dell Latitude E5450, E7450 ili 3340 s originalnom kamerom za prijenosno ra\u010dunalo s web kamerom, kompatibilnom s brojem dijela CN-0FHK7. Izra\u0111en za kompatibilnost i pouzdanost, ovaj autenti\u010dni zamjenski dio osigurava jasnu i jasnu kvalitetu videa za va\u0161e potrebe videopoziva i konferencija.<\/p>\n<p>Klju\u010dne zna\u010dajke:<\/p>\n<p>&#8211; Originalna Dell zamjena: Osigurajte kompatibilnost i pouzdanost s autenti\u010dnim zamjenskim dijelom.<\/p>\n<p>&#8211; Jednostavna instalacija: Nadogradite kameru svog ure\u0111aja bez napora jednostavnom instalacijom.<\/p>\n<p>&#8211; Pobolj\u0161ana kvaliteta videa: u\u017eivajte u jasnoj i o\u0161troj kvaliteti videa za svoje videopozive i konferencije.<\/p>\n<p>&#8211; Kompatibilnost: kompatibilan s modelima Dell Latitude E5450, E7450 i 3340, pru\u017eaju\u0107i svestranost za va\u0161e potrebe.<\/p>\n<p>Nadogradite svoje prijenosno ra\u010dunalo Dell Latitude ve\u0107 danas originalnom kamerom za prijenosno ra\u010dunalo Webcam. Kupujte s povjerenjem, znaju\u0107i da ula\u017eete u kvalitetan zamjenski dio za svoj ure\u0111aj. Ako imate bilo kakvih pitanja ili trebate pomo\u0107, slobodno nas kontaktirajte. Tu smo da vam pomognemo pobolj\u0161ati iskustvo videokonferencije.<\/p>\n","protected":false},"excerpt":{"rendered":"<p>Pobolj\u0161ajte svoje prijenosno ra\u010dunalo Dell Latitude E5450, E7450 ili 3340 ovom originalnom kamerom za prijenosno ra\u010dunalo s web kamerom. Kompatibilan s brojem dijela CN-0FHK7. Nadogradite kameru svog ure\u0111aja danas!<\/p>\n","protected":false},"featured_media":24449,"template":"","meta":[],"product_brand":[],"product_cat":[58],"product_tag":[52],"class_list":{"0":"post-24387","1":"product","2":"type-product","3":"status-publish","4":"has-post-thumbnail","6":"product_cat-laptop-camera","7":"product_tag-dell","9":"first","10":"instock","11":"taxable","12":"shipping-taxable","13":"purchasable","14":"product-type-simple"},"_links":{"self":[{"href":"https:\/\/boreait.com\/hr\/wp-json\/wp\/v2\/product\/24387","targetHints":{"allow":["GET"]}}],"collection":[{"href":"https:\/\/boreait.com\/hr\/wp-json\/wp\/v2\/product"}],"about":[{"href":"https:\/\/boreait.com\/hr\/wp-json\/wp\/v2\/types\/product"}],"wp:featuredmedia":[{"embeddable":true,"href":"https:\/\/boreait.com\/hr\/wp-json\/wp\/v2\/media\/24449"}],"wp:attachment":[{"href":"https:\/\/boreait.com\/hr\/wp-json\/wp\/v2\/media?parent=24387"}],"wp:term":[{"taxonomy":"product_brand","embeddable":true,"href":"https:\/\/boreait.com\/hr\/wp-json\/wp\/v2\/product_brand?post=24387"},{"taxonomy":"product_cat","embeddable":true,"href":"https:\/\/boreait.com\/hr\/wp-json\/wp\/v2\/product_cat?post=24387"},{"taxonomy":"product_tag","embeddable":true,"href":"https:\/\/boreait.com\/hr\/wp-json\/wp\/v2\/product_tag?post=24387"}],"curies":[{"name":"wp","href":"https:\/\/api.w.org\/{rel}","templated":true}]}}