{"id":24382,"date":"2025-07-25T12:24:27","date_gmt":"2025-07-25T12:24:27","guid":{"rendered":"https:\/\/boreait.com\/hr\/?post_type=product&#038;p=24382"},"modified":"2025-07-25T12:25:07","modified_gmt":"2025-07-25T12:25:07","slug":"originalni-dell-latitude-12-rugged-extreme-7204-usb-citac-sd-kartica-wcable-md1p8-0md1p8","status":"publish","type":"product","link":"https:\/\/boreait.com\/hr\/product\/originalni-dell-latitude-12-rugged-extreme-7204-usb-citac-sd-kartica-wcable-md1p8-0md1p8\/","title":{"rendered":"Originalni Dell Latitude 12 Rugged Extreme 7204 USB \u010dita\u010d SD kartica wCable MD1P8 0MD1P8"},"content":{"rendered":"<p>Pobolj\u0161ajte povezivost svog Dell Latitude 12 Rugged Extreme 7204 s originalnim USB \u010dita\u010dem SD kartica, zajedno s kabelom MD1P8 0MD1P8 za besprijekornu instalaciju. Izra\u0111en za izdr\u017eljivost i kompatibilnost, ovaj autenti\u010dni zamjenski dio osigurava pouzdan rad i jednostavno povezivanje.<\/p>\n<p>Klju\u010dne zna\u010dajke:<\/p>\n<p>&#8211; Originalna Dell zamjena: Osigurajte kompatibilnost i pouzdanost s autenti\u010dnim zamjenskim dijelom.<\/p>\n<p>&#8211; Jednostavna instalacija: Nadogradite povezivost svog ure\u0111aja bez napora jednostavnom instalacijom.<\/p>\n<p>&#8211; Pobolj\u0161ana funkcionalnost: pro\u0161irite mogu\u0107nosti povezivanja prijenosnog ra\u010dunala za pobolj\u0161anu funkcionalnost.<\/p>\n<p>&#8211; Izdr\u017eljiva konstrukcija: Napravljena da izdr\u017ei robusnu upotrebu, osiguravaju\u0107i dugovje\u010dnost i pouzdanost.<\/p>\n<p>Nadogradite svoj Dell Latitude 12 Rugged Extreme 7204 danas s originalnim USB \u010dita\u010dem SD kartica. Kupujte s povjerenjem, znaju\u0107i da ula\u017eete u kvalitetan zamjenski dio za svoj ure\u0111aj. Ako imate bilo kakvih pitanja ili trebate pomo\u0107, slobodno nas kontaktirajte. Ovdje smo da vam pomognemo pobolj\u0161ati funkcionalnost va\u0161eg ure\u0111aja.<\/p>\n","protected":false},"excerpt":{"rendered":"<p>Pobolj\u0161ajte povezivost svog Dell Latitude 12 Rugged Extreme 7204 s ovim originalnim USB \u010dita\u010dem SD kartica. Dolazi s kabelom MD1P8 0MD1P8 za jednostavnu instalaciju. Nadogradite funkcionalnost svog ure\u0111aja danas!<\/p>\n","protected":false},"featured_media":24435,"template":"","meta":[],"product_brand":[],"product_cat":[62],"product_tag":[],"class_list":{"0":"post-24382","1":"product","2":"type-product","3":"status-publish","4":"has-post-thumbnail","6":"product_cat-motherboards-board-parts","8":"first","9":"instock","10":"taxable","11":"shipping-taxable","12":"purchasable","13":"product-type-simple"},"_links":{"self":[{"href":"https:\/\/boreait.com\/hr\/wp-json\/wp\/v2\/product\/24382","targetHints":{"allow":["GET"]}}],"collection":[{"href":"https:\/\/boreait.com\/hr\/wp-json\/wp\/v2\/product"}],"about":[{"href":"https:\/\/boreait.com\/hr\/wp-json\/wp\/v2\/types\/product"}],"wp:featuredmedia":[{"embeddable":true,"href":"https:\/\/boreait.com\/hr\/wp-json\/wp\/v2\/media\/24435"}],"wp:attachment":[{"href":"https:\/\/boreait.com\/hr\/wp-json\/wp\/v2\/media?parent=24382"}],"wp:term":[{"taxonomy":"product_brand","embeddable":true,"href":"https:\/\/boreait.com\/hr\/wp-json\/wp\/v2\/product_brand?post=24382"},{"taxonomy":"product_cat","embeddable":true,"href":"https:\/\/boreait.com\/hr\/wp-json\/wp\/v2\/product_cat?post=24382"},{"taxonomy":"product_tag","embeddable":true,"href":"https:\/\/boreait.com\/hr\/wp-json\/wp\/v2\/product_tag?post=24382"}],"curies":[{"name":"wp","href":"https:\/\/api.w.org\/{rel}","templated":true}]}}