{"id":24381,"date":"2025-07-25T12:24:27","date_gmt":"2025-07-25T12:24:27","guid":{"rendered":"https:\/\/boreait.com\/hr\/?post_type=product&#038;p=24381"},"modified":"2026-01-27T10:00:20","modified_gmt":"2026-01-27T10:00:20","slug":"dell-oem-latitude-12-rugged-extreme-7204-12-convertible-lcd-bezel-frame-nosac","status":"publish","type":"product","link":"https:\/\/boreait.com\/hr\/product\/dell-oem-latitude-12-rugged-extreme-7204-12-convertible-lcd-bezel-frame-nosac\/","title":{"rendered":"Dell OEM Latitude 12 Rugged Extreme (7204) 12 Convertible LCD Bezel Frame Nosa\u010d"},"content":{"rendered":"<p>Pove\u0107ajte izdr\u017eljivost svog Dell OEM Latitude 12 Rugged Extreme (7204) s originalnim nosa\u010dem okvira LCD zaslona. Izra\u0111en za pouzdanost i kompatibilnost, ovaj autenti\u010dni zamjenski dio osigurava sigurnu monta\u017eu i jednostavnu instalaciju.<\/p>\n<p>Klju\u010dne zna\u010dajke:<\/p>\n<p>&#8211; Originalna Dell zamjena: Osigurajte kompatibilnost i pouzdanost s autenti\u010dnim zamjenskim dijelom.<\/p>\n<p>&#8211; Jednostavna instalacija: Nadogradite izdr\u017eljivost svog prijenosnog ra\u010dunala bez napora jednostavnom instalacijom.<\/p>\n<p>&#8211; Pobolj\u0161ana izdr\u017eljivost: pove\u0107ajte robusnost svog ure\u0111aja za pobolj\u0161anu dugovje\u010dnost.<\/p>\n<p>&#8211; Sigurno postavljanje: osigurajte da va\u0161 LCD zaslon ostane sigurno na mjestu tijekom upotrebe.<\/p>\n<p>Nadogradite svoj Dell OEM Latitude 12 Rugged Extreme (7204) danas s originalnim preklopnim nosa\u010dem okvira LCD zaslona. Kupujte s povjerenjem, znaju\u0107i da ula\u017eete u kvalitetan zamjenski dio za svoj ure\u0111aj. Ako imate bilo kakvih pitanja ili trebate pomo\u0107, slobodno nas kontaktirajte. Ovdje smo da vam pomognemo pove\u0107ati izdr\u017eljivost va\u0161eg ure\u0111aja.<\/p>\n","protected":false},"excerpt":{"rendered":"<p>Nadogradite svoj Dell OEM Latitude 12 Rugged Extreme (7204) s ovim originalnim nosa\u010dem okvira LCD zaslona. Jednostavan za instalaciju i kompatibilan s va\u0161im ure\u0111ajem. Pove\u0107ajte izdr\u017eljivost svog prijenosnog ra\u010dunala danas!<\/p>\n","protected":false},"featured_media":24433,"template":"","meta":[],"product_brand":[],"product_cat":[51],"product_tag":[],"class_list":{"0":"post-24381","1":"product","2":"type-product","3":"status-publish","4":"has-post-thumbnail","6":"product_cat-laptop-housing","8":"first","9":"instock","10":"taxable","11":"shipping-taxable","12":"purchasable","13":"product-type-simple"},"_links":{"self":[{"href":"https:\/\/boreait.com\/hr\/wp-json\/wp\/v2\/product\/24381","targetHints":{"allow":["GET"]}}],"collection":[{"href":"https:\/\/boreait.com\/hr\/wp-json\/wp\/v2\/product"}],"about":[{"href":"https:\/\/boreait.com\/hr\/wp-json\/wp\/v2\/types\/product"}],"wp:featuredmedia":[{"embeddable":true,"href":"https:\/\/boreait.com\/hr\/wp-json\/wp\/v2\/media\/24433"}],"wp:attachment":[{"href":"https:\/\/boreait.com\/hr\/wp-json\/wp\/v2\/media?parent=24381"}],"wp:term":[{"taxonomy":"product_brand","embeddable":true,"href":"https:\/\/boreait.com\/hr\/wp-json\/wp\/v2\/product_brand?post=24381"},{"taxonomy":"product_cat","embeddable":true,"href":"https:\/\/boreait.com\/hr\/wp-json\/wp\/v2\/product_cat?post=24381"},{"taxonomy":"product_tag","embeddable":true,"href":"https:\/\/boreait.com\/hr\/wp-json\/wp\/v2\/product_tag?post=24381"}],"curies":[{"name":"wp","href":"https:\/\/api.w.org\/{rel}","templated":true}]}}