{"id":24362,"date":"2025-07-25T12:24:05","date_gmt":"2025-07-25T12:24:05","guid":{"rendered":"https:\/\/boreait.com\/hr\/?post_type=product&#038;p=24362"},"modified":"2025-07-25T12:24:43","modified_gmt":"2025-07-25T12:24:43","slug":"originalni-dell-latitude-12-rugged-extreme-7204-7214-donji-poklopac-baze-prijenosnog-racunala-k3n9v-0k3n9v","status":"publish","type":"product","link":"https:\/\/boreait.com\/hr\/product\/originalni-dell-latitude-12-rugged-extreme-7204-7214-donji-poklopac-baze-prijenosnog-racunala-k3n9v-0k3n9v\/","title":{"rendered":"Originalni Dell Latitude 12 Rugged Extreme 7204 7214 donji poklopac baze prijenosnog ra\u010dunala K3N9V 0K3N9V"},"content":{"rendered":"<p>Za\u0161titite i oja\u010dajte svoj Dell Latitude 12 Rugged Extreme 7204\/7214 s originalnim poklopcem donje baze, broj dijela K3N9V 0K3N9V. Izra\u0111en za izdr\u017eljivost i kompatibilnost, ovaj autenti\u010dni zamjenski dio osigurava pouzdan rad i jednostavnu instalaciju.<\/p>\n<p>Klju\u010dne zna\u010dajke:<\/p>\n<p>&#8211; Originalna Dell zamjena: Osigurajte kompatibilnost i pouzdanost s autenti\u010dnim zamjenskim dijelom.<\/p>\n<p>&#8211; Jednostavna instalacija: Nadogradite za\u0161titu prijenosnog ra\u010dunala bez napora jednostavnom instalacijom.<\/p>\n<p>&#8211; Pobolj\u0161ana izdr\u017eljivost: pove\u0107ajte otpornost va\u0161eg prijenosnog ra\u010dunala da izdr\u017ei te\u0161ke uvjete.<\/p>\n<p>&#8211; Kompatibilnost: Dizajnirano posebno za modele Dell Latitude 12 Rugged Extreme 7204\/7214.<\/p>\n<p>Nadogradite svoje prijenosno ra\u010dunalo Dell Latitude 12 Rugged Extreme 7204\/7214 danas s originalnim poklopcem donje baze. Kupujte s povjerenjem, znaju\u0107i da ula\u017eete u kvalitetan zamjenski dio za svoj ure\u0111aj. Ako imate bilo kakvih pitanja ili trebate pomo\u0107, slobodno nas kontaktirajte. Ovdje smo da vam pomognemo pove\u0107ati trajnost<\/p>\n","protected":false},"excerpt":{"rendered":"<p>Pobolj\u0161ajte izdr\u017eljivost svog Dell Latitude 12 Rugged Extreme 7204\/7214 s ovim originalnim poklopcem donje baze. Jednostavan za instalaciju i kompatibilan s brojem dijela K3N9V 0K3N9V. Nadogradite za\u0161titu svog prijenosnog ra\u010dunala danas!<\/p>\n","protected":false},"featured_media":24407,"template":"","meta":[],"product_brand":[],"product_cat":[51],"product_tag":[],"class_list":{"0":"post-24362","1":"product","2":"type-product","3":"status-publish","4":"has-post-thumbnail","6":"product_cat-laptop-housing","8":"first","9":"instock","10":"taxable","11":"shipping-taxable","12":"purchasable","13":"product-type-simple"},"_links":{"self":[{"href":"https:\/\/boreait.com\/hr\/wp-json\/wp\/v2\/product\/24362","targetHints":{"allow":["GET"]}}],"collection":[{"href":"https:\/\/boreait.com\/hr\/wp-json\/wp\/v2\/product"}],"about":[{"href":"https:\/\/boreait.com\/hr\/wp-json\/wp\/v2\/types\/product"}],"wp:featuredmedia":[{"embeddable":true,"href":"https:\/\/boreait.com\/hr\/wp-json\/wp\/v2\/media\/24407"}],"wp:attachment":[{"href":"https:\/\/boreait.com\/hr\/wp-json\/wp\/v2\/media?parent=24362"}],"wp:term":[{"taxonomy":"product_brand","embeddable":true,"href":"https:\/\/boreait.com\/hr\/wp-json\/wp\/v2\/product_brand?post=24362"},{"taxonomy":"product_cat","embeddable":true,"href":"https:\/\/boreait.com\/hr\/wp-json\/wp\/v2\/product_cat?post=24362"},{"taxonomy":"product_tag","embeddable":true,"href":"https:\/\/boreait.com\/hr\/wp-json\/wp\/v2\/product_tag?post=24362"}],"curies":[{"name":"wp","href":"https:\/\/api.w.org\/{rel}","templated":true}]}}