{"id":24350,"date":"2025-07-25T12:23:41","date_gmt":"2025-07-25T12:23:41","guid":{"rendered":"https:\/\/boreait.com\/hr\/?post_type=product&#038;p=24350"},"modified":"2025-07-25T12:24:39","modified_gmt":"2025-07-25T12:24:39","slug":"originalni-dell-latitude-12-rugged-extreme-7204-7214-scec-poklopac-prikljucka-za-citac-hua14-29t6y","status":"publish","type":"product","link":"https:\/\/boreait.com\/hr\/product\/originalni-dell-latitude-12-rugged-extreme-7204-7214-scec-poklopac-prikljucka-za-citac-hua14-29t6y\/","title":{"rendered":"Originalni Dell Latitude 12 Rugged Extreme 7204 7214 SCEC poklopac priklju\u010dka za \u010dita\u010d HUA14 29T6Y"},"content":{"rendered":"<p>Za\u0161titite SC\/EC priklju\u010dak za \u010dita\u010d va\u0161eg Dell Latitude 12 Rugged Extreme 7204\/7214 s originalnim poklopcem priklju\u010dka, broj dijela HUA14 29T6Y. Izra\u0111en imaju\u0107i na umu izdr\u017eljivost i kompatibilnost, ovaj autenti\u010dni zamjenski dio osigurava pouzdan rad i jednostavnu instalaciju.<\/p>\n<p>Klju\u010dne zna\u010dajke:<\/p>\n<p>&#8211; Originalna Dell zamjena: Osigurajte kompatibilnost i pouzdanost s autenti\u010dnim zamjenskim dijelom.<\/p>\n<p>&#8211; Za\u0161tita: Za\u0161titite priklju\u010dak SC\/EC \u010dita\u010da svog ure\u0111aja od pra\u0161ine i krhotina za optimalnu izvedbu.<\/p>\n<p>&#8211; Jednostavna instalacija: jednostavnom instalacijom nadogradite za\u0161titu svog ure\u0111aja.<\/p>\n<p>&#8211; Izdr\u017eljiva konstrukcija: Napravljena da izdr\u017ei robusnu upotrebu, osiguravaju\u0107i dugovje\u010dnost i pouzdanost.<\/p>\n<p>Nadogradite svoj Dell Latitude 12 Rugged Extreme 7204\/7214 danas s originalnim poklopcem porta. Kupujte s povjerenjem, znaju\u0107i da ula\u017eete u kvalitetan zamjenski dio za svoj ure\u0111aj. Ako imate bilo kakvih pitanja ili trebate pomo\u0107, slobodno nas kontaktirajte. Ovdje smo da vam pomognemo za\u0161tititi i pobolj\u0161ati funkcionalnost va\u0161eg ure\u0111aja.<\/p>\n","protected":false},"excerpt":{"rendered":"<p>Za\u0161titite SC\/EC priklju\u010dak za \u010dita\u010d va\u0161eg Dell Latitude 12 Rugged Extreme 7204\/7214 ovim originalnim poklopcem priklju\u010dka, broj dijela HUA14 29T6Y. Dr\u017eite pra\u0161inu i krhotine podalje za pouzdan rad. Kupite sada za dodatnu za\u0161titu!<\/p>\n","protected":false},"featured_media":24404,"template":"","meta":[],"product_brand":[],"product_cat":[51],"product_tag":[52],"class_list":{"0":"post-24350","1":"product","2":"type-product","3":"status-publish","4":"has-post-thumbnail","6":"product_cat-laptop-housing","7":"product_tag-dell","9":"first","10":"instock","11":"taxable","12":"shipping-taxable","13":"purchasable","14":"product-type-simple"},"_links":{"self":[{"href":"https:\/\/boreait.com\/hr\/wp-json\/wp\/v2\/product\/24350","targetHints":{"allow":["GET"]}}],"collection":[{"href":"https:\/\/boreait.com\/hr\/wp-json\/wp\/v2\/product"}],"about":[{"href":"https:\/\/boreait.com\/hr\/wp-json\/wp\/v2\/types\/product"}],"wp:featuredmedia":[{"embeddable":true,"href":"https:\/\/boreait.com\/hr\/wp-json\/wp\/v2\/media\/24404"}],"wp:attachment":[{"href":"https:\/\/boreait.com\/hr\/wp-json\/wp\/v2\/media?parent=24350"}],"wp:term":[{"taxonomy":"product_brand","embeddable":true,"href":"https:\/\/boreait.com\/hr\/wp-json\/wp\/v2\/product_brand?post=24350"},{"taxonomy":"product_cat","embeddable":true,"href":"https:\/\/boreait.com\/hr\/wp-json\/wp\/v2\/product_cat?post=24350"},{"taxonomy":"product_tag","embeddable":true,"href":"https:\/\/boreait.com\/hr\/wp-json\/wp\/v2\/product_tag?post=24350"}],"curies":[{"name":"wp","href":"https:\/\/api.w.org\/{rel}","templated":true}]}}