{"id":24330,"date":"2025-07-25T12:23:16","date_gmt":"2025-07-25T12:23:16","guid":{"rendered":"https:\/\/boreait.com\/hr\/?post_type=product&#038;p=24330"},"modified":"2025-07-25T12:24:33","modified_gmt":"2025-07-25T12:24:33","slug":"kutna-prednja-desna-guma-za-dell-latitude-12-rugged-extreme-7204","status":"publish","type":"product","link":"https:\/\/boreait.com\/hr\/product\/kutna-prednja-desna-guma-za-dell-latitude-12-rugged-extreme-7204\/","title":{"rendered":"Kutna prednja desna guma za Dell Latitude 12 Rugged Extreme 7204"},"content":{"rendered":"<p>Za\u0161titite i oja\u010dajte svoj Dell Latitude 12 Rugged Extreme 7204 kutnom prednjom desnom gumom. Ovaj originalni Dell zamjenski dio, dizajniran za izdr\u017eljivost i kompatibilnost, osigurava jednostavnu instalaciju i pouzdan rad.<\/p>\n<p>Klju\u010dne zna\u010dajke:<\/p>\n<p>&#8211; Originalna Dell zamjena: Osigurajte kompatibilnost i pouzdanost s autenti\u010dnim zamjenskim dijelom.<\/p>\n<p>&#8211; Jednostavna instalacija: nadogradite svoj ure\u0111aj bez napora jednostavnom instalacijom.<\/p>\n<p>&#8211; Izdr\u017eljivi gumeni materijal: Dizajniran da izdr\u017ei te\u0161ke uvjete, pru\u017eaju\u0107i pobolj\u0161anu za\u0161titu.<\/p>\n<p>&#8211; Savr\u0161eno pristaje: Izra\u0111eno posebno za Dell Latitude 12 Rugged Extreme 7204 za besprijekornu integraciju.<\/p>\n<p>Nadogradite svoj Dell Latitude 12 Rugged Extreme 7204 danas s originalnom kutnom prednjom desnom gumom. Kupujte s povjerenjem, znaju\u0107i da ula\u017eete u kvalitetan zamjenski dio za svoj ure\u0111aj. Ako imate bilo kakvih pitanja ili trebate pomo\u0107, slobodno nas kontaktirajte. Ovdje smo da vam pomognemo pove\u0107ati izdr\u017eljivost va\u0161eg ure\u0111aja.<\/p>\n","protected":false},"excerpt":{"rendered":"<p>Pove\u0107ajte izdr\u017eljivost svog Dell Latitude 12 Rugged Extreme 7204 s ovom kutnom prednjom desnom gumom. Originalni Dell zamjenski dio dizajniran za jednostavnu instalaciju. Za\u0161titite svoj ure\u0111aj kvalitetnim gumenim komponentama.<\/p>\n","protected":false},"featured_media":24396,"template":"","meta":[],"product_brand":[],"product_cat":[51],"product_tag":[52],"class_list":{"0":"post-24330","1":"product","2":"type-product","3":"status-publish","4":"has-post-thumbnail","6":"product_cat-laptop-housing","7":"product_tag-dell","9":"first","10":"instock","11":"taxable","12":"shipping-taxable","13":"purchasable","14":"product-type-simple"},"_links":{"self":[{"href":"https:\/\/boreait.com\/hr\/wp-json\/wp\/v2\/product\/24330","targetHints":{"allow":["GET"]}}],"collection":[{"href":"https:\/\/boreait.com\/hr\/wp-json\/wp\/v2\/product"}],"about":[{"href":"https:\/\/boreait.com\/hr\/wp-json\/wp\/v2\/types\/product"}],"wp:featuredmedia":[{"embeddable":true,"href":"https:\/\/boreait.com\/hr\/wp-json\/wp\/v2\/media\/24396"}],"wp:attachment":[{"href":"https:\/\/boreait.com\/hr\/wp-json\/wp\/v2\/media?parent=24330"}],"wp:term":[{"taxonomy":"product_brand","embeddable":true,"href":"https:\/\/boreait.com\/hr\/wp-json\/wp\/v2\/product_brand?post=24330"},{"taxonomy":"product_cat","embeddable":true,"href":"https:\/\/boreait.com\/hr\/wp-json\/wp\/v2\/product_cat?post=24330"},{"taxonomy":"product_tag","embeddable":true,"href":"https:\/\/boreait.com\/hr\/wp-json\/wp\/v2\/product_tag?post=24330"}],"curies":[{"name":"wp","href":"https:\/\/api.w.org\/{rel}","templated":true}]}}