{"id":24322,"date":"2025-07-25T12:23:15","date_gmt":"2025-07-25T12:23:15","guid":{"rendered":"https:\/\/boreait.com\/hr\/?post_type=product&#038;p=24322"},"modified":"2025-07-25T12:24:21","modified_gmt":"2025-07-25T12:24:21","slug":"originalna-dell-latitude-7204-robusna-audio-sim-ploca-01nj41-testirana","status":"publish","type":"product","link":"https:\/\/boreait.com\/hr\/product\/originalna-dell-latitude-7204-robusna-audio-sim-ploca-01nj41-testirana\/","title":{"rendered":"Originalna Dell Latitude 7204 robusna audio SIM plo\u010da 01NJ41 testirana"},"content":{"rendered":"<p>Pobolj\u0161ajte audio mogu\u0107nosti va\u0161eg prijenosnog ra\u010dunala Dell Latitude 7204 Rugged s originalnom Audio SIM plo\u010dom, broj dijela 1NJ41 \/ 01NJ41. Testiran, ovaj autenti\u010dni zamjenski dio osigurava pouzdan rad i kompatibilnost.<\/p>\n<p>Klju\u010dne zna\u010dajke:<\/p>\n<p>&#8211; Originalna Dell zamjena: Osigurajte kompatibilnost i pouzdanost s autenti\u010dnim zamjenskim dijelom.<\/p>\n<p>&#8211; Pobolj\u0161ana audio izvedba: Do\u017eivite pobolj\u0161anu kvalitetu zvuka i funkcionalnost za svoj ure\u0111aj.<\/p>\n<p>&#8211; Jednostavna instalacija: Nadogradite zvuk svog ure\u0111aja bez napora jednostavnom instalacijom.<\/p>\n<p>Nadogradite svoje prijenosno ra\u010dunalo Dell Latitude 7204 Rugged danas originalnom Audio SIM plo\u010dom. Kupujte s povjerenjem, znaju\u0107i da ula\u017eete u kvalitetan zamjenski dio za svoj ure\u0111aj. Ako imate bilo kakvih pitanja ili trebate pomo\u0107, slobodno nas kontaktirajte. Ovdje smo da vam pomognemo pobolj\u0161ati audio iskustvo va\u0161eg ure\u0111aja.<\/p>\n","protected":false},"excerpt":{"rendered":"<p>Nadogradite audio mogu\u0107nosti svog Dell Latitude 7204 Rugged s ovom originalnom Audio SIM plo\u010dom. Pobolj\u0161ajte audio performanse svog ure\u0111aja danas!<\/p>\n","protected":false},"featured_media":24375,"template":"","meta":[],"product_brand":[],"product_cat":[62],"product_tag":[52],"class_list":{"0":"post-24322","1":"product","2":"type-product","3":"status-publish","4":"has-post-thumbnail","6":"product_cat-motherboards-board-parts","7":"product_tag-dell","9":"first","10":"instock","11":"taxable","12":"shipping-taxable","13":"purchasable","14":"product-type-simple"},"_links":{"self":[{"href":"https:\/\/boreait.com\/hr\/wp-json\/wp\/v2\/product\/24322","targetHints":{"allow":["GET"]}}],"collection":[{"href":"https:\/\/boreait.com\/hr\/wp-json\/wp\/v2\/product"}],"about":[{"href":"https:\/\/boreait.com\/hr\/wp-json\/wp\/v2\/types\/product"}],"wp:featuredmedia":[{"embeddable":true,"href":"https:\/\/boreait.com\/hr\/wp-json\/wp\/v2\/media\/24375"}],"wp:attachment":[{"href":"https:\/\/boreait.com\/hr\/wp-json\/wp\/v2\/media?parent=24322"}],"wp:term":[{"taxonomy":"product_brand","embeddable":true,"href":"https:\/\/boreait.com\/hr\/wp-json\/wp\/v2\/product_brand?post=24322"},{"taxonomy":"product_cat","embeddable":true,"href":"https:\/\/boreait.com\/hr\/wp-json\/wp\/v2\/product_cat?post=24322"},{"taxonomy":"product_tag","embeddable":true,"href":"https:\/\/boreait.com\/hr\/wp-json\/wp\/v2\/product_tag?post=24322"}],"curies":[{"name":"wp","href":"https:\/\/api.w.org\/{rel}","templated":true}]}}