{"id":24320,"date":"2025-07-25T12:23:15","date_gmt":"2025-07-25T12:23:15","guid":{"rendered":"https:\/\/boreait.com\/hr\/?post_type=product&#038;p=24320"},"modified":"2025-07-25T12:24:18","modified_gmt":"2025-07-25T12:24:18","slug":"oem-dell-latitude-rugged-extreme-12-7204-c_storage_c-flex-cable-0801-2gy4000","status":"publish","type":"product","link":"https:\/\/boreait.com\/hr\/product\/oem-dell-latitude-rugged-extreme-12-7204-c_storage_c-flex-cable-0801-2gy4000\/","title":{"rendered":"OEM DELL LATITUDE RUGGED EXTREME 12 7204 C_STORAGE_C FLEX CABLE 0801-2GY4000"},"content":{"rendered":"<p>Pove\u0107ajte kapacitet pohrane svog prijenosnog ra\u010dunala Dell Latitude Rugged Extreme 12 7204 s originalnim C_STORAGE_C Flex kabelom, broj dijela 0801-2GY4000. Izra\u0111en za izdr\u017eljivost i kompatibilnost, ovaj autenti\u010dni zamjenski dio osigurava pouzdan rad i jednostavnu instalaciju.<\/p>\n<p>Klju\u010dne zna\u010dajke:<\/p>\n<p>&#8211; Originalna Dell zamjena: Osigurajte kompatibilnost i pouzdanost s autenti\u010dnim zamjenskim dijelom.<\/p>\n<p>&#8211; Jednostavna instalacija: Nadogradite pohranu svog ure\u0111aja bez napora jednostavnom instalacijom.<\/p>\n<p>&#8211; Pobolj\u0161ani kapacitet pohrane: Pove\u0107ajte kapacitet pohrane prijenosnog ra\u010dunala za pobolj\u0161anu funkcionalnost.<\/p>\n<p>&#8211; Izdr\u017eljiva konstrukcija: Napravljena da izdr\u017ei robusnu upotrebu, osiguravaju\u0107i dugovje\u010dnost i pouzdanost.<\/p>\n<p>Nadogradite svoje prijenosno ra\u010dunalo Dell Latitude Rugged Extreme 12 7204 danas s originalnim C_STORAGE_C Flex kabelom. Kupujte s povjerenjem, znaju\u0107i da ula\u017eete u kvalitetan zamjenski dio za svoj ure\u0111aj. Ako imate bilo kakvih pitanja ili trebate pomo\u0107, slobodno nas kontaktirajte. Ovdje smo da vam pomognemo pobolj\u0161ati funkcionalnost va\u0161eg ure\u0111aja.<\/p>\n","protected":false},"excerpt":{"rendered":"<p>Nadogradite pohranu svog Dell Latitude Rugged Extreme 12 7204 s ovim originalnim C_STORAGE_C Flex kabelom. Jednostavan za instalaciju i kompatibilan s brojem dijela 0801-2GY4000. Pove\u0107ajte kapacitet pohrane svog ure\u0111aja danas!<\/p>\n","protected":false},"featured_media":24371,"template":"","meta":[],"product_brand":[],"product_cat":[62],"product_tag":[52],"class_list":{"0":"post-24320","1":"product","2":"type-product","3":"status-publish","4":"has-post-thumbnail","6":"product_cat-motherboards-board-parts","7":"product_tag-dell","9":"first","10":"instock","11":"taxable","12":"shipping-taxable","13":"purchasable","14":"product-type-simple"},"_links":{"self":[{"href":"https:\/\/boreait.com\/hr\/wp-json\/wp\/v2\/product\/24320","targetHints":{"allow":["GET"]}}],"collection":[{"href":"https:\/\/boreait.com\/hr\/wp-json\/wp\/v2\/product"}],"about":[{"href":"https:\/\/boreait.com\/hr\/wp-json\/wp\/v2\/types\/product"}],"wp:featuredmedia":[{"embeddable":true,"href":"https:\/\/boreait.com\/hr\/wp-json\/wp\/v2\/media\/24371"}],"wp:attachment":[{"href":"https:\/\/boreait.com\/hr\/wp-json\/wp\/v2\/media?parent=24320"}],"wp:term":[{"taxonomy":"product_brand","embeddable":true,"href":"https:\/\/boreait.com\/hr\/wp-json\/wp\/v2\/product_brand?post=24320"},{"taxonomy":"product_cat","embeddable":true,"href":"https:\/\/boreait.com\/hr\/wp-json\/wp\/v2\/product_cat?post=24320"},{"taxonomy":"product_tag","embeddable":true,"href":"https:\/\/boreait.com\/hr\/wp-json\/wp\/v2\/product_tag?post=24320"}],"curies":[{"name":"wp","href":"https:\/\/api.w.org\/{rel}","templated":true}]}}