{"id":24298,"date":"2025-07-25T12:22:54","date_gmt":"2025-07-25T12:22:54","guid":{"rendered":"https:\/\/boreait.com\/hr\/?post_type=product&#038;p=24298"},"modified":"2025-07-25T12:24:02","modified_gmt":"2025-07-25T12:24:02","slug":"originalni-dell-latitude-7214-cvrsti-tvrdi-disk-caddy-13nj-1ca-0f11-tha01","status":"publish","type":"product","link":"https:\/\/boreait.com\/hr\/product\/originalni-dell-latitude-7214-cvrsti-tvrdi-disk-caddy-13nj-1ca-0f11-tha01\/","title":{"rendered":"Originalni Dell Latitude 7214 \u010dvrsti tvrdi disk Caddy 13nj-1ca-0f11 Tha01"},"content":{"rendered":"<p>Pove\u0107ajte kapacitet pohrane va\u0161eg prijenosnog ra\u010dunala Dell Latitude 7214 Rugged s originalnim Hard Drive Caddyjem, broj dijela 13nj-1ca-0f11 Tha01. Izra\u0111en za izdr\u017eljivost i kompatibilnost, ovaj autenti\u010dni zamjenski dio osigurava pouzdan rad i jednostavnu instalaciju.<\/p>\n<p>Klju\u010dne zna\u010dajke:<\/p>\n<p>&#8211; Originalna Dell zamjena: Osigurajte kompatibilnost i pouzdanost s autenti\u010dnim zamjenskim dijelom.<\/p>\n<p>&#8211; Jednostavna instalacija: Nadogradite pohranu svog ure\u0111aja bez napora jednostavnom instalacijom.<\/p>\n<p>&#8211; Pobolj\u0161ani kapacitet pohrane: Pove\u0107ajte kapacitet pohrane prijenosnog ra\u010dunala za pobolj\u0161anu funkcionalnost.<\/p>\n<p>&#8211; Izdr\u017eljiva konstrukcija: Napravljena da izdr\u017ei robusnu upotrebu, osiguravaju\u0107i dugovje\u010dnost i pouzdanost.<\/p>\n<p>Nadogradite svoje prijenosno ra\u010dunalo Dell Latitude 7214 Rugged danas s originalnim nosa\u010dem tvrdog diska. Kupujte s povjerenjem, znaju\u0107i da ula\u017eete u kvalitetan zamjenski dio za svoj ure\u0111aj. Ako imate bilo kakvih pitanja ili trebate pomo\u0107, slobodno nas kontaktirajte. Ovdje smo da vam pomognemo pobolj\u0161ati funkcionalnost va\u0161eg ure\u0111aja.<\/p>\n","protected":false},"excerpt":{"rendered":"<p>Nadogradite pohranu svog Dell Latitude 7214 Rugged ovim originalnim tvrdim diskom. Jednostavan za instalaciju i kompatibilan s brojem dijela 13nj-1ca-0f11 Tha01. Nadogradite kapacitet pohrane svog ure\u0111aja danas!<\/p>\n","protected":false},"featured_media":24359,"template":"","meta":[],"product_brand":[],"product_cat":[51],"product_tag":[52],"class_list":{"0":"post-24298","1":"product","2":"type-product","3":"status-publish","4":"has-post-thumbnail","6":"product_cat-laptop-housing","7":"product_tag-dell","9":"first","10":"instock","11":"taxable","12":"shipping-taxable","13":"purchasable","14":"product-type-simple"},"_links":{"self":[{"href":"https:\/\/boreait.com\/hr\/wp-json\/wp\/v2\/product\/24298","targetHints":{"allow":["GET"]}}],"collection":[{"href":"https:\/\/boreait.com\/hr\/wp-json\/wp\/v2\/product"}],"about":[{"href":"https:\/\/boreait.com\/hr\/wp-json\/wp\/v2\/types\/product"}],"wp:featuredmedia":[{"embeddable":true,"href":"https:\/\/boreait.com\/hr\/wp-json\/wp\/v2\/media\/24359"}],"wp:attachment":[{"href":"https:\/\/boreait.com\/hr\/wp-json\/wp\/v2\/media?parent=24298"}],"wp:term":[{"taxonomy":"product_brand","embeddable":true,"href":"https:\/\/boreait.com\/hr\/wp-json\/wp\/v2\/product_brand?post=24298"},{"taxonomy":"product_cat","embeddable":true,"href":"https:\/\/boreait.com\/hr\/wp-json\/wp\/v2\/product_cat?post=24298"},{"taxonomy":"product_tag","embeddable":true,"href":"https:\/\/boreait.com\/hr\/wp-json\/wp\/v2\/product_tag?post=24298"}],"curies":[{"name":"wp","href":"https:\/\/api.w.org\/{rel}","templated":true}]}}