{"id":24292,"date":"2025-07-25T12:22:54","date_gmt":"2025-07-25T12:22:54","guid":{"rendered":"https:\/\/boreait.com\/hr\/?post_type=product&#038;p=24292"},"modified":"2025-07-25T12:23:35","modified_gmt":"2025-07-25T12:23:35","slug":"dell-oem-latitude-12-rugged-touchpad-oslonac-za-ruku-40m4v-040m4v","status":"publish","type":"product","link":"https:\/\/boreait.com\/hr\/product\/dell-oem-latitude-12-rugged-touchpad-oslonac-za-ruku-40m4v-040m4v\/","title":{"rendered":"Dell OEM Latitude 12 Rugged Touchpad Oslonac za ruku 40M4V 040M4V"},"content":{"rendered":"<p>Unaprijedite funkcionalnost i izgled svog Dell Latitude 12 Rugged s novim OEM osloncem za ruku s dodirnom plo\u010dom 40M4V. Izra\u0111en s precizno\u0161\u0107u i dizajniran posebno za va\u0161 ure\u0111aj, ovaj originalni zamjenski dio osigurava besprijekornu integraciju i optimalnu izvedbu.<\/p>\n<p>Klju\u010dne zna\u010dajke:<\/p>\n<ul>\n<li>Originalna Dell zamjena: Osigurajte kompatibilnost i pouzdanost s autenti\u010dnim OEM zamjenskim dijelom.<\/li>\n<li>Jednostavna instalacija: nadogradite svoj ure\u0111aj bez napora jednostavnom instalacijom, bez potrebe za stru\u010dnom pomo\u0107i.<\/li>\n<li>Pobolj\u0161ana funkcionalnost: u\u017eivajte u pobolj\u0161anoj navigaciji i kontroli s integriranom dodirnom podlogom.<\/li>\n<li>Pobolj\u0161ana estetika: Pobolj\u0161ajte izgled svog Dell Latitude 12 Rugged s ovim elegantnim osloncem za dlanove podloge osjetljive na dodir.<\/li>\n<\/ul>\n<p>Nadogradite svoj Dell Latitude 12 Rugged danas s novim OEM osloncem za ruku s dodirnom plo\u010dom 40M4V. Kupujte s povjerenjem, znaju\u0107i da ula\u017eete u kvalitetan zamjenski dio za svoj ure\u0111aj. Ako imate bilo kakvih pitanja ili trebate dodatnu pomo\u0107, slobodno nas kontaktirajte. Ovdje smo da vam pomognemo pobolj\u0161ati funkcionalnost i estetiku va\u0161eg ure\u0111aja.<\/p>\n","protected":false},"excerpt":{"rendered":"<p>Nadogradite svoj Dell Latitude 12 Rugged ovim novim OEM osloncem za ruku s dodirnom plo\u010dom 40M4V. Pobolj\u0161ajte funkcionalnost i estetiku svog ure\u0111aja bez napora!<\/p>\n","protected":false},"featured_media":24340,"template":"","meta":[],"product_brand":[],"product_cat":[51],"product_tag":[52],"class_list":{"0":"post-24292","1":"product","2":"type-product","3":"status-publish","4":"has-post-thumbnail","6":"product_cat-laptop-housing","7":"product_tag-dell","9":"first","10":"instock","11":"taxable","12":"shipping-taxable","13":"purchasable","14":"product-type-simple"},"_links":{"self":[{"href":"https:\/\/boreait.com\/hr\/wp-json\/wp\/v2\/product\/24292","targetHints":{"allow":["GET"]}}],"collection":[{"href":"https:\/\/boreait.com\/hr\/wp-json\/wp\/v2\/product"}],"about":[{"href":"https:\/\/boreait.com\/hr\/wp-json\/wp\/v2\/types\/product"}],"wp:featuredmedia":[{"embeddable":true,"href":"https:\/\/boreait.com\/hr\/wp-json\/wp\/v2\/media\/24340"}],"wp:attachment":[{"href":"https:\/\/boreait.com\/hr\/wp-json\/wp\/v2\/media?parent=24292"}],"wp:term":[{"taxonomy":"product_brand","embeddable":true,"href":"https:\/\/boreait.com\/hr\/wp-json\/wp\/v2\/product_brand?post=24292"},{"taxonomy":"product_cat","embeddable":true,"href":"https:\/\/boreait.com\/hr\/wp-json\/wp\/v2\/product_cat?post=24292"},{"taxonomy":"product_tag","embeddable":true,"href":"https:\/\/boreait.com\/hr\/wp-json\/wp\/v2\/product_tag?post=24292"}],"curies":[{"name":"wp","href":"https:\/\/api.w.org\/{rel}","templated":true}]}}