{"id":24290,"date":"2025-07-25T12:22:53","date_gmt":"2025-07-25T12:22:53","guid":{"rendered":"https:\/\/boreait.com\/hr\/?post_type=product&#038;p=24290"},"modified":"2026-01-27T09:53:44","modified_gmt":"2026-01-27T09:53:44","slug":"originalni-hp-compaq-nx9420-8710w-usb-kabel-ial80-dc02000c600","status":"publish","type":"product","link":"https:\/\/boreait.com\/hr\/product\/originalni-hp-compaq-nx9420-8710w-usb-kabel-ial80-dc02000c600\/","title":{"rendered":"Originalni HP Compaq NX9420 8710W USB kabel IAL80 DC02000C600"},"content":{"rendered":"<p>Pobolj\u0161ajte povezivost svog prijenosnog ra\u010dunala HP Compaq NX9420 ili 8710W s originalnim USB kabelom IAL80 DC02000C600. Izra\u0111en imaju\u0107i na umu preciznost i pouzdanost, ovaj autenti\u010dni zamjenski dio osigurava besprijekornu povezanost va\u0161eg ure\u0111aja.<\/p>\n<p>Klju\u010dne zna\u010dajke:<\/p>\n<ul>\n<li>Originalna HP zamjena: Osigurajte kompatibilnost i pouzdanost s autenti\u010dnim zamjenskim dijelom.<\/li>\n<li>Jednostavna instalacija: nadogradite povezivost prijenosnog ra\u010dunala bez napora jednostavnom instalacijom, bez potrebe za stru\u010dnom pomo\u0107i.<\/li>\n<li>Pobolj\u0161ana povezivost: u\u017eivajte u pouzdanoj USB povezivosti za svoje prijenosno ra\u010dunalo HP Compaq NX9420 ili 8710W.<\/li>\n<li>Kompatibilni modeli: Dizajnirani posebno za kori\u0161tenje s modelima HP Compaq NX9420 i 8710W.<\/li>\n<\/ul>\n<p>Nadogradite svoje prijenosno ra\u010dunalo HP Compaq NX9420 ili 8710W danas s originalnim USB kabelom IAL80 DC02000C600. Kupujte s povjerenjem, znaju\u0107i da ula\u017eete u kvalitetan zamjenski dio za svoje prijenosno ra\u010dunalo. Ako imate bilo kakvih pitanja ili trebate dodatnu pomo\u0107, slobodno nas kontaktirajte. Ovdje smo da vam pomognemo pobolj\u0161ati povezivost va\u0161eg ure\u0111aja.<\/p>\n","protected":false},"excerpt":{"rendered":"<p>Nadogradite svoj HP Compaq NX9420 ili 8710W ovim originalnim USB kabelom IAL80 DC02000C600. Savr\u0161eno za zamjenu o\u0161te\u0107enog ili neispravnog kabela. Pobolj\u0161ajte povezivost svog prijenosnog ra\u010dunala danas!<\/p>\n","protected":false},"featured_media":24337,"template":"","meta":[],"product_brand":[],"product_cat":[55],"product_tag":[60],"class_list":{"0":"post-24290","1":"product","2":"type-product","3":"status-publish","4":"has-post-thumbnail","6":"product_cat-cables","7":"product_tag-hp","9":"first","10":"instock","11":"taxable","12":"shipping-taxable","13":"purchasable","14":"product-type-simple"},"_links":{"self":[{"href":"https:\/\/boreait.com\/hr\/wp-json\/wp\/v2\/product\/24290","targetHints":{"allow":["GET"]}}],"collection":[{"href":"https:\/\/boreait.com\/hr\/wp-json\/wp\/v2\/product"}],"about":[{"href":"https:\/\/boreait.com\/hr\/wp-json\/wp\/v2\/types\/product"}],"wp:featuredmedia":[{"embeddable":true,"href":"https:\/\/boreait.com\/hr\/wp-json\/wp\/v2\/media\/24337"}],"wp:attachment":[{"href":"https:\/\/boreait.com\/hr\/wp-json\/wp\/v2\/media?parent=24290"}],"wp:term":[{"taxonomy":"product_brand","embeddable":true,"href":"https:\/\/boreait.com\/hr\/wp-json\/wp\/v2\/product_brand?post=24290"},{"taxonomy":"product_cat","embeddable":true,"href":"https:\/\/boreait.com\/hr\/wp-json\/wp\/v2\/product_cat?post=24290"},{"taxonomy":"product_tag","embeddable":true,"href":"https:\/\/boreait.com\/hr\/wp-json\/wp\/v2\/product_tag?post=24290"}],"curies":[{"name":"wp","href":"https:\/\/api.w.org\/{rel}","templated":true}]}}