{"id":24289,"date":"2025-07-25T12:22:53","date_gmt":"2025-07-25T12:22:53","guid":{"rendered":"https:\/\/boreait.com\/hr\/?post_type=product&#038;p=24289"},"modified":"2026-01-27T09:53:29","modified_gmt":"2026-01-27T09:53:29","slug":"zamjenski-lcd-kabel-za-lenovo-ideapad-s145-14iwl-14ast-15i4w-dc0200900","status":"publish","type":"product","link":"https:\/\/boreait.com\/hr\/product\/zamjenski-lcd-kabel-za-lenovo-ideapad-s145-14iwl-14ast-15i4w-dc0200900\/","title":{"rendered":"Zamjenski LCD kabel za LENOVO IdeaPad S145-14iwl-14AST-15I4W DC0200900"},"content":{"rendered":"<p>Pobolj\u0161ajte povezivost zaslona va\u0161eg prijenosnog ra\u010dunala LENOVO IdeaPad S145 s LCD kabelom, model DC0200900. Izra\u0111en imaju\u0107i na umu preciznost i kompatibilnost, ovaj zamjenski kabel osigurava besprijekorne performanse za zaslon va\u0161eg prijenosnog ra\u010dunala.<\/p>\n<p>Klju\u010dne zna\u010dajke:<\/p>\n<ul>\n<li>Kompatibilnost: Dizajnirano za modele LENOVO IdeaPad S145 S145-14iwl, 14AST i 15I4W.<\/li>\n<li>Pouzdana veza: osigurajte besprijekornu povezanost zaslona za nesmetan rad.<\/li>\n<li>Jednostavna instalacija: Jednostavnom instalacijom nadogradite povezivost zaslona prijenosnog ra\u010dunala.<\/li>\n<li>Jamstvo kvalitete: Budite uvjereni uz visokokvalitetni zamjenski kabel dizajniran za pouzdanost i dugovje\u010dnost.<\/li>\n<\/ul>\n<p>Nadogradite svoje prijenosno ra\u010dunalo LENOVO IdeaPad S145 danas pomo\u0107u LCD kabela. Kupujte s povjerenjem, znaju\u0107i da ula\u017eete u kvalitetan zamjenski dio za svoj ure\u0111aj. Ako imate bilo kakvih pitanja ili trebate dodatnu pomo\u0107, slobodno nas kontaktirajte. Ovdje smo da vam pomognemo pobolj\u0161ati performanse i funkcionalnost va\u0161eg prijenosnog ra\u010dunala.<\/p>\n","protected":false},"excerpt":{"rendered":"<p>Nadogradite svoj LENOVO IdeaPad S145 ovim LCD kabelom. Kompatibilan s modelima S145-14iwl, 14AST i 15I4W. Osigurajte besprijekornu povezanost zaslona i performanse.<\/p>\n","protected":false},"featured_media":24336,"template":"","meta":[],"product_brand":[],"product_cat":[55],"product_tag":[61],"class_list":{"0":"post-24289","1":"product","2":"type-product","3":"status-publish","4":"has-post-thumbnail","6":"product_cat-cables","7":"product_tag-lenovo","9":"first","10":"instock","11":"taxable","12":"shipping-taxable","13":"purchasable","14":"product-type-simple"},"_links":{"self":[{"href":"https:\/\/boreait.com\/hr\/wp-json\/wp\/v2\/product\/24289","targetHints":{"allow":["GET"]}}],"collection":[{"href":"https:\/\/boreait.com\/hr\/wp-json\/wp\/v2\/product"}],"about":[{"href":"https:\/\/boreait.com\/hr\/wp-json\/wp\/v2\/types\/product"}],"wp:featuredmedia":[{"embeddable":true,"href":"https:\/\/boreait.com\/hr\/wp-json\/wp\/v2\/media\/24336"}],"wp:attachment":[{"href":"https:\/\/boreait.com\/hr\/wp-json\/wp\/v2\/media?parent=24289"}],"wp:term":[{"taxonomy":"product_brand","embeddable":true,"href":"https:\/\/boreait.com\/hr\/wp-json\/wp\/v2\/product_brand?post=24289"},{"taxonomy":"product_cat","embeddable":true,"href":"https:\/\/boreait.com\/hr\/wp-json\/wp\/v2\/product_cat?post=24289"},{"taxonomy":"product_tag","embeddable":true,"href":"https:\/\/boreait.com\/hr\/wp-json\/wp\/v2\/product_tag?post=24289"}],"curies":[{"name":"wp","href":"https:\/\/api.w.org\/{rel}","templated":true}]}}