{"id":24258,"date":"2025-07-25T12:22:29","date_gmt":"2025-07-25T12:22:29","guid":{"rendered":"https:\/\/boreait.com\/hr\/?post_type=product&#038;p=24258"},"modified":"2026-01-27T09:46:46","modified_gmt":"2026-01-27T09:46:46","slug":"originalna-samsung-2gb-pc2-5300s-memorija-so-dimm-ram-m470t5663cz3-ce6","status":"publish","type":"product","link":"https:\/\/boreait.com\/hr\/product\/originalna-samsung-2gb-pc2-5300s-memorija-so-dimm-ram-m470t5663cz3-ce6\/","title":{"rendered":"Originalna Samsung 2GB PC2-5300S memorija So-DIMM RAM M470T5663CZ3-CE6"},"content":{"rendered":"<p>Pobolj\u0161ajte performanse svog prijenosnog ra\u010dunala s originalnom Samsung 2GB PC2-5300S memorijom So-DIMM RAM, model M470T5663CZ3-CE6. Izra\u0111en s precizno\u0161\u0107u i potpomognut reputacijom tvrtke Samsung za kvalitetu, ovaj memorijski modul dizajniran je za pove\u0107anje memorijskog kapaciteta va\u0161eg prijenosnog ra\u010dunala i ukupne performanse.<\/p>\n<p>Klju\u010dne zna\u010dajke:<\/p>\n<ul>\n<li>Originalna Samsung zamjena: Osigurajte kompatibilnost i pouzdanost s autenti\u010dnim zamjenskim dijelom.<\/li>\n<li>Kapacitet: 2 GB<\/li>\n<li>Vrsta: DDR2<\/li>\n<li>Brzina: PC2-5300S (667MHz)<\/li>\n<li>Model: M470T5663CZ3-CE6<\/li>\n<li>Kompatibilnost: testirano za \u0161irok raspon modela prijenosnih ra\u010dunala<\/li>\n<\/ul>\n<p>Nadogradite performanse svog prijenosnog ra\u010dunala: Do\u017eivite pobolj\u0161ane mogu\u0107nosti multitaskinga i lak\u0161i rad nadogradnjom memorije va\u0161eg prijenosnog ra\u010dunala. Bilo da ste profesionalac koji se bavi zadacima koji zahtijevaju velike resurse ili povremeni korisnik koji tra\u017ei pobolj\u0161anje performansi, ovaj Samsungov memorijski modul je pouzdan izbor.<\/p>\n<p>Jednostavna instalacija: Dizajnirana za jednostavnu instalaciju, nadogradnja memorije prijenosnog ra\u010dunala je bez muke. Pove\u0107ajte brzinu i odziv va\u0161eg ure\u0111aja s ovim DDR2 memorijskim modulom.<\/p>\n<p>Jamstvo kvalitete: Budite mirni znaju\u0107i da ula\u017eete u originalnu Samsung tehnologiju. Svi na\u0161i proizvodi prolaze rigorozna testiranja kako bi zadovoljili standarde visoke kvalitete. Svaka kupnja uklju\u010duje stvarne fotografije to\u010dnih dijelova koje \u0107ete dobiti.<\/p>\n<p>Nadogradite svoje prijenosno ra\u010dunalo danas sa Samsung 2GB PC2-5300S memorijom So-DIMM RAM-om &#8211; pametnom investicijom za pobolj\u0161ane performanse i u\u010dinkovitost. Ako imate pitanja ili trebate pomo\u0107, slobodno nam po\u0161aljite poruku. Ovdje smo da vam pomognemo pobolj\u0161ati va\u0161e iskustvo rada s ra\u010dunalom.<\/p>\n","protected":false},"excerpt":{"rendered":"<p>Nadogradite performanse svog prijenosnog ra\u010dunala s ovim originalnim Samsung PC2-5300S memorijom od 2 GB So-DIMM RAM-om. Vjerujte Samsungu za pouzdanost i kompatibilnost. Nadogradite memoriju svog prijenosnog ra\u010dunala danas!<\/p>\n","protected":false},"featured_media":24315,"template":"","meta":[],"product_brand":[],"product_cat":[76,71],"product_tag":[],"class_list":{"0":"post-24258","1":"product","2":"type-product","3":"status-publish","4":"has-post-thumbnail","6":"product_cat-ddr2","7":"product_cat-ram-memory","9":"first","10":"instock","11":"taxable","12":"shipping-taxable","13":"purchasable","14":"product-type-simple"},"_links":{"self":[{"href":"https:\/\/boreait.com\/hr\/wp-json\/wp\/v2\/product\/24258","targetHints":{"allow":["GET"]}}],"collection":[{"href":"https:\/\/boreait.com\/hr\/wp-json\/wp\/v2\/product"}],"about":[{"href":"https:\/\/boreait.com\/hr\/wp-json\/wp\/v2\/types\/product"}],"wp:featuredmedia":[{"embeddable":true,"href":"https:\/\/boreait.com\/hr\/wp-json\/wp\/v2\/media\/24315"}],"wp:attachment":[{"href":"https:\/\/boreait.com\/hr\/wp-json\/wp\/v2\/media?parent=24258"}],"wp:term":[{"taxonomy":"product_brand","embeddable":true,"href":"https:\/\/boreait.com\/hr\/wp-json\/wp\/v2\/product_brand?post=24258"},{"taxonomy":"product_cat","embeddable":true,"href":"https:\/\/boreait.com\/hr\/wp-json\/wp\/v2\/product_cat?post=24258"},{"taxonomy":"product_tag","embeddable":true,"href":"https:\/\/boreait.com\/hr\/wp-json\/wp\/v2\/product_tag?post=24258"}],"curies":[{"name":"wp","href":"https:\/\/api.w.org\/{rel}","templated":true}]}}