{"id":24256,"date":"2025-07-25T12:22:29","date_gmt":"2025-07-25T12:22:29","guid":{"rendered":"https:\/\/boreait.com\/hr\/?post_type=product&#038;p=24256"},"modified":"2025-07-25T12:23:07","modified_gmt":"2025-07-25T12:23:07","slug":"originalni-zamjenski-lcd-11-6-zaslon-osjetljiv-na-dodir-za-prijenosno-racunalo-za-dell-latitude-12-rugged-extreme-7204-gvgpf-0gvgpf-cn-0gvgpf-75hnh-075hnh","status":"publish","type":"product","link":"https:\/\/boreait.com\/hr\/product\/originalni-zamjenski-lcd-11-6-zaslon-osjetljiv-na-dodir-za-prijenosno-racunalo-za-dell-latitude-12-rugged-extreme-7204-gvgpf-0gvgpf-cn-0gvgpf-75hnh-075hnh\/","title":{"rendered":"Originalni zamjenski LCD 11.6 zaslon osjetljiv na dodir za prijenosno ra\u010dunalo za Dell Latitude 12 Rugged Extreme 7204 GVGPF 0GVGPF CN-0GVGPF 75HNH 075HNH"},"content":{"rendered":"<p>Pobolj\u0161ajte iskustvo gledanja svog prijenosnog ra\u010dunala Dell Latitude 12 Rugged Extreme 7204 s originalnim 11,6&#8243; LCD zaslonom osjetljivim na dodir. Dizajniran za isporuku jasnih slika i osjetljivih dodirnih funkcija, ovaj autenti\u010dni zamjenski dio osigurava impresivno ra\u010dunalno iskustvo.<\/p>\n<p>Klju\u010dne zna\u010dajke:<\/p>\n<ul>\n<li>Originalna Dell zamjena: Osigurajte kompatibilnost i pouzdanost s autenti\u010dnim zamjenskim dijelom.<\/li>\n<li>Pobolj\u0161ano iskustvo gledanja: u\u017eivajte u \u017eivim bojama i o\u0161trim detaljima na zaslonu prijenosnog ra\u010dunala.<\/li>\n<li>Funkcionalnost osjetljivog na dodir: komunicirajte sa svojim ure\u0111ajem bez napora koriste\u0107i mogu\u0107nosti dodirnog zaslona.<\/li>\n<li>Kompatibilnost: Dizajnirano posebno za Dell Latitude 12 Rugged Extreme 7204, osiguravaju\u0107i savr\u0161eno pristajanje.<\/li>\n<li>Jednostavna instalacija: Nadogradite zaslon prijenosnog ra\u010dunala s lako\u0107om, bez potrebe za stru\u010dnom pomo\u0107i.<\/li>\n<\/ul>\n<p>Nadogradite svoje prijenosno ra\u010dunalo Dell Latitude 12 Rugged Extreme 7204 danas s originalnim 11,6&#8243; LCD zaslonom osjetljivim na dodir. Kupujte s povjerenjem, znaju\u0107i da ula\u017eete u kvalitetan zamjenski dio za svoje prijenosno ra\u010dunalo. Ako imate bilo kakvih upita ili trebate dodatnu pomo\u0107, slobodno nas kontaktirajte. Ovdje smo da vam pomognemo pobolj\u0161ati va\u0161e iskustvo rada s ra\u010dunalom.<\/p>\n","protected":false},"excerpt":{"rendered":"<p>Unaprijedite zaslon svog Dell Latitude 12 Rugged Extreme 7204 s ovim originalnim 11,6&#8243; LCD zaslonom osjetljivim na dodir. Kompatibilan s brojem dijela GVGPF 0GVGPF CN-0GVGPF 75HNH 075HNH. Nadogradite kvalitetu zaslona svog prijenosnog ra\u010dunala danas!<\/p>\n","protected":false},"featured_media":24313,"template":"","meta":[],"product_brand":[],"product_cat":[98,56],"product_tag":[52],"class_list":{"0":"post-24256","1":"product","2":"type-product","3":"status-publish","4":"has-post-thumbnail","6":"product_cat-11-6","7":"product_cat-laptop-screens-lcd-panels","8":"product_tag-dell","10":"first","11":"instock","12":"taxable","13":"shipping-taxable","14":"purchasable","15":"product-type-simple"},"_links":{"self":[{"href":"https:\/\/boreait.com\/hr\/wp-json\/wp\/v2\/product\/24256","targetHints":{"allow":["GET"]}}],"collection":[{"href":"https:\/\/boreait.com\/hr\/wp-json\/wp\/v2\/product"}],"about":[{"href":"https:\/\/boreait.com\/hr\/wp-json\/wp\/v2\/types\/product"}],"wp:featuredmedia":[{"embeddable":true,"href":"https:\/\/boreait.com\/hr\/wp-json\/wp\/v2\/media\/24313"}],"wp:attachment":[{"href":"https:\/\/boreait.com\/hr\/wp-json\/wp\/v2\/media?parent=24256"}],"wp:term":[{"taxonomy":"product_brand","embeddable":true,"href":"https:\/\/boreait.com\/hr\/wp-json\/wp\/v2\/product_brand?post=24256"},{"taxonomy":"product_cat","embeddable":true,"href":"https:\/\/boreait.com\/hr\/wp-json\/wp\/v2\/product_cat?post=24256"},{"taxonomy":"product_tag","embeddable":true,"href":"https:\/\/boreait.com\/hr\/wp-json\/wp\/v2\/product_tag?post=24256"}],"curies":[{"name":"wp","href":"https:\/\/api.w.org\/{rel}","templated":true}]}}