{"id":24251,"date":"2025-07-25T12:22:28","date_gmt":"2025-07-25T12:22:28","guid":{"rendered":"https:\/\/boreait.com\/hr\/?post_type=product&#038;p=24251"},"modified":"2026-01-27T09:46:18","modified_gmt":"2026-01-27T09:46:18","slug":"originalni-hp-compaq-bluetooth-modul-bcm92045nmd-397922-001-zamjenski-dio-za-prijenosno-racunalo","status":"publish","type":"product","link":"https:\/\/boreait.com\/hr\/product\/originalni-hp-compaq-bluetooth-modul-bcm92045nmd-397922-001-zamjenski-dio-za-prijenosno-racunalo\/","title":{"rendered":"Originalni HP Compaq Bluetooth modul BCM92045NMD 397922-001 &#8211; Zamjenski dio za prijenosno ra\u010dunalo"},"content":{"rendered":"<p>Pobolj\u0161ajte povezivost svog prijenosnog ra\u010dunala HP Compaq s originalnim Bluetooth modulom BCM92045NMD 397922-001. Izra\u0111en imaju\u0107i na umu preciznost i pouzdanost, ovaj autenti\u010dni zamjenski dio osigurava besprijekornu integraciju i pouzdan rad.<\/p>\n<p>Klju\u010dne zna\u010dajke:<\/p>\n<ul>\n<li>Originalna HP zamjena: Osigurajte kompatibilnost i pouzdanost s autenti\u010dnim zamjenskim dijelom.<\/li>\n<li>Jednostavna instalacija: nadogradite svoje prijenosno ra\u010dunalo bez napora jednostavnom instalacijom, bez potrebe za stru\u010dnom pomo\u0107i.<\/li>\n<li>Pobolj\u0161ana povezivost: u\u017eivajte u pobolj\u0161anim mogu\u0107nostima povezivanja uz Bluetooth funkciju.<\/li>\n<li>Kompatibilnost: Dizajniran za besprijekoran rad s razli\u010ditim modelima prijenosnih ra\u010dunala HP Compaq.<\/li>\n<li>Jamstvo kvalitete: Budite uvjereni da ula\u017eete u visokokvalitetan, originalan HP-ov zamjenski dio.<\/li>\n<\/ul>\n<p>Nadogradite svoje HP Compaq prijenosno ra\u010dunalo danas s originalnim Bluetooth modulom BCM92045NMD 397922-001. Kupujte s povjerenjem, znaju\u0107i da ula\u017eete u kvalitetan zamjenski dio za svoje prijenosno ra\u010dunalo. Ako imate bilo kakvih pitanja ili trebate dodatnu pomo\u0107, slobodno nas kontaktirajte. Ovdje smo da vam pomognemo pobolj\u0161ati povezivost va\u0161eg ure\u0111aja.<\/p>\n","protected":false},"excerpt":{"rendered":"<p>Nadogradite svoje HP Compaq prijenosno ra\u010dunalo s ovim originalnim Bluetooth modulom BCM92045NMD 397922-001. Jednostavna instalacija i pouzdan rad \u010dine ga savr\u0161enim zamjenskim dijelom. Pobolj\u0161ajte povezivost svog prijenosnog ra\u010dunala danas!<\/p>\n","protected":false},"featured_media":24304,"template":"","meta":[],"product_brand":[],"product_cat":[62],"product_tag":[60],"class_list":{"0":"post-24251","1":"product","2":"type-product","3":"status-publish","4":"has-post-thumbnail","6":"product_cat-motherboards-board-parts","7":"product_tag-hp","9":"first","10":"instock","11":"taxable","12":"shipping-taxable","13":"purchasable","14":"product-type-simple"},"_links":{"self":[{"href":"https:\/\/boreait.com\/hr\/wp-json\/wp\/v2\/product\/24251","targetHints":{"allow":["GET"]}}],"collection":[{"href":"https:\/\/boreait.com\/hr\/wp-json\/wp\/v2\/product"}],"about":[{"href":"https:\/\/boreait.com\/hr\/wp-json\/wp\/v2\/types\/product"}],"wp:featuredmedia":[{"embeddable":true,"href":"https:\/\/boreait.com\/hr\/wp-json\/wp\/v2\/media\/24304"}],"wp:attachment":[{"href":"https:\/\/boreait.com\/hr\/wp-json\/wp\/v2\/media?parent=24251"}],"wp:term":[{"taxonomy":"product_brand","embeddable":true,"href":"https:\/\/boreait.com\/hr\/wp-json\/wp\/v2\/product_brand?post=24251"},{"taxonomy":"product_cat","embeddable":true,"href":"https:\/\/boreait.com\/hr\/wp-json\/wp\/v2\/product_cat?post=24251"},{"taxonomy":"product_tag","embeddable":true,"href":"https:\/\/boreait.com\/hr\/wp-json\/wp\/v2\/product_tag?post=24251"}],"curies":[{"name":"wp","href":"https:\/\/api.w.org\/{rel}","templated":true}]}}