{"id":24240,"date":"2025-07-25T12:22:28","date_gmt":"2025-07-25T12:22:28","guid":{"rendered":"https:\/\/boreait.com\/hr\/?post_type=product&#038;p=24240"},"modified":"2025-07-25T12:22:39","modified_gmt":"2025-07-25T12:22:39","slug":"originalna-web-kamera-lenovo-thinkpad-e550-e555-e560","status":"publish","type":"product","link":"https:\/\/boreait.com\/hr\/product\/originalna-web-kamera-lenovo-thinkpad-e550-e555-e560\/","title":{"rendered":"Originalna web kamera Lenovo ThinkPad E550 E555 E560"},"content":{"rendered":"<p>Unaprijedite svoj Lenovo ThinkPad E550, E555 ili E560 s originalnom zamjenom za web kameru. Izra\u0111en imaju\u0107i na umu preciznost i kompatibilnost, ovaj autenti\u010dni dio osigurava jasne i pouzdane video pozive i konferencije.<\/p>\n<p>Klju\u010dne zna\u010dajke:<\/p>\n<ul>\n<li>Originalna zamjena za Lenovo: Osigurajte kompatibilnost i pouzdanost s autenti\u010dnim zamjenskim dijelom.<\/li>\n<li>Pobolj\u0161ani videopozivi: Do\u017eivite o\u0161tre i jasne videopozive s ovom web kamerom visoke kvalitete.<\/li>\n<li>Jednostavna instalacija: nadogradite prijenosno ra\u010dunalo bez napora bez stru\u010dne pomo\u0107i.<\/li>\n<li>Kompatibilnost: Dizajnirano posebno za modele ThinkPad E550, E555 i E560 za besprijekornu integraciju.<\/li>\n<\/ul>\n<p>Nadogradite svoje prijenosno ra\u010dunalo ve\u0107 danas originalnom zamjenom za web kameru za Lenovo ThinkPad E550, E555 i E560. Kupujte s povjerenjem, znaju\u0107i da ula\u017eete u kvalitetan zamjenski dio za svoj ure\u0111aj.<\/p>\n","protected":false},"excerpt":{"rendered":"<p>Nadogradite svoj Lenovo ThinkPad E550, E555 ili E560 ovom originalnom web kamerom. Iskusite jasne videopozive i konferencije s ovim pouzdanim zamjenskim dijelom. Jednostavna instalacija za nadogradnju bez muke.<\/p>\n","protected":false},"featured_media":24273,"template":"","meta":[],"product_brand":[],"product_cat":[58],"product_tag":[61],"class_list":{"0":"post-24240","1":"product","2":"type-product","3":"status-publish","4":"has-post-thumbnail","6":"product_cat-laptop-camera","7":"product_tag-lenovo","9":"first","10":"instock","11":"taxable","12":"shipping-taxable","13":"purchasable","14":"product-type-simple"},"_links":{"self":[{"href":"https:\/\/boreait.com\/hr\/wp-json\/wp\/v2\/product\/24240","targetHints":{"allow":["GET"]}}],"collection":[{"href":"https:\/\/boreait.com\/hr\/wp-json\/wp\/v2\/product"}],"about":[{"href":"https:\/\/boreait.com\/hr\/wp-json\/wp\/v2\/types\/product"}],"wp:featuredmedia":[{"embeddable":true,"href":"https:\/\/boreait.com\/hr\/wp-json\/wp\/v2\/media\/24273"}],"wp:attachment":[{"href":"https:\/\/boreait.com\/hr\/wp-json\/wp\/v2\/media?parent=24240"}],"wp:term":[{"taxonomy":"product_brand","embeddable":true,"href":"https:\/\/boreait.com\/hr\/wp-json\/wp\/v2\/product_brand?post=24240"},{"taxonomy":"product_cat","embeddable":true,"href":"https:\/\/boreait.com\/hr\/wp-json\/wp\/v2\/product_cat?post=24240"},{"taxonomy":"product_tag","embeddable":true,"href":"https:\/\/boreait.com\/hr\/wp-json\/wp\/v2\/product_tag?post=24240"}],"curies":[{"name":"wp","href":"https:\/\/api.w.org\/{rel}","templated":true}]}}