{"id":24237,"date":"2025-07-25T12:22:27","date_gmt":"2025-07-25T12:22:27","guid":{"rendered":"https:\/\/boreait.com\/hr\/?post_type=product&#038;p=24237"},"modified":"2025-07-25T12:22:34","modified_gmt":"2025-07-25T12:22:34","slug":"zamjenski-dio-za-originalni-lenovo-thinkpad-e550-e555-e560-e565-00hn43-okvir","status":"publish","type":"product","link":"https:\/\/boreait.com\/hr\/product\/zamjenski-dio-za-originalni-lenovo-thinkpad-e550-e555-e560-e565-00hn43-okvir\/","title":{"rendered":"Zamjenski dio za originalni Lenovo ThinkPad E550 E555 E560 E565 00HN43 okvir"},"content":{"rendered":"<p>Preobrazite svoj ThinkPad E550 s ovim originalnim zamjenskim dijelom za masku. Dizajnirana posebno za model ThinkPad E550 E555 E560 E565 00HN43, ova je maska izra\u0111ena s precizno\u0161\u0107u kako bi osigurala savr\u0161eno pristajanje i besprijekornu integraciju s va\u0161im prijenosnim ra\u010dunalom.<\/p>\n<p>Klju\u010dne zna\u010dajke:<\/p>\n<ul>\n<li>Originalna zamjena za ThinkPad: Osigurajte kompatibilnost i pouzdanost s autenti\u010dnim zamjenskim dijelom.<\/li>\n<li>Jednostavna instalacija: Nadogradite izgled svog prijenosnog ra\u010dunala bez napora jednostavnom instalacijom.<\/li>\n<li>Pobolj\u0161ani izgled: Transformirajte izgled va\u0161eg ThinkPad E550 E555 E560 E565 00HN43 s ovom elegantnom maskom s okvirom.<\/li>\n<li>Dodatna za\u0161tita: Za\u0161titite rubove zaslona i dajte svom prijenosnom ra\u010dunalu dovr\u0161en izgled s ovom izdr\u017eljivom maskom.<\/li>\n<\/ul>\n<p>Imajte na umu da, iako detaljne upute za instalaciju nisu navedene, slobodno se obratite ako imate pitanja ili trebate pomo\u0107. Stvarne fotografije proizvoda u popisu to\u010dno prikazuju ono \u0161to \u0107ete dobiti, odra\u017eavaju\u0107i na\u0161u predanost transparentnosti i zadovoljstvu kupaca.<\/p>\n<p>Nadogradite svoje prijenosno ra\u010dunalo ThinkPad E550 danas s originalnim zamjenskim dijelom za masku. Kupujte s povjerenjem, znaju\u0107i da ula\u017eete u kvalitetan zamjenski dio za svoje prijenosno ra\u010dunalo. Ako imate bilo kakvih pitanja ili trebate dodatnu pomo\u0107, slobodno nas kontaktirajte. Ovdje smo da vam pomognemo pobolj\u0161ati estetiku va\u0161eg ure\u0111aja.<\/p>\n","protected":false},"excerpt":{"rendered":"<p>Pobolj\u0161ajte izgled va\u0161eg ThinkPad E550 E555 E560 E565 00HN43 s ovim originalnim zamjenskim dijelom za masku. Kompatibilan s modelom ThinkPad E550, ovaj poklopac se lako postavlja i va\u0161em \u0107e prijenosnom ra\u010dunalu dati svje\u017e izgled. Nadogradite svoj ure\u0111aj danas!<\/p>\n","protected":false},"featured_media":24267,"template":"","meta":[],"product_brand":[],"product_cat":[51],"product_tag":[61],"class_list":{"0":"post-24237","1":"product","2":"type-product","3":"status-publish","4":"has-post-thumbnail","6":"product_cat-laptop-housing","7":"product_tag-lenovo","9":"first","10":"instock","11":"taxable","12":"shipping-taxable","13":"purchasable","14":"product-type-simple"},"_links":{"self":[{"href":"https:\/\/boreait.com\/hr\/wp-json\/wp\/v2\/product\/24237","targetHints":{"allow":["GET"]}}],"collection":[{"href":"https:\/\/boreait.com\/hr\/wp-json\/wp\/v2\/product"}],"about":[{"href":"https:\/\/boreait.com\/hr\/wp-json\/wp\/v2\/types\/product"}],"wp:featuredmedia":[{"embeddable":true,"href":"https:\/\/boreait.com\/hr\/wp-json\/wp\/v2\/media\/24267"}],"wp:attachment":[{"href":"https:\/\/boreait.com\/hr\/wp-json\/wp\/v2\/media?parent=24237"}],"wp:term":[{"taxonomy":"product_brand","embeddable":true,"href":"https:\/\/boreait.com\/hr\/wp-json\/wp\/v2\/product_brand?post=24237"},{"taxonomy":"product_cat","embeddable":true,"href":"https:\/\/boreait.com\/hr\/wp-json\/wp\/v2\/product_cat?post=24237"},{"taxonomy":"product_tag","embeddable":true,"href":"https:\/\/boreait.com\/hr\/wp-json\/wp\/v2\/product_tag?post=24237"}],"curies":[{"name":"wp","href":"https:\/\/api.w.org\/{rel}","templated":true}]}}