{"id":24176,"date":"2025-07-25T12:21:45","date_gmt":"2025-07-25T12:21:45","guid":{"rendered":"https:\/\/boreait.com\/hr\/?post_type=product&#038;p=24176"},"modified":"2026-01-14T11:46:57","modified_gmt":"2026-01-14T11:46:57","slug":"17-fhd-ips-mat-zaslon-s-30-pinova-bez-zagrada-kompatibilan-s-nv173fhm-n4g-novo","status":"publish","type":"product","link":"https:\/\/boreait.com\/hr\/product\/17-fhd-ips-mat-zaslon-s-30-pinova-bez-zagrada-kompatibilan-s-nv173fhm-n4g-novo\/","title":{"rendered":"17&#8243; FHD IPS Mat zaslon s 30 pinova, bez zagrada, kompatibilan s NV173FHM-N4G Novo"},"content":{"rendered":"<p><strong>Stvarni model: NV173FHM-N49 v8.0<\/strong><\/p>\n<p>Na\u0161 najnoviji 17-in\u010dni Full HD IPS mat zaslon mijenja pravila igre za svakoga tko \u017eeli nadograditi svoj zaslon u ne\u0161to doista izvanredno. Dizajniran da bude u potpunosti kompatibilan s NV173FHM-N4G, ovaj zaslon pru\u017ea zapanjuju\u0107e slike visoke razlu\u010divosti bez ne\u017eeljenog odsjaja, zahvaljuju\u0107i svojoj sofisticiranoj mat zavr\u0161nici. Nepostojanje nosa\u010da i uklju\u010divanje 30-pinskog konektora osigurava glatku, laku instalaciju, omogu\u0107uju\u0107i vam da odmah u\u017eivate u pobolj\u0161anim vizualnim prikazima.<\/p>\n<p><strong>Klju\u010dne zna\u010dajke:<\/strong><\/p>\n<ul>\n<li><strong>Full HD Rezolucija:<\/strong> Uronite u dubinu Full HD (1920&#215;1080) rezolucije za o\u0161tre, detaljne slike koje o\u017eivljavaju va\u0161 sadr\u017eaj, bilo da se radi o igrama, strujanju ili profesionalnom grafi\u010dkom radu.<\/li>\n<li><strong>IPS tehnologija:<\/strong> Iskusite dosljedne, to\u010dne boje iz \u0161irokih kutova gledanja, zahvaljuju\u0107i vrhunskoj IPS tehnologiji. U\u017eivajte u \u017eivopisnim slikama bez izobli\u010denja boja, bez obzira odakle gledate.<\/li>\n<li><strong>Mat zavr\u0161na obrada protiv odsjaja:<\/strong> Recite zbogom ometaju\u0107em odsjaju zaslona s na\u0161om mat zavr\u0161nom obradom. Smanjuje refleksije, \u010dine\u0107i zaslon lak\u0161im za gledanje u svijetlim uvjetima i mek\u0161im za o\u010di tijekom dugih razdoblja.<\/li>\n<li><strong>Besprijekorna kompatibilnost:<\/strong> Posebno dizajniran za kompatibilnost s NV173FHM-N4G, osiguravaju\u0107i savr\u0161eno pristajanje i optimalnu izvedbu, bez potrebe za dodatnim izmjenama ili dr\u017ea\u010dima.<\/li>\n<li><strong>Jednostavna instalacija:<\/strong> Jednostavan dizajn 30-pinskog konektora olak\u0161ava jednostavan postupak postavljanja, omogu\u0107uju\u0107i vam da brzo pobolj\u0161ate mogu\u0107nosti prikaza va\u0161eg ure\u0111aja.<\/li>\n<\/ul>\n<p>Ovaj 17-in\u010dni FHD IPS mat zaslon nije samo nadogradnja; to je transformacija za va\u0161e iskustvo gledanja. Bez obzira jeste li profesionalac kojem je potrebna to\u010dna reprezentacija boja, student s dugim satima istra\u017eivanja ili entuzijast \u017eeljan impresivnog igranja i video iskustava, ovaj zaslon je skrojen da zadovolji va\u0161e potrebe, kombiniraju\u0107i visokokvalitetne slike s udobno\u0161\u0107u tehnologije protiv odsjaja.<\/p>\n","protected":false},"excerpt":{"rendered":"<p>Pobolj\u0161ajte svoje gledanje s na\u0161im 17-in\u010dnim Full HD IPS mat zaslonom, savr\u0161eno kompatibilnim s NV173FHM-N4G. Ovaj zaslon s 30-pinskim priklju\u010dkom bez nosa\u010da nudi o\u0161tre, jasne slike bez odsjaja, \u0161to ga \u010dini idealnim i za posao i za slobodno vrijeme. Nadogradite za vrhunsku jasno\u0107u i udobnost.<\/p>\n","protected":false},"featured_media":23658,"template":"","meta":[],"product_brand":[],"product_cat":[95,94],"product_tag":[],"class_list":{"0":"post-24176","1":"product","2":"type-product","3":"status-publish","4":"has-post-thumbnail","6":"product_cat-17-3","7":"product_cat-new-laptop-screens-lcd-panels","9":"first","10":"instock","11":"taxable","12":"shipping-taxable","13":"purchasable","14":"product-type-simple"},"_links":{"self":[{"href":"https:\/\/boreait.com\/hr\/wp-json\/wp\/v2\/product\/24176","targetHints":{"allow":["GET"]}}],"collection":[{"href":"https:\/\/boreait.com\/hr\/wp-json\/wp\/v2\/product"}],"about":[{"href":"https:\/\/boreait.com\/hr\/wp-json\/wp\/v2\/types\/product"}],"wp:featuredmedia":[{"embeddable":true,"href":"https:\/\/boreait.com\/hr\/wp-json\/wp\/v2\/media\/23658"}],"wp:attachment":[{"href":"https:\/\/boreait.com\/hr\/wp-json\/wp\/v2\/media?parent=24176"}],"wp:term":[{"taxonomy":"product_brand","embeddable":true,"href":"https:\/\/boreait.com\/hr\/wp-json\/wp\/v2\/product_brand?post=24176"},{"taxonomy":"product_cat","embeddable":true,"href":"https:\/\/boreait.com\/hr\/wp-json\/wp\/v2\/product_cat?post=24176"},{"taxonomy":"product_tag","embeddable":true,"href":"https:\/\/boreait.com\/hr\/wp-json\/wp\/v2\/product_tag?post=24176"}],"curies":[{"name":"wp","href":"https:\/\/api.w.org\/{rel}","templated":true}]}}