{"id":24130,"date":"2025-07-25T12:20:59","date_gmt":"2025-07-25T12:20:59","guid":{"rendered":"https:\/\/boreait.com\/hr\/?post_type=product&#038;p=24130"},"modified":"2026-01-27T09:25:54","modified_gmt":"2026-01-27T09:25:54","slug":"originalna-ploca-s-gumbom-za-ukljucivanje-i-kabel-za-prijenosno-racunalo-hp-compaq-nx6325-zamjenski-dio","status":"publish","type":"product","link":"https:\/\/boreait.com\/hr\/product\/originalna-ploca-s-gumbom-za-ukljucivanje-i-kabel-za-prijenosno-racunalo-hp-compaq-nx6325-zamjenski-dio\/","title":{"rendered":"Originalna plo\u010da s gumbom za uklju\u010divanje i kabel za prijenosno ra\u010dunalo HP Compaq NX6325 &#8211; zamjenski dio"},"content":{"rendered":"<p>Pobolj\u0161ajte funkcionalnost i upotrebljivost svog prijenosnog ra\u010dunala HP Compaq NX6325 s originalnom plo\u010dom gumba za uklju\u010divanje &amp; Kabel. Izra\u0111en imaju\u0107i na umu preciznost i pouzdanost, ovaj autenti\u010dni zamjenski dio osigurava besprijekornu kompatibilnost i jednostavnu instalaciju.<\/p>\n<p>Klju\u010dne zna\u010dajke:<\/p>\n<ul>\n<li>Originalna HP zamjena: Osigurajte kompatibilnost i pouzdanost s autenti\u010dnim zamjenskim dijelom.<\/li>\n<li>Jednostavna instalacija: nadogradite funkcionalnost svog prijenosnog ra\u010dunala bez napora jednostavnom instalacijom, bez potrebe za stru\u010dnom pomo\u0107i.<\/li>\n<li>Pobolj\u0161ana funkcionalnost: vratite funkcionalnost gumba za uklju\u010divanje\/isklju\u010divanje va\u0161eg prijenosnog ra\u010dunala HP Compaq NX6325 pomo\u0107u ovog pouzdanog zamjenskog dijela.<\/li>\n<li>Besprijekorna kompatibilnost: Dizajnirano posebno za model HP Compaq NX6325, osigurava savr\u0161eno pristajanje i optimalnu izvedbu.<\/li>\n<\/ul>\n<p>Nadogradite svoje prijenosno ra\u010dunalo HP Compaq NX6325 danas s originalnom plo\u010dom gumba za uklju\u010divanje &amp; Kabel. Kupujte s povjerenjem, znaju\u0107i da ula\u017eete u kvalitetan zamjenski dio za svoje prijenosno ra\u010dunalo. Ako imate bilo kakvih pitanja ili trebate dodatnu pomo\u0107, slobodno nas kontaktirajte. Ovdje smo da vam pomognemo pobolj\u0161ati funkcionalnost va\u0161eg ure\u0111aja.<\/p>\n","protected":false},"excerpt":{"rendered":"<p>Pobolj\u0161ajte funkcionalnost svog prijenosnog ra\u010dunala HP Compaq NX6325 s ovom originalnom plo\u010dom s gumbom za uklju\u010divanje &amp; Kabel. Dizajniran za besprijekornu kompatibilnost i jednostavnu instalaciju. Nadogradite svoje prijenosno ra\u010dunalo bez napora danas!<\/p>\n","protected":false},"featured_media":24193,"template":"","meta":[],"product_brand":[],"product_cat":[62],"product_tag":[60],"class_list":{"0":"post-24130","1":"product","2":"type-product","3":"status-publish","4":"has-post-thumbnail","6":"product_cat-motherboards-board-parts","7":"product_tag-hp","9":"first","10":"instock","11":"taxable","12":"shipping-taxable","13":"purchasable","14":"product-type-simple"},"_links":{"self":[{"href":"https:\/\/boreait.com\/hr\/wp-json\/wp\/v2\/product\/24130","targetHints":{"allow":["GET"]}}],"collection":[{"href":"https:\/\/boreait.com\/hr\/wp-json\/wp\/v2\/product"}],"about":[{"href":"https:\/\/boreait.com\/hr\/wp-json\/wp\/v2\/types\/product"}],"wp:featuredmedia":[{"embeddable":true,"href":"https:\/\/boreait.com\/hr\/wp-json\/wp\/v2\/media\/24193"}],"wp:attachment":[{"href":"https:\/\/boreait.com\/hr\/wp-json\/wp\/v2\/media?parent=24130"}],"wp:term":[{"taxonomy":"product_brand","embeddable":true,"href":"https:\/\/boreait.com\/hr\/wp-json\/wp\/v2\/product_brand?post=24130"},{"taxonomy":"product_cat","embeddable":true,"href":"https:\/\/boreait.com\/hr\/wp-json\/wp\/v2\/product_cat?post=24130"},{"taxonomy":"product_tag","embeddable":true,"href":"https:\/\/boreait.com\/hr\/wp-json\/wp\/v2\/product_tag?post=24130"}],"curies":[{"name":"wp","href":"https:\/\/api.w.org\/{rel}","templated":true}]}}