{"id":24126,"date":"2025-07-25T12:20:58","date_gmt":"2025-07-25T12:20:58","guid":{"rendered":"https:\/\/boreait.com\/hr\/?post_type=product&#038;p=24126"},"modified":"2026-01-27T09:25:38","modified_gmt":"2026-01-27T09:25:38","slug":"hd-hdd-kuciste-za-tvrdi-disk-caddy-za-hp-probook-6465b-6460b-6470b-6475b-6560b-6570b","status":"publish","type":"product","link":"https:\/\/boreait.com\/hr\/product\/hd-hdd-kuciste-za-tvrdi-disk-caddy-za-hp-probook-6465b-6460b-6470b-6475b-6560b-6570b\/","title":{"rendered":"HD HDD ku\u0107i\u0161te za tvrdi disk Caddy za HP PROBOOK 6465B 6460B 6470B 6475B 6560B 6570B"},"content":{"rendered":"<p>Pro\u0161irite kapacitet pohrane va\u0161eg prijenosnog ra\u010dunala HP PROBOOK bez napora s HD HDD Hard Drive Case Caddy. Kompatibilan s modelima 6465B, 6460B, 6470B, 6475B, 6560B i 6570B, ovaj nosa\u010d ku\u0107i\u0161ta omogu\u0107uje vam dodavanje dodatnog tvrdog diska za ve\u0107i prostor za pohranu ili rje\u0161enja za sigurnosno kopiranje.<\/p>\n<p>Klju\u010dne zna\u010dajke:<\/p>\n<ul>\n<li>Kompatibilnost: posebno dizajnirano za HP PROBOOK modele 6465B, 6460B, 6470B, 6475B, 6560B i 6570B, osiguravaju\u0107i besprijekornu integraciju.<\/li>\n<li>Jednostavna instalacija: jednostavan postupak instalacije omogu\u0107uje vam da pro\u0161irite kapacitet pohrane prijenosnog ra\u010dunala bez potrebe za stru\u010dnom pomo\u0107i.<\/li>\n<li>Izrada visoke kvalitete: Izra\u0111ena od izdr\u017eljivih materijala, ova kutija pru\u017ea pouzdanu za\u0161titu za va\u0161 dodatni tvrdi disk.<\/li>\n<li>Pobolj\u0161ana pohrana: dodajte dodatni tvrdi disk svom prijenosnom ra\u010dunalu za ve\u0107i prostor za pohranu ili rje\u0161enja za sigurnosno kopiranje, pobolj\u0161avaju\u0107i va\u0161u produktivnost i sigurnost podataka.<\/li>\n<\/ul>\n<p>Nadogradite svoje HP PROBOOK prijenosno ra\u010dunalo danas s HD HDD Hard Drive Case Caddy. Bilo da vam je potreban dodatni prostor za pohranu datoteka, multimedije ili rje\u0161enja za sigurnosno kopiranje, ova kutija nudi prakti\u010dno i pouzdano rje\u0161enje. Kupujte s povjerenjem, znaju\u0107i da ula\u017eete u kvalitetan dodatak koji pobolj\u0161ava funkcionalnost va\u0161eg prijenosnog ra\u010dunala. Ako imate pitanja ili trebate pomo\u0107, slobodno nas kontaktirajte. Ovdje smo da vam pomognemo da maksimalno iskoristite mogu\u0107nosti pohrane va\u0161eg prijenosnog ra\u010dunala<\/p>\n","protected":false},"excerpt":{"rendered":"<p>Nadogradite kapacitet pohrane prijenosnog ra\u010dunala HP PROBOOK s ovim HD HDD Hard Drive Case Case Caddy. Kompatibilan s modelima 6465B, 6460B, 6470B, 6475B, 6560B i 6570B. Jednostavna instalacija za besprijekorno pro\u0161irenje pohrane va\u0161eg prijenosnog ra\u010dunala.<\/p>\n","protected":false},"featured_media":24187,"template":"","meta":[],"product_brand":[],"product_cat":[62],"product_tag":[60],"class_list":{"0":"post-24126","1":"product","2":"type-product","3":"status-publish","4":"has-post-thumbnail","6":"product_cat-motherboards-board-parts","7":"product_tag-hp","9":"first","10":"instock","11":"taxable","12":"shipping-taxable","13":"purchasable","14":"product-type-simple"},"_links":{"self":[{"href":"https:\/\/boreait.com\/hr\/wp-json\/wp\/v2\/product\/24126","targetHints":{"allow":["GET"]}}],"collection":[{"href":"https:\/\/boreait.com\/hr\/wp-json\/wp\/v2\/product"}],"about":[{"href":"https:\/\/boreait.com\/hr\/wp-json\/wp\/v2\/types\/product"}],"wp:featuredmedia":[{"embeddable":true,"href":"https:\/\/boreait.com\/hr\/wp-json\/wp\/v2\/media\/24187"}],"wp:attachment":[{"href":"https:\/\/boreait.com\/hr\/wp-json\/wp\/v2\/media?parent=24126"}],"wp:term":[{"taxonomy":"product_brand","embeddable":true,"href":"https:\/\/boreait.com\/hr\/wp-json\/wp\/v2\/product_brand?post=24126"},{"taxonomy":"product_cat","embeddable":true,"href":"https:\/\/boreait.com\/hr\/wp-json\/wp\/v2\/product_cat?post=24126"},{"taxonomy":"product_tag","embeddable":true,"href":"https:\/\/boreait.com\/hr\/wp-json\/wp\/v2\/product_tag?post=24126"}],"curies":[{"name":"wp","href":"https:\/\/api.w.org\/{rel}","templated":true}]}}