{"id":24106,"date":"2025-07-25T12:20:34","date_gmt":"2025-07-25T12:20:34","guid":{"rendered":"https:\/\/boreait.com\/hr\/?post_type=product&#038;p=24106"},"modified":"2025-07-25T12:21:41","modified_gmt":"2025-07-25T12:21:41","slug":"sr0n1-intel-core-cpu-i5-3210m-25-ghz","status":"publish","type":"product","link":"https:\/\/boreait.com\/hr\/product\/sr0n1-intel-core-cpu-i5-3210m-25-ghz\/","title":{"rendered":"SR0N1 Intel Core CPU i5 3210m 2,5 GHz"},"content":{"rendered":"<p>Pove\u0107ajte performanse svog ra\u010dunala sa SR0N1 Intel Core CPU i5 3210m 2,5 GHz. Projektirana za besprijekornu kompatibilnost i pouzdanu izvedbu, ova CPU nadogradnja pobolj\u0161ava va\u0161e ra\u010dunalno iskustvo.<\/p>\n<p>Klju\u010dne zna\u010dajke:<\/p>\n<ul>\n<li>Intel Core i5 3210m 2,5 GHz: u\u017eivajte u pobolj\u0161anoj brzini i performansama za svoje ra\u010dunalne zadatke. PN: SR0N1<\/li>\n<li>Jednostavna instalacija: Nadogradite svoje ra\u010dunalo bez napora jednostavnom instalacijom, bez potrebe za stru\u010dnom pomo\u0107i.<\/li>\n<li>Pobolj\u0161ana izvedba: Iskusite glatkiji multitasking i br\u017ei rad s ovom nadogradnjom CPU-a.<\/li>\n<\/ul>\n<p>Poja\u010dajte svoju produktivnost i u\u010dinkovitost ovom pouzdanom i sna\u017enom nadogradnjom. Ako imate pitanja ili trebate pomo\u0107, slobodno nas kontaktirajte. Ovdje smo da vam pomognemo da izvu\u010dete maksimum iz svog ure\u0111aja.<\/p>\n","protected":false},"excerpt":{"rendered":"<p>Nadogradite svoje ra\u010dunalo s G26956 01 ib5 Intel Core CPU i5 3210m 2,5 GHz SR0N1. U\u017eivajte u pobolj\u0161anim performansama i brzini za svoje ra\u010dunalne potrebe<\/p>\n","protected":false},"featured_media":24168,"template":"","meta":[],"product_brand":[],"product_cat":[74],"product_tag":[60],"class_list":{"0":"post-24106","1":"product","2":"type-product","3":"status-publish","4":"has-post-thumbnail","6":"product_cat-processors-cpu","7":"product_tag-hp","9":"first","10":"instock","11":"taxable","12":"shipping-taxable","13":"purchasable","14":"product-type-simple"},"_links":{"self":[{"href":"https:\/\/boreait.com\/hr\/wp-json\/wp\/v2\/product\/24106","targetHints":{"allow":["GET"]}}],"collection":[{"href":"https:\/\/boreait.com\/hr\/wp-json\/wp\/v2\/product"}],"about":[{"href":"https:\/\/boreait.com\/hr\/wp-json\/wp\/v2\/types\/product"}],"wp:featuredmedia":[{"embeddable":true,"href":"https:\/\/boreait.com\/hr\/wp-json\/wp\/v2\/media\/24168"}],"wp:attachment":[{"href":"https:\/\/boreait.com\/hr\/wp-json\/wp\/v2\/media?parent=24106"}],"wp:term":[{"taxonomy":"product_brand","embeddable":true,"href":"https:\/\/boreait.com\/hr\/wp-json\/wp\/v2\/product_brand?post=24106"},{"taxonomy":"product_cat","embeddable":true,"href":"https:\/\/boreait.com\/hr\/wp-json\/wp\/v2\/product_cat?post=24106"},{"taxonomy":"product_tag","embeddable":true,"href":"https:\/\/boreait.com\/hr\/wp-json\/wp\/v2\/product_tag?post=24106"}],"curies":[{"name":"wp","href":"https:\/\/api.w.org\/{rel}","templated":true}]}}