{"id":24065,"date":"2025-07-25T12:19:47","date_gmt":"2025-07-25T12:19:47","guid":{"rendered":"https:\/\/boreait.com\/hr\/?post_type=product&#038;p=24065"},"modified":"2025-07-25T12:20:56","modified_gmt":"2025-07-25T12:20:56","slug":"pojedinacne-tipke-tipkovnice-za-lenovo-g50-g50-30-g50-45-g50-70-g50-75-g50-80-b50-b50-30-b50-45-b50-70-originalni-zamjenski-kljuc","status":"publish","type":"product","link":"https:\/\/boreait.com\/hr\/product\/pojedinacne-tipke-tipkovnice-za-lenovo-g50-g50-30-g50-45-g50-70-g50-75-g50-80-b50-b50-30-b50-45-b50-70-originalni-zamjenski-kljuc\/","title":{"rendered":"Pojedina\u010dne tipke tipkovnice za Lenovo G50 G50-30 G50-45 G50-70 G50-75 G50-80 B50 B50-30 B50-45 B50-70 &#8211; originalni zamjenski klju\u010d"},"content":{"rendered":"<p><strong>MOLIMO VAS PROVJERITE FOTOGRAFIJU U POPISU ZA DOSTUPNE KLJU\u010cEVE! \u0160ARKE SU UKLJU\u010cENE!<\/strong><\/p>\n<p>O\u017eivite tipkovnicu prijenosnog ra\u010dunala serije Lenovo G50 ili B50 originalnim pojedina\u010dnim tipkama tipkovnice. Dizajnirane da odgovaraju originalnim tipkama, ove zamjene nude besprijekorno pristajanje i pouzdane performanse, osiguravaju\u0107i da mo\u017eete nastaviti tipkati udobno i u\u010dinkovito.<\/p>\n<p><strong>Klju\u010dne zna\u010dajke:<\/strong><\/p>\n<p><strong>Originalna Lenovo zamjena:<\/strong> Ove pojedina\u010dne tipke tipkovnice autenti\u010dni su Lenovo dijelovi, osiguravaju\u0107i kompatibilnost i optimalnu prilagodbu va\u0161em prijenosnom ra\u010dunalu serije G50 ili B50.<\/p>\n<p><strong>Prilago\u0111eno:<\/strong> Svaka je tipka dizajnirana tako da odgovara veli\u010dini, obliku i stilu originalnih tipki, pru\u017eaju\u0107i besprijekornu zamjenu i odr\u017eavaju\u0107i ujedna\u010den izgled tipkovnice va\u0161eg prijenosnog ra\u010dunala.<\/p>\n<p><strong>Jednostavna instalacija:<\/strong> s njihovim dizajnom koji se mo\u017ee pri\u010dvrstiti, zamjena pojedina\u010dnih tipki tipkovnice je brza i jednostavna, \u0161to vam omogu\u0107uje da s lako\u0107om vratite funkcionalnost tipkovnice.<\/p>\n<p><strong>Izdr\u017eljiva konstrukcija:<\/strong> Izra\u0111ene od visokokvalitetnih materijala, ove tipke su napravljene da izdr\u017ee svakodnevnu upotrebu, osiguravaju\u0107i dugotrajnu izdr\u017eljivost i pouzdan rad.<\/p>\n<p>Vratite tipkovnicu prijenosnog ra\u010dunala serije Lenovo G50 ili B50 u izvorno stanje \u2013 naru\u010dite svoje originalne pojedina\u010dne tipke tipkovnice od Siggma ve\u0107 danas. Pru\u017eamo stvarne fotografije to\u010dnih klju\u010deva koje \u0107ete dobiti, a na\u0161a predanost kvaliteti osigurava va\u0161e zadovoljstvo pri svakoj kupnji.<\/p>\n<p><strong>Napomena:<\/strong> Iako ne pru\u017eamo detaljne upute za instalaciju, na\u0161 tim za korisni\u010dku podr\u0161ku dostupan je da vam pomogne u vezi sa svim pitanjima ili nedoumicama koje imate. Vjerujte Siggmu za originalne dijelove prijenosnog ra\u010dunala Lenovo i odr\u017eavajte integritet svoje tipkovnice.<\/p>\n","protected":false},"excerpt":{"rendered":"<p>Zamijenite tipke koje nedostaju ili su o\u0161te\u0107ene na prijenosnom ra\u010dunalu serije Lenovo G50 ili B50 s originalnim pojedina\u010dnim tipkama tipkovnice. Izra\u0111eni za kompatibilnost i izdr\u017eljivost, ovi klju\u010devi osiguravaju besprijekorno pristajanje i pouzdan rad. Vjerujte Siggmu za kvalitetne dijelove prijenosnog ra\u010dunala.<\/p>\n","protected":false},"featured_media":24122,"template":"","meta":[],"product_brand":[],"product_cat":[59],"product_tag":[61],"class_list":{"0":"post-24065","1":"product","2":"type-product","3":"status-publish","4":"has-post-thumbnail","6":"product_cat-individual-keyboard-keys","7":"product_tag-lenovo","9":"first","10":"instock","11":"taxable","12":"shipping-taxable","13":"purchasable","14":"product-type-simple"},"_links":{"self":[{"href":"https:\/\/boreait.com\/hr\/wp-json\/wp\/v2\/product\/24065","targetHints":{"allow":["GET"]}}],"collection":[{"href":"https:\/\/boreait.com\/hr\/wp-json\/wp\/v2\/product"}],"about":[{"href":"https:\/\/boreait.com\/hr\/wp-json\/wp\/v2\/types\/product"}],"wp:featuredmedia":[{"embeddable":true,"href":"https:\/\/boreait.com\/hr\/wp-json\/wp\/v2\/media\/24122"}],"wp:attachment":[{"href":"https:\/\/boreait.com\/hr\/wp-json\/wp\/v2\/media?parent=24065"}],"wp:term":[{"taxonomy":"product_brand","embeddable":true,"href":"https:\/\/boreait.com\/hr\/wp-json\/wp\/v2\/product_brand?post=24065"},{"taxonomy":"product_cat","embeddable":true,"href":"https:\/\/boreait.com\/hr\/wp-json\/wp\/v2\/product_cat?post=24065"},{"taxonomy":"product_tag","embeddable":true,"href":"https:\/\/boreait.com\/hr\/wp-json\/wp\/v2\/product_tag?post=24065"}],"curies":[{"name":"wp","href":"https:\/\/api.w.org\/{rel}","templated":true}]}}