{"id":24064,"date":"2025-07-25T12:19:47","date_gmt":"2025-07-25T12:19:47","guid":{"rendered":"https:\/\/boreait.com\/hr\/?post_type=product&#038;p=24064"},"modified":"2025-07-25T12:20:52","modified_gmt":"2025-07-25T12:20:52","slug":"pojedinacne-tipke-tipkovnice-za-dell-latitude-5280-5290-7280-7290-7380-7390-pozadinsko-svjetljenje","status":"publish","type":"product","link":"https:\/\/boreait.com\/hr\/product\/pojedinacne-tipke-tipkovnice-za-dell-latitude-5280-5290-7280-7290-7380-7390-pozadinsko-svjetljenje\/","title":{"rendered":"Pojedina\u010dne tipke tipkovnice za Dell Latitude 5280 5290 7280 7290 7380 7390 &#8211; POZADINSKO SVJETLJENJE"},"content":{"rendered":"<p><strong>MOLIMO VAS PROVJERITE FOTOGRAFIJU U POPISU ZA DOSTUPNE KLJU\u010cEVE! \u0160ARKE SU UKLJU\u010cENE!<\/strong><\/p>\n<p>Revitalizirajte tipkovnicu prijenosnog ra\u010dunala Dell Latitude 5280, 5290, 7280, 7290, 7380 ili 7390 originalnim pojedina\u010dnim tipkama tipkovnice. Izra\u0111ene za kompatibilnost i izdr\u017eljivost, ove tipke pru\u017eaju besprijekorno iskustvo tipkanja, vra\u0107aju\u0107i funkcionalnost i izgled va\u0161eg prijenosnog ra\u010dunala.<\/p>\n<p><strong>Klju\u010dne zna\u010dajke:<\/strong><\/p>\n<p><strong>Originalna Dell zamjena:<\/strong> Ove pojedina\u010dne tipke tipkovnice autenti\u010dni su Dell dijelovi, osiguravaju\u0107i kompatibilnost i optimalnu prilagodbu va\u0161im Latitude prijenosnim ra\u010dunalima.<\/p>\n<p><strong>Prilago\u0111ena zamjena:<\/strong> Zamijenite o\u0161te\u0107ene ili istro\u0161ene tipke s lako\u0107om, vra\u0107aju\u0107i tipkovnicu prijenosnog ra\u010dunala u izvorno stanje za glatko i brzo tipkanje.<\/p>\n<p><strong>Izdr\u017eljiva konstrukcija:<\/strong> Izra\u0111ene da izdr\u017ee svakodnevnu upotrebu, ove su tipke dizajnirane za dugotrajnu izdr\u017eljivost, pru\u017eaju\u0107i pouzdan rad za va\u0161e potrebe tipkanja.<\/p>\n<p><strong>Jednostavna instalacija:<\/strong> Zahvaljuju\u0107i dizajnu koji se mo\u017ee pri\u010dvrstiti, instalacija ovih pojedina\u010dnih tipki tipkovnice je brza i jednostavna, \u0161to vam omogu\u0107uje da pomladite tipkovnicu svog prijenosnog ra\u010dunala uz minimalan napor.<\/p>\n<p>O\u017eivite tipkovnicu svog prijenosnog ra\u010dunala Dell Latitude s povjerenjem \u2013 naru\u010dite svoje originalne pojedina\u010dne tipke tipkovnice od Siggma ve\u0107 danas. Pru\u017eamo stvarne fotografije to\u010dnih klju\u010deva koje \u0107ete dobiti, a na\u0161a predanost kvaliteti osigurava va\u0161e zadovoljstvo pri svakoj kupnji.<\/p>\n<p><strong>Napomena:<\/strong> Iako ne pru\u017eamo detaljne upute za instalaciju, na\u0161 tim za korisni\u010dku podr\u0161ku dostupan je da vam pomogne u vezi sa svim pitanjima ili nedoumicama koje imate. Vjerujte Siggmu za originalne dijelove prijenosnih ra\u010dunala Dell i vratite funkcionalnost tipkovnica va\u0161ih Latitude prijenosnih ra\u010dunala.<\/p>\n","protected":false},"excerpt":{"rendered":"<p>Zamijenite pojedina\u010dne tipke na tipkovnici za svoja prijenosna ra\u010dunala Dell Latitude s originalnim pojedina\u010dnim tipkama. Dizajnirane za kompatibilnost i izdr\u017eljivost, ove tipke osiguravaju glatko i brzo tipkanje. Vjerujte Siggmu za kvalitetne dijelove prijenosnog ra\u010dunala.<\/p>\n","protected":false},"featured_media":24119,"template":"","meta":[],"product_brand":[],"product_cat":[59],"product_tag":[52],"class_list":{"0":"post-24064","1":"product","2":"type-product","3":"status-publish","4":"has-post-thumbnail","6":"product_cat-individual-keyboard-keys","7":"product_tag-dell","9":"first","10":"instock","11":"taxable","12":"shipping-taxable","13":"purchasable","14":"product-type-simple"},"_links":{"self":[{"href":"https:\/\/boreait.com\/hr\/wp-json\/wp\/v2\/product\/24064","targetHints":{"allow":["GET"]}}],"collection":[{"href":"https:\/\/boreait.com\/hr\/wp-json\/wp\/v2\/product"}],"about":[{"href":"https:\/\/boreait.com\/hr\/wp-json\/wp\/v2\/types\/product"}],"wp:featuredmedia":[{"embeddable":true,"href":"https:\/\/boreait.com\/hr\/wp-json\/wp\/v2\/media\/24119"}],"wp:attachment":[{"href":"https:\/\/boreait.com\/hr\/wp-json\/wp\/v2\/media?parent=24064"}],"wp:term":[{"taxonomy":"product_brand","embeddable":true,"href":"https:\/\/boreait.com\/hr\/wp-json\/wp\/v2\/product_brand?post=24064"},{"taxonomy":"product_cat","embeddable":true,"href":"https:\/\/boreait.com\/hr\/wp-json\/wp\/v2\/product_cat?post=24064"},{"taxonomy":"product_tag","embeddable":true,"href":"https:\/\/boreait.com\/hr\/wp-json\/wp\/v2\/product_tag?post=24064"}],"curies":[{"name":"wp","href":"https:\/\/api.w.org\/{rel}","templated":true}]}}