{"id":24063,"date":"2025-07-25T12:19:47","date_gmt":"2025-07-25T12:19:47","guid":{"rendered":"https:\/\/boreait.com\/hr\/?post_type=product&#038;p=24063"},"modified":"2025-07-25T12:20:48","modified_gmt":"2025-07-25T12:20:48","slug":"pojedinacne-pojedinacne-tipke-za-tipkovnicu-dell-precision-5510-m5510-5520-5530-5540-pozadinsko-osvjetljenje","status":"publish","type":"product","link":"https:\/\/boreait.com\/hr\/product\/pojedinacne-pojedinacne-tipke-za-tipkovnicu-dell-precision-5510-m5510-5520-5530-5540-pozadinsko-osvjetljenje\/","title":{"rendered":"Pojedina\u010dne\/pojedina\u010dne tipke za tipkovnicu Dell Precision 5510 m5510 5520 5530 5540 &#8211; pozadinsko osvjetljenje"},"content":{"rendered":"<p><strong>MOLIMO VAS PROVJERITE FOTOGRAFIJU U POPISU ZA DOSTUPNE KLJU\u010cEVE! \u0160ARKE SU UKLJU\u010cENE!<\/strong><\/p>\n<p>Revitalizirajte svoju tipkovnicu Dell Precision 5510, m5510, 5520, 5530 ili 5540 s na\u0161im setom pojedina\u010dnih\/pojedina\u010dnih tipki.<\/p>\n<p><strong>Klju\u010dne zna\u010dajke:<\/strong><\/p>\n<p><strong>Materijal visoke kvalitete:<\/strong> Izra\u0111ene od izdr\u017eljivih materijala, ove tipke nude dugotrajnu izvedbu, odr\u017eavaju\u0107i taktilni osje\u0107aj i odziv va\u0161e tipkovnice.<\/p>\n<p><strong>Jednostavna zamjena:<\/strong> s jednostavnim dizajnom na kop\u010du, zamjena pojedina\u010dnih tipki na va\u0161oj tipkovnici Dell Precision brza je i bez problema, \u0161to vam omogu\u0107uje da zadr\u017eite funkcionalnost i izgled tipkovnice prijenosnog ra\u010dunala.<\/p>\n<p><strong>Pobolj\u0161ana svestranost:<\/strong> Bilo da trebate zamijeniti o\u0161te\u0107ene tipke ili prilagoditi raspored tipkovnice, ovaj set pru\u017ea fleksibilnost kako bi zadovoljio va\u0161e specifi\u010dne potrebe.<\/p>\n<p>Nadogradite svoju Dell Precision tipkovnicu s povjerenjem \u2013 naru\u010dite svoj set pojedina\u010dnih\/pojedina\u010dnih tipki s rasporedom US LA \u0160panjolski \u0160vicarski Francuski Nordic ND od Siggma ve\u0107 danas. Pru\u017eamo stvarne fotografije to\u010dnih klju\u010deva koje \u0107ete dobiti, a na\u0161a predanost kvaliteti osigurava va\u0161e zadovoljstvo pri svakoj kupnji.<\/p>\n<p><strong>Napomena:<\/strong> Iako ne pru\u017eamo detaljne upute za instalaciju, na\u0161 tim za korisni\u010dku podr\u0161ku dostupan je da vam pomogne u vezi sa svim pitanjima ili nedoumicama koje imate. Vjerujte Siggmu za kvalitetne dijelove prijenosnog ra\u010dunala i pobolj\u0161ajte funkcionalnost svoje tipkovnice Dell Precision.<\/p>\n","protected":false},"excerpt":{"rendered":"<p>Ovim setom zamijenite pojedina\u010dne tipke na Dell Precision 5510, m5510, 5520, 5530 ili 5540 tipkovnici. S rasporedom US LA \u0160panjolski \u0160vicarski Francuski Nordijski ND, ove tipke osiguravaju kompatibilnost i jednostavnost kori\u0161tenja. Vjerujte Siggmu za kvalitetne dijelove prijenosnog ra\u010dunala.<\/p>\n","protected":false},"featured_media":24116,"template":"","meta":[],"product_brand":[],"product_cat":[59],"product_tag":[52],"class_list":{"0":"post-24063","1":"product","2":"type-product","3":"status-publish","4":"has-post-thumbnail","6":"product_cat-individual-keyboard-keys","7":"product_tag-dell","9":"first","10":"instock","11":"taxable","12":"shipping-taxable","13":"purchasable","14":"product-type-simple"},"_links":{"self":[{"href":"https:\/\/boreait.com\/hr\/wp-json\/wp\/v2\/product\/24063","targetHints":{"allow":["GET"]}}],"collection":[{"href":"https:\/\/boreait.com\/hr\/wp-json\/wp\/v2\/product"}],"about":[{"href":"https:\/\/boreait.com\/hr\/wp-json\/wp\/v2\/types\/product"}],"wp:featuredmedia":[{"embeddable":true,"href":"https:\/\/boreait.com\/hr\/wp-json\/wp\/v2\/media\/24116"}],"wp:attachment":[{"href":"https:\/\/boreait.com\/hr\/wp-json\/wp\/v2\/media?parent=24063"}],"wp:term":[{"taxonomy":"product_brand","embeddable":true,"href":"https:\/\/boreait.com\/hr\/wp-json\/wp\/v2\/product_brand?post=24063"},{"taxonomy":"product_cat","embeddable":true,"href":"https:\/\/boreait.com\/hr\/wp-json\/wp\/v2\/product_cat?post=24063"},{"taxonomy":"product_tag","embeddable":true,"href":"https:\/\/boreait.com\/hr\/wp-json\/wp\/v2\/product_tag?post=24063"}],"curies":[{"name":"wp","href":"https:\/\/api.w.org\/{rel}","templated":true}]}}