{"id":23974,"date":"2025-07-25T12:18:09","date_gmt":"2025-07-25T12:18:09","guid":{"rendered":"https:\/\/boreait.com\/hr\/?post_type=product&#038;p=23974"},"modified":"2025-07-25T12:19:17","modified_gmt":"2025-07-25T12:19:17","slug":"hp-elitebook-850-g3-6017b0585102-841407-001-lcd-kabel-originalna-zamjena","status":"publish","type":"product","link":"https:\/\/boreait.com\/hr\/product\/hp-elitebook-850-g3-6017b0585102-841407-001-lcd-kabel-originalna-zamjena\/","title":{"rendered":"HP EliteBook 850 G3 6017B0585102 841407-001 LCD kabel &#8211; originalna zamjena"},"content":{"rendered":"<p>Nadogradite performanse zaslona svog HP EliteBook 850 G3 s originalnim LCD kabelom, broj dijela 6017B0585102 841407-001. Izra\u0111en za kompatibilnost i izdr\u017eljivost, ovaj kabel osigurava sigurnu i pouzdanu vezu izme\u0111u LCD zaslona i mati\u010dne plo\u010de, omogu\u0107uju\u0107i o\u0161tre i jasne slike.<\/p>\n<p><strong>Klju\u010dne zna\u010dajke:<\/strong><\/p>\n<p><strong>Originalna HP-ova zamjena:<\/strong> Ovaj LCD kabel autenti\u010dni je HP-ov dio koji osigurava kompatibilnost i optimalne performanse za va\u0161 EliteBook 850 G3.<\/p>\n<p><strong>Pobolj\u0161ane performanse zaslona:<\/strong> Osigurajte o\u0161tre i jasne slike s ovim pouzdanim LCD kabelom, koji odr\u017eava stabilnu vezu izme\u0111u LCD zaslona i mati\u010dne plo\u010de.<\/p>\n<p><strong>Izdr\u017eljiva konstrukcija:<\/strong> Izra\u0111en da izdr\u017ei svakodnevnu upotrebu, ovaj kabel dizajniran je za dugotrajnu izdr\u017eljivost, pru\u017eaju\u0107i pouzdane performanse za zaslon va\u0161eg prijenosnog ra\u010dunala.<\/p>\n<p><strong>Jednostavna instalacija:<\/strong> Sa svojim plug-and-play dizajnom, zamjena LCD kabela je brza i jednostavna, \u0161to vam omogu\u0107uje da s lako\u0107om vratite rad zaslona prijenosnog ra\u010dunala.<\/p>\n<p>Nadogradite svoj HP EliteBook 850 G3 s povjerenjem \u2013 naru\u010dite svoj originalni LCD kabel od Siggma danas. Pru\u017eamo prave fotografije to\u010dno onog kabela koji \u0107ete dobiti, a na\u0161a predanost kvaliteti osigurava va\u0161e zadovoljstvo pri svakoj kupnji.<\/p>\n<p><strong>Napomena:<\/strong> Iako ne pru\u017eamo detaljne upute za instalaciju, na\u0161 tim za korisni\u010dku podr\u0161ku dostupan je da vam pomogne u vezi sa svim pitanjima ili nedoumicama koje imate. Vjerujte Siggmu za originalne HP dijelove prijenosnog ra\u010dunala i pobolj\u0161ajte performanse zaslona svog EliteBook 850 G3.<\/p>\n","protected":false},"excerpt":{"rendered":"<p>Zamijenite LCD kabel va\u0161eg HP EliteBook 850 G3 ovim originalnim zamjenskim. Izra\u0111en za kompatibilnost i izdr\u017eljivost, ovaj kabel osigurava pouzdanu vezu izme\u0111u LCD zaslona i mati\u010dne plo\u010de. Vjerujte Siggmu za kvalitetne dijelove prijenosnog ra\u010dunala.<\/p>\n","protected":false},"featured_media":24032,"template":"","meta":[],"product_brand":[],"product_cat":[55],"product_tag":[60],"class_list":{"0":"post-23974","1":"product","2":"type-product","3":"status-publish","4":"has-post-thumbnail","6":"product_cat-cables","7":"product_tag-hp","9":"first","10":"instock","11":"taxable","12":"shipping-taxable","13":"purchasable","14":"product-type-simple"},"_links":{"self":[{"href":"https:\/\/boreait.com\/hr\/wp-json\/wp\/v2\/product\/23974","targetHints":{"allow":["GET"]}}],"collection":[{"href":"https:\/\/boreait.com\/hr\/wp-json\/wp\/v2\/product"}],"about":[{"href":"https:\/\/boreait.com\/hr\/wp-json\/wp\/v2\/types\/product"}],"wp:featuredmedia":[{"embeddable":true,"href":"https:\/\/boreait.com\/hr\/wp-json\/wp\/v2\/media\/24032"}],"wp:attachment":[{"href":"https:\/\/boreait.com\/hr\/wp-json\/wp\/v2\/media?parent=23974"}],"wp:term":[{"taxonomy":"product_brand","embeddable":true,"href":"https:\/\/boreait.com\/hr\/wp-json\/wp\/v2\/product_brand?post=23974"},{"taxonomy":"product_cat","embeddable":true,"href":"https:\/\/boreait.com\/hr\/wp-json\/wp\/v2\/product_cat?post=23974"},{"taxonomy":"product_tag","embeddable":true,"href":"https:\/\/boreait.com\/hr\/wp-json\/wp\/v2\/product_tag?post=23974"}],"curies":[{"name":"wp","href":"https:\/\/api.w.org\/{rel}","templated":true}]}}