{"id":23952,"date":"2025-07-25T12:17:43","date_gmt":"2025-07-25T12:17:43","guid":{"rendered":"https:\/\/boreait.com\/hr\/?post_type=product&#038;p=23952"},"modified":"2025-07-25T12:18:58","modified_gmt":"2025-07-25T12:18:58","slug":"originalni-hp-zbook-15u-g3-821155-001-6070b0948301-oslonac-za-ruku-za-prijenosno-racunalo-oem-zamjena","status":"publish","type":"product","link":"https:\/\/boreait.com\/hr\/product\/originalni-hp-zbook-15u-g3-821155-001-6070b0948301-oslonac-za-ruku-za-prijenosno-racunalo-oem-zamjena\/","title":{"rendered":"Originalni HP ZBook 15U G3 821155-001 6070B0948301 Oslonac za ruku za prijenosno ra\u010dunalo &#8211; OEM zamjena"},"content":{"rendered":"<p>Pobolj\u0161ajte izgled i funkcionalnost svog prijenosnog ra\u010dunala HP ZBook 15U G3 s originalnim osloncem za dlanove, broj dijela 821155-001 6070B0948301. Izra\u0111en prema OEM standardima, ovaj oslonac za dlan pru\u017ea udobno iskustvo tipkanja i pouzdanu za\u0161titu za unutarnje komponente va\u0161eg prijenosnog ra\u010dunala.<\/p>\n<p><strong>Klju\u010dne zna\u010dajke:<\/strong><\/p>\n<p><strong>Originalna HP zamjena:<\/strong> Ovaj oslonac za dlan je autenti\u010dan HP dio, osigurava kompatibilnost i optimalno pristajanje za va\u0161 ZBook 15U G3.<\/p>\n<p><strong>Udobno tipkanje:<\/strong> Zahvaljuju\u0107i glatkom i ergonomskom dizajnu, ovaj oslonac za dlan pru\u017ea udobnu povr\u0161inu za produ\u017eene sesije tipkanja, smanjuju\u0107i naprezanje i umor zape\u0161\u0107a.<\/p>\n<p><strong>Pobolj\u0161ani izgled:<\/strong> Nadogradite izgled svog ZBook 15U G3 ovim osloncem za dlan koji nadopunjuje dizajn va\u0161eg prijenosnog ra\u010dunala i dodaje da\u0161ak sofisticiranosti.<\/p>\n<p><strong>Jednostavna instalacija:<\/strong> Zahvaljuju\u0107i svom dizajnu prilago\u0111enom korisniku, zamjena oslonca za dlanove je brza i jednostavna, \u0161to vam omogu\u0107uje da s lako\u0107om osvje\u017eite izgled svog prijenosnog ra\u010dunala.<\/p>\n<p>Nadogradite svoj HP ZBook 15U G3 s povjerenjem \u2013 naru\u010dite svoj originalni oslonac za dlan od Siggma danas. Pru\u017eamo prave fotografije upravo onog naslona za dlan koji \u0107ete dobiti, a na\u0161a predanost kvaliteti osigurava va\u0161e zadovoljstvo pri svakoj kupnji.<\/p>\n<p><strong>Napomena:<\/strong> Iako ne pru\u017eamo detaljne upute za instalaciju, na\u0161 tim za korisni\u010dku podr\u0161ku dostupan je da vam pomogne u vezi sa svim pitanjima ili nedoumicama koje imate. Vjerujte Siggmu za originalne HP dijelove prijenosnog ra\u010dunala i pobolj\u0161ajte izgled svog ZBook 15U G3.<\/p>\n","protected":false},"excerpt":{"rendered":"<p>Nadogradite svoj HP ZBook 15U G3 ovim originalnim osloncem za dlan. Izra\u0111en za kompatibilnost i izdr\u017eljivost, ovaj oslonac za dlanove osigurava besprijekorno pristajanje i pobolj\u0161ava izgled va\u0161eg prijenosnog ra\u010dunala. Vjerujte Siggmu za kvalitetne dijelove prijenosnog ra\u010dunala.<\/p>\n","protected":false},"featured_media":24016,"template":"","meta":[],"product_brand":[],"product_cat":[51],"product_tag":[60],"class_list":{"0":"post-23952","1":"product","2":"type-product","3":"status-publish","4":"has-post-thumbnail","6":"product_cat-laptop-housing","7":"product_tag-hp","9":"first","10":"instock","11":"taxable","12":"shipping-taxable","13":"purchasable","14":"product-type-simple"},"_links":{"self":[{"href":"https:\/\/boreait.com\/hr\/wp-json\/wp\/v2\/product\/23952","targetHints":{"allow":["GET"]}}],"collection":[{"href":"https:\/\/boreait.com\/hr\/wp-json\/wp\/v2\/product"}],"about":[{"href":"https:\/\/boreait.com\/hr\/wp-json\/wp\/v2\/types\/product"}],"wp:featuredmedia":[{"embeddable":true,"href":"https:\/\/boreait.com\/hr\/wp-json\/wp\/v2\/media\/24016"}],"wp:attachment":[{"href":"https:\/\/boreait.com\/hr\/wp-json\/wp\/v2\/media?parent=23952"}],"wp:term":[{"taxonomy":"product_brand","embeddable":true,"href":"https:\/\/boreait.com\/hr\/wp-json\/wp\/v2\/product_brand?post=23952"},{"taxonomy":"product_cat","embeddable":true,"href":"https:\/\/boreait.com\/hr\/wp-json\/wp\/v2\/product_cat?post=23952"},{"taxonomy":"product_tag","embeddable":true,"href":"https:\/\/boreait.com\/hr\/wp-json\/wp\/v2\/product_tag?post=23952"}],"curies":[{"name":"wp","href":"https:\/\/api.w.org\/{rel}","templated":true}]}}