{"id":23899,"date":"2025-07-25T12:16:59","date_gmt":"2025-07-25T12:16:59","guid":{"rendered":"https:\/\/boreait.com\/hr\/?post_type=product&#038;p=23899"},"modified":"2025-07-25T12:17:41","modified_gmt":"2025-07-25T12:17:41","slug":"oslonac-za-dlanove-3-generacije-lenovo-14-x1-carbon-460-01402-0002-originalni-zamjenski-dio","status":"publish","type":"product","link":"https:\/\/boreait.com\/hr\/product\/oslonac-za-dlanove-3-generacije-lenovo-14-x1-carbon-460-01402-0002-originalni-zamjenski-dio\/","title":{"rendered":"Oslonac za dlanove 3. generacije Lenovo 14&#8243; X1 Carbon 460.01402.0002 &#8211; originalni zamjenski dio"},"content":{"rendered":"<p>Pobolj\u0161ajte izgled i dojam svog prijenosnog ra\u010dunala Lenovo 14&#8243; X1 Carbon 3. generacije s originalnim osloncem za dlanove, broj dijela 460.01402.0002. Dizajniran prema OEM standardima, ovaj oslonac za dlanove pru\u017ea udobnu povr\u0161inu za va\u0161e dlanove dok tipkate i dodaje da\u0161ak sofisticiranosti izgledu va\u0161eg prijenosnog ra\u010dunala.<\/p>\n<p><strong>Klju\u010dne zna\u010dajke:<\/strong><\/p>\n<p><strong>Originalna Lenovo zamjena:<\/strong> Ovaj oslonac za dlan je autenti\u010dni Lenovo dio, osigurava kompatibilnost i optimalno pristajanje za va\u0161 X1 Carbon 3rd Gen.<\/p>\n<p><strong>Udobno tipkanje:<\/strong> Zahvaljuju\u0107i glatkom i ergonomskom dizajnu, ovaj oslonac za dlanove pru\u017ea udobnu povr\u0161inu za va\u0161e dlanove tijekom tipkanja, smanjuju\u0107i naprezanje zape\u0161\u0107a tijekom dulje upotrebe.<\/p>\n<p><strong>Pobolj\u0161ani izgled:<\/strong> Nadogradite izgled svog X1 Carbon s ovim elegantnim i elegantnim osloncem za dlan koji va\u0161em prijenosnom ra\u010dunalu daje profesionalni izgled.<\/p>\n<p><strong>Jednostavna instalacija:<\/strong> Zahvaljuju\u0107i svom dizajnu prilago\u0111enom korisniku, zamjena oslonca za dlanove je brza i jednostavna, \u0161to vam omogu\u0107uje da s lako\u0107om osvje\u017eite izgled svog prijenosnog ra\u010dunala.<\/p>\n<p>Nadogradite svoj Lenovo 14&#8243; X1 Carbon 3rd Gen s povjerenjem \u2013 naru\u010dite svoj originalni oslonac za dlan od Siggma danas. Nudimo stvarne fotografije to\u010dno onog oslonca za dlan koji \u0107ete dobiti, a na\u0161a predanost kvaliteti osigurava va\u0161e zadovoljstvo pri svakoj kupnji.<\/p>\n<p><strong>Napomena:<\/strong> Iako ne pru\u017eamo detaljne upute za instalaciju, na\u0161 tim za korisni\u010dku podr\u0161ku dostupan je da vam pomogne u vezi sa svim pitanjima ili nedoumicama koje imate. Vjerujte Siggmu za originalne dijelove prijenosnog ra\u010dunala Lenovo i pobolj\u0161ajte udobnost i izgled svog X1 Carbon.<\/p>\n","protected":false},"excerpt":{"rendered":"<p>Nadogradite svoj Lenovo 14&#8243; X1 Carbon 3rd Gen ovim originalnim osloncem za dlanove, broj dijela 460.01402.0002. Izra\u0111en za kompatibilnost i izdr\u017eljivost, ovaj oslonac za dlanove osigurava besprijekorno pristajanje i pobolj\u0161ava izgled va\u0161eg prijenosnog ra\u010dunala. Vjerujte Siggmu za kvalitetne dijelove prijenosnog ra\u010dunala.<\/p>\n","protected":false},"featured_media":23941,"template":"","meta":[],"product_brand":[],"product_cat":[51],"product_tag":[61],"class_list":{"0":"post-23899","1":"product","2":"type-product","3":"status-publish","4":"has-post-thumbnail","6":"product_cat-laptop-housing","7":"product_tag-lenovo","9":"first","10":"instock","11":"taxable","12":"shipping-taxable","13":"purchasable","14":"product-type-simple"},"_links":{"self":[{"href":"https:\/\/boreait.com\/hr\/wp-json\/wp\/v2\/product\/23899","targetHints":{"allow":["GET"]}}],"collection":[{"href":"https:\/\/boreait.com\/hr\/wp-json\/wp\/v2\/product"}],"about":[{"href":"https:\/\/boreait.com\/hr\/wp-json\/wp\/v2\/types\/product"}],"wp:featuredmedia":[{"embeddable":true,"href":"https:\/\/boreait.com\/hr\/wp-json\/wp\/v2\/media\/23941"}],"wp:attachment":[{"href":"https:\/\/boreait.com\/hr\/wp-json\/wp\/v2\/media?parent=23899"}],"wp:term":[{"taxonomy":"product_brand","embeddable":true,"href":"https:\/\/boreait.com\/hr\/wp-json\/wp\/v2\/product_brand?post=23899"},{"taxonomy":"product_cat","embeddable":true,"href":"https:\/\/boreait.com\/hr\/wp-json\/wp\/v2\/product_cat?post=23899"},{"taxonomy":"product_tag","embeddable":true,"href":"https:\/\/boreait.com\/hr\/wp-json\/wp\/v2\/product_tag?post=23899"}],"curies":[{"name":"wp","href":"https:\/\/api.w.org\/{rel}","templated":true}]}}