{"id":23897,"date":"2025-07-25T12:16:59","date_gmt":"2025-07-25T12:16:59","guid":{"rendered":"https:\/\/boreait.com\/hr\/?post_type=product&#038;p=23897"},"modified":"2025-07-25T12:17:35","modified_gmt":"2025-07-25T12:17:35","slug":"originalna-kamera-lenovo-tab4-10-plus-sc28c18370-oem-zamjenski-dio","status":"publish","type":"product","link":"https:\/\/boreait.com\/hr\/product\/originalna-kamera-lenovo-tab4-10-plus-sc28c18370-oem-zamjenski-dio\/","title":{"rendered":"Originalna kamera Lenovo Tab4 10 Plus SC28C18370 &#8211; OEM zamjenski dio"},"content":{"rendered":"<p>Nadogradite kameru svog tableta Lenovo Tab4 10 Plus s originalnom SC28C18370 kamerom. Dizajniran za kompatibilnost i kvalitetu, ovaj fotoaparat snima jasne i jasne fotografije, omogu\u0107uju\u0107i vam da s lako\u0107om bilje\u017eite uspomene.<\/p>\n<p><strong>Klju\u010dne zna\u010dajke:<\/strong><\/p>\n<p><strong>Originalna zamjena za Lenovo:<\/strong> Ova kamera je autenti\u010dni dio za Lenovo, osiguravaju\u0107i kompatibilnost i optimalne performanse za va\u0161 tablet Tab4 10 Plus.<\/p>\n<p><strong>Slike visoke kvalitete:<\/strong> Snimite zadivljuju\u0107e fotografije i videozapise ovom kamerom visoke kvalitete koja daje jasne i o\u0161tre slike.<\/p>\n<p><strong>Jednostavna instalacija:<\/strong> Dizajnirana za jednostavnu instalaciju, zamjena kamere je brza i bez muke, \u0161to vam omogu\u0107uje da u trenu u\u017eivate u pobolj\u0161anim mogu\u0107nostima fotografije.<\/p>\n<p><strong>Pouzdana izvedba:<\/strong> Izra\u0111ena prema visokim standardima kvalitete i pouzdanosti tvrtke Lenovo, ova kamera pru\u017ea dosljednu izvedbu za sve va\u0161e fotografske potrebe.<\/p>\n<p>Nadogradite kameru svog tableta Lenovo Tab4 10 Plus s povjerenjem \u2013 naru\u010dite svoju originalnu SC28C18370 kameru od Siggma ve\u0107 danas. Pru\u017eamo prave fotografije upravo onog fotoaparata koji \u0107ete dobiti, a na\u0161a predanost kvaliteti osigurava va\u0161e zadovoljstvo pri svakoj kupnji.<\/p>\n<p><strong>Napomena:<\/strong> Iako ne pru\u017eamo detaljne upute za instalaciju, na\u0161 tim za korisni\u010dku podr\u0161ku dostupan je da vam pomogne u vezi sa svim pitanjima ili nedoumicama koje imate. Vjerujte Siggmu za originalne dijelove tableta Lenovo i pobolj\u0161ajte fotografske mogu\u0107nosti svog tableta.<\/p>\n","protected":false},"excerpt":{"rendered":"<p>Zamijenite svoj Lenovo Tab4 10 Plus fotoaparat ovim originalnim SC28C18370 fotoaparatom. Izra\u0111en za kompatibilnost i kvalitetu, ovaj fotoaparat osigurava jasne i o\u0161tre fotografije. Vjerujte Siggmu za kvalitetne dijelove tableta.<\/p>\n","protected":false},"featured_media":23938,"template":"","meta":[],"product_brand":[],"product_cat":[62],"product_tag":[61],"class_list":{"0":"post-23897","1":"product","2":"type-product","3":"status-publish","4":"has-post-thumbnail","6":"product_cat-motherboards-board-parts","7":"product_tag-lenovo","9":"first","10":"instock","11":"taxable","12":"shipping-taxable","13":"purchasable","14":"product-type-simple"},"_links":{"self":[{"href":"https:\/\/boreait.com\/hr\/wp-json\/wp\/v2\/product\/23897","targetHints":{"allow":["GET"]}}],"collection":[{"href":"https:\/\/boreait.com\/hr\/wp-json\/wp\/v2\/product"}],"about":[{"href":"https:\/\/boreait.com\/hr\/wp-json\/wp\/v2\/types\/product"}],"wp:featuredmedia":[{"embeddable":true,"href":"https:\/\/boreait.com\/hr\/wp-json\/wp\/v2\/media\/23938"}],"wp:attachment":[{"href":"https:\/\/boreait.com\/hr\/wp-json\/wp\/v2\/media?parent=23897"}],"wp:term":[{"taxonomy":"product_brand","embeddable":true,"href":"https:\/\/boreait.com\/hr\/wp-json\/wp\/v2\/product_brand?post=23897"},{"taxonomy":"product_cat","embeddable":true,"href":"https:\/\/boreait.com\/hr\/wp-json\/wp\/v2\/product_cat?post=23897"},{"taxonomy":"product_tag","embeddable":true,"href":"https:\/\/boreait.com\/hr\/wp-json\/wp\/v2\/product_tag?post=23897"}],"curies":[{"name":"wp","href":"https:\/\/api.w.org\/{rel}","templated":true}]}}