{"id":23876,"date":"2025-07-25T12:16:37","date_gmt":"2025-07-25T12:16:37","guid":{"rendered":"https:\/\/boreait.com\/hr\/?post_type=product&#038;p=23876"},"modified":"2026-01-27T09:04:46","modified_gmt":"2026-01-27T09:04:46","slug":"sk-hynix-2gb-1rx8-pc3l-12800s-11-12-b2-hmt325s6cfr8a-pb-no-aa-ram-memorija-prijenosnog-racunala-originalni-oem","status":"publish","type":"product","link":"https:\/\/boreait.com\/hr\/product\/sk-hynix-2gb-1rx8-pc3l-12800s-11-12-b2-hmt325s6cfr8a-pb-no-aa-ram-memorija-prijenosnog-racunala-originalni-oem\/","title":{"rendered":"SK Hynix 2GB 1Rx8 PC3L-12800S-11-12-B2 HMT325S6CFR8A-PB NO AA RAM memorija prijenosnog ra\u010dunala &#8211; originalni OEM"},"content":{"rendered":"<p>Pobolj\u0161ajte performanse svog prijenosnog ra\u010dunala s originalnim SK Hynix 2GB 1Rx8 PC3L-12800S-11-12-B2 HMT325S6CFR8A-PB NO AA RAM memorije prijenosnog ra\u010dunala. Dizajniran za brzinu, pouzdanost i u\u010dinkovitost, ovaj memorijski modul pobolj\u0161ava mogu\u0107nosti multitaskinga i pobolj\u0161ava ukupni odziv sustava, omogu\u0107uju\u0107i vam da radite i igrate se s lako\u0107om.<\/p>\n<p><strong>Klju\u010dne zna\u010dajke:<\/strong><\/p>\n<p><strong>Originalna SK Hynix memorija:<\/strong> Ovaj DDR3 memorijski modul autenti\u010dan je SK Hynix proizvod koji osigurava kompatibilnost i optimalnu izvedbu za va\u0161e prijenosno ra\u010dunalo.<\/p>\n<p><strong>Pobolj\u0161ana izvedba:<\/strong> S kapacitetom od 2 GB i brzinom od PC3L-12800S, ovaj memorijski modul pru\u017ea brze i brze performanse, smanjuju\u0107i ka\u0161njenje i pove\u0107avaju\u0107i produktivnost za zahtjevne zadatke.<\/p>\n<p><strong>Niska potro\u0161nja energije:<\/strong> Rade\u0107i na niskom naponu, ovaj memorijski modul smanjuje potro\u0161nju energije, produ\u017euju\u0107i trajanje baterije i smanjuju\u0107i stvaranje topline radi pobolj\u0161ane stabilnosti sustava.<\/p>\n<p><strong>Jednostavna instalacija:<\/strong> Dizajniran za plug-and-play kompatibilnost, instalacija ovog memorijskog modula je brza i jednostavna, omogu\u0107uju\u0107i vam da s lako\u0107om nadogradite memoriju prijenosnog ra\u010dunala.<\/p>\n<p>Nadogradite memoriju svog prijenosnog ra\u010dunala s povjerenjem \u2013 naru\u010dite svoj originalni SK Hynix 2GB 1Rx8 PC3L-12800S RAM od Siggma danas. Pru\u017eamo stvarne fotografije to\u010dno onog memorijskog modula koji \u0107ete dobiti, a na\u0161a predanost kvaliteti osigurava va\u0161e zadovoljstvo pri svakoj kupnji.<\/p>\n<p><strong>Napomena:<\/strong> Iako ne pru\u017eamo detaljne upute za instalaciju, na\u0161 tim za korisni\u010dku podr\u0161ku dostupan je da vam pomogne u vezi sa svim pitanjima ili nedoumicama koje imate. Vjerujte Siggmu za originalne SK Hynix memorijske module i pobolj\u0161ajte performanse svog prijenosnog ra\u010dunala.<\/p>\n","protected":false},"excerpt":{"rendered":"<p>Nadogradite memoriju svog prijenosnog ra\u010dunala s ovim originalnim SK Hynix 2GB PC3L-12800S RAM-om. Izra\u0111en za performanse i pouzdanost, ovaj memorijski modul osigurava glatko obavljanje vi\u0161e zadataka i u\u010dinkovito ra\u010dunalstvo. Vjerujte Siggmu za kvalitetne dijelove prijenosnog ra\u010dunala.<\/p>\n","protected":false},"featured_media":23934,"template":"","meta":[],"product_brand":[],"product_cat":[72,71],"product_tag":[],"class_list":{"0":"post-23876","1":"product","2":"type-product","3":"status-publish","4":"has-post-thumbnail","6":"product_cat-ddr3-ddr3l","7":"product_cat-ram-memory","9":"first","10":"instock","11":"taxable","12":"shipping-taxable","13":"purchasable","14":"product-type-simple"},"_links":{"self":[{"href":"https:\/\/boreait.com\/hr\/wp-json\/wp\/v2\/product\/23876","targetHints":{"allow":["GET"]}}],"collection":[{"href":"https:\/\/boreait.com\/hr\/wp-json\/wp\/v2\/product"}],"about":[{"href":"https:\/\/boreait.com\/hr\/wp-json\/wp\/v2\/types\/product"}],"wp:featuredmedia":[{"embeddable":true,"href":"https:\/\/boreait.com\/hr\/wp-json\/wp\/v2\/media\/23934"}],"wp:attachment":[{"href":"https:\/\/boreait.com\/hr\/wp-json\/wp\/v2\/media?parent=23876"}],"wp:term":[{"taxonomy":"product_brand","embeddable":true,"href":"https:\/\/boreait.com\/hr\/wp-json\/wp\/v2\/product_brand?post=23876"},{"taxonomy":"product_cat","embeddable":true,"href":"https:\/\/boreait.com\/hr\/wp-json\/wp\/v2\/product_cat?post=23876"},{"taxonomy":"product_tag","embeddable":true,"href":"https:\/\/boreait.com\/hr\/wp-json\/wp\/v2\/product_tag?post=23876"}],"curies":[{"name":"wp","href":"https:\/\/api.w.org\/{rel}","templated":true}]}}