{"id":23836,"date":"2025-07-25T12:16:14","date_gmt":"2025-07-25T12:16:14","guid":{"rendered":"https:\/\/boreait.com\/hr\/?post_type=product&#038;p=23836"},"modified":"2025-07-25T12:16:54","modified_gmt":"2025-07-25T12:16:54","slug":"fujitsu-lifebook-ah531-lijevi-desni-interni-zvucnici-za-prijenosno-racunalo-20crfe-1-originalni-dijelovi","status":"publish","type":"product","link":"https:\/\/boreait.com\/hr\/product\/fujitsu-lifebook-ah531-lijevi-desni-interni-zvucnici-za-prijenosno-racunalo-20crfe-1-originalni-dijelovi\/","title":{"rendered":"Fujitsu LIFEBOOK AH531 lijevi desni interni zvu\u010dnici za prijenosno ra\u010dunalo &#8211; 20CRFE-1 originalni dijelovi"},"content":{"rendered":"<p>Nadogradite kvalitetu zvuka svog Fujitsu LIFEBOOK AH531 s originalnim lijevim i desnim unutarnjim zvu\u010dnicima za prijenosno ra\u010dunalo &#8211; 20CRFE-1. Dizajnirani za pru\u017eanje impresivnog zvuka, ovi zvu\u010dnici osiguravaju pobolj\u0161ano multimedijsko iskustvo za va\u0161e prijenosno ra\u010dunalo.<\/p>\n<p><strong>Klju\u010dne zna\u010dajke:<\/strong><\/p>\n<p><strong>Originalna Fujitsu zamjena:<\/strong> Ovi unutarnji zvu\u010dnici prijenosnog ra\u010dunala autenti\u010dni su Fujitsu dijelovi, jam\u010de kompatibilnost i optimalne performanse za va\u0161 LIFEBOOK AH531.<\/p>\n<p><strong>Imerzivni zvuk:<\/strong> U\u017eivajte u o\u0161troj i jasnoj reprodukciji zvuka, bilo da slu\u0161ate glazbu, gledate filmove ili odr\u017eavate video konferencije, zahvaljuju\u0107i ovim zvu\u010dnicima visoke kvalitete.<\/p>\n<p><strong>Jednostavna instalacija:<\/strong> Dizajnirana za jednostavnu instalaciju, zamjena unutarnjih zvu\u010dnika je jednostavna, \u0161to vam omogu\u0107uje da u trenu u\u017eivate u pobolj\u0161anoj audio izvedbi.<\/p>\n<p>Osigurajte da va\u0161 Fujitsu LIFEBOOK AH531 pru\u017ea vrhunske audio performanse \u2013 naru\u010dite lijevi i desni interni zvu\u010dnik za prijenosno ra\u010dunalo &#8211; 20CRFE-1 od Siggma ve\u0107 danas. Pru\u017eamo stvarne fotografije to\u010dno onih zvu\u010dnika koje \u0107ete dobiti, a na\u0161a predanost kvaliteti osigurava va\u0161e zadovoljstvo pri svakoj kupnji.<\/p>\n<p><strong>Napomena:<\/strong> Iako ne pru\u017eamo detaljne upute za instalaciju, na\u0161 tim za korisni\u010dku podr\u0161ku dostupan je da vam pomogne u vezi sa svim pitanjima ili nedoumicama koje imate. Vjerujte Siggmu za originalne Fujitsu dijelove za prijenosna ra\u010dunala i unaprijedite svoje audio iskustvo sa svojim LIFEBOOK AH531.<\/p>\n","protected":false},"excerpt":{"rendered":"<p>Pobolj\u0161ajte audio iskustvo svog Fujitsu LIFEBOOK AH531 s originalnim lijevim i desnim unutarnjim zvu\u010dnicima za prijenosno ra\u010dunalo &#8211; 20CRFE-1. Izra\u0111eni za kompatibilnost i kvalitetu, ovi zvu\u010dnici daju o\u0161tar i \u010dist zvuk. Vjerujte Siggmu za vrhunske dijelove prijenosnog ra\u010dunala.<\/p>\n","protected":false},"featured_media":23893,"template":"","meta":[],"product_brand":[],"product_cat":[53],"product_tag":[63],"class_list":{"0":"post-23836","1":"product","2":"type-product","3":"status-publish","4":"has-post-thumbnail","6":"product_cat-laptop-speakers","7":"product_tag-fujitsu","9":"first","10":"instock","11":"taxable","12":"shipping-taxable","13":"purchasable","14":"product-type-simple"},"_links":{"self":[{"href":"https:\/\/boreait.com\/hr\/wp-json\/wp\/v2\/product\/23836","targetHints":{"allow":["GET"]}}],"collection":[{"href":"https:\/\/boreait.com\/hr\/wp-json\/wp\/v2\/product"}],"about":[{"href":"https:\/\/boreait.com\/hr\/wp-json\/wp\/v2\/types\/product"}],"wp:featuredmedia":[{"embeddable":true,"href":"https:\/\/boreait.com\/hr\/wp-json\/wp\/v2\/media\/23893"}],"wp:attachment":[{"href":"https:\/\/boreait.com\/hr\/wp-json\/wp\/v2\/media?parent=23836"}],"wp:term":[{"taxonomy":"product_brand","embeddable":true,"href":"https:\/\/boreait.com\/hr\/wp-json\/wp\/v2\/product_brand?post=23836"},{"taxonomy":"product_cat","embeddable":true,"href":"https:\/\/boreait.com\/hr\/wp-json\/wp\/v2\/product_cat?post=23836"},{"taxonomy":"product_tag","embeddable":true,"href":"https:\/\/boreait.com\/hr\/wp-json\/wp\/v2\/product_tag?post=23836"}],"curies":[{"name":"wp","href":"https:\/\/api.w.org\/{rel}","templated":true}]}}