{"id":23835,"date":"2025-07-25T12:16:14","date_gmt":"2025-07-25T12:16:14","guid":{"rendered":"https:\/\/boreait.com\/hr\/?post_type=product&#038;p=23835"},"modified":"2026-01-27T09:02:10","modified_gmt":"2026-01-27T09:02:10","slug":"fujitsu-lifebook-ah531-hdd-poklopac-cp515946-01-originalni-dijelovi-za-prijenosno-racunalo","status":"publish","type":"product","link":"https:\/\/boreait.com\/hr\/product\/fujitsu-lifebook-ah531-hdd-poklopac-cp515946-01-originalni-dijelovi-za-prijenosno-racunalo\/","title":{"rendered":"Fujitsu LifeBook AH531 HDD poklopac CP515946-01 originalni dijelovi za prijenosno ra\u010dunalo"},"content":{"rendered":"<p>Za\u0161titite i osigurajte tvrdi disk va\u0161eg Fujitsu LifeBook AH531 s originalnim HDD poklopcem CP515946-01. Izra\u0111ena da besprijekorno pristaje i pru\u017ea pouzdanu za\u0161titu, ova je maska klju\u010dna za za\u0161titu va\u0161ih vrijednih podataka.<\/p>\n<p><strong>Klju\u010dne zna\u010dajke:<\/strong><\/p>\n<p><strong>Originalna zamjena za Fujitsu:<\/strong> Ovaj poklopac HDD-a je autenti\u010dni zamjenski dio za Fujitsu, koji osigurava kompatibilnost i optimalno pristajanje za va\u0161 LifeBook AH531.<\/p>\n<p><strong>Izdr\u017eljiva konstrukcija:<\/strong> Izra\u0111en da izdr\u017ei svakodnevnu upotrebu, ovaj poklopac pru\u017ea trajnu za\u0161titu za va\u0161 tvrdi disk, \u0161tite\u0107i ga od pra\u0161ine, krhotina i slu\u010dajnih o\u0161te\u0107enja.<\/p>\n<p><strong>Jednostavna instalacija:<\/strong> Uz dizajn jednostavan za kori\u0161tenje, zamjena poklopca HDD-a je brza i jednostavna, \u0161to vam omogu\u0107uje da s lako\u0107om odr\u017eite integritet sustava za pohranu va\u0161eg prijenosnog ra\u010dunala.<\/p>\n<p>Osigurajte da tvrdi disk va\u0161eg Fujitsu LifeBook AH531 ostane za\u0161ti\u0107en i siguran \u2013 naru\u010dite svoj originalni HDD poklopac CP515946-01 od Siggma ve\u0107 danas. Pru\u017eamo prave fotografije upravo one naslovnice koju \u0107ete dobiti, a na\u0161a predanost kvaliteti osigurava va\u0161e zadovoljstvo pri svakoj kupnji.<\/p>\n<p><strong>Napomena:<\/strong> Iako ne pru\u017eamo detaljne upute za instalaciju, na\u0161 tim za korisni\u010dku podr\u0161ku dostupan je da vam pomogne u vezi sa svim pitanjima ili nedoumicama koje imate. Vjerujte Siggmu za originalne dijelove prijenosnog ra\u010dunala Fujitsu i produ\u017eite vijek trajanja svog LifeBook AH531.<\/p>\n","protected":false},"excerpt":{"rendered":"<p>Zamijenite poklopac tvrdog diska svog Fujitsu LifeBook AH531 s originalnim dijelom CP515946-01. Dizajniran za kompatibilnost i izdr\u017eljivost, ovaj poklopac osigurava za\u0161titu za va\u0161 tvrdi disk. Vjerujte Siggmu za kvalitetne dijelove prijenosnog ra\u010dunala<\/p>\n","protected":false},"featured_media":23892,"template":"","meta":[],"product_brand":[],"product_cat":[51],"product_tag":[63],"class_list":{"0":"post-23835","1":"product","2":"type-product","3":"status-publish","4":"has-post-thumbnail","6":"product_cat-laptop-housing","7":"product_tag-fujitsu","9":"first","10":"instock","11":"taxable","12":"shipping-taxable","13":"purchasable","14":"product-type-simple"},"_links":{"self":[{"href":"https:\/\/boreait.com\/hr\/wp-json\/wp\/v2\/product\/23835","targetHints":{"allow":["GET"]}}],"collection":[{"href":"https:\/\/boreait.com\/hr\/wp-json\/wp\/v2\/product"}],"about":[{"href":"https:\/\/boreait.com\/hr\/wp-json\/wp\/v2\/types\/product"}],"wp:featuredmedia":[{"embeddable":true,"href":"https:\/\/boreait.com\/hr\/wp-json\/wp\/v2\/media\/23892"}],"wp:attachment":[{"href":"https:\/\/boreait.com\/hr\/wp-json\/wp\/v2\/media?parent=23835"}],"wp:term":[{"taxonomy":"product_brand","embeddable":true,"href":"https:\/\/boreait.com\/hr\/wp-json\/wp\/v2\/product_brand?post=23835"},{"taxonomy":"product_cat","embeddable":true,"href":"https:\/\/boreait.com\/hr\/wp-json\/wp\/v2\/product_cat?post=23835"},{"taxonomy":"product_tag","embeddable":true,"href":"https:\/\/boreait.com\/hr\/wp-json\/wp\/v2\/product_tag?post=23835"}],"curies":[{"name":"wp","href":"https:\/\/api.w.org\/{rel}","templated":true}]}}