{"id":23833,"date":"2025-07-25T12:16:14","date_gmt":"2025-07-25T12:16:14","guid":{"rendered":"https:\/\/boreait.com\/hr\/?post_type=product&#038;p=23833"},"modified":"2026-01-27T09:01:50","modified_gmt":"2026-01-27T09:01:50","slug":"oem-intel-centrino-wireless-n-1030-11230bnhmw-bgn-bluetooth-pcie-originalni-dijelovi-za-prijenosna-racunala","status":"publish","type":"product","link":"https:\/\/boreait.com\/hr\/product\/oem-intel-centrino-wireless-n-1030-11230bnhmw-bgn-bluetooth-pcie-originalni-dijelovi-za-prijenosna-racunala\/","title":{"rendered":"OEM Intel Centrino Wireless-N 1030 11230BNHMW bgn Bluetooth PCIe &#8211; originalni dijelovi za prijenosna ra\u010dunala"},"content":{"rendered":"<p>Do\u017eivite pobolj\u0161anu be\u017ei\u010dnu povezanost s OEM Intel Centrino Wireless-N 1030 11230BNHMW PCIe karticom. Izra\u0111ena za pru\u017eanje pouzdanih Wi-Fi i Bluetooth mogu\u0107nosti, ova originalna Intelova kartica osigurava besprijekorno pregledavanje interneta i uparivanje ure\u0111aja za va\u0161e prijenosno ra\u010dunalo.<\/p>\n<p><strong>Klju\u010dne zna\u010dajke:<\/strong><\/p>\n<p><strong>Originalna Intelova zamjena:<\/strong> Ova PCIe kartica autenti\u010dni je Intelov zamjenski dio koji osigurava kompatibilnost i optimalnu izvedbu.<\/p>\n<p><strong>Dvostruka povezivost:<\/strong> U\u017eivajte u pouzdanoj Wi-Fi (b\/g\/n) i Bluetooth vezi, \u0161to vam omogu\u0107uje pregledavanje interneta i uparivanje ure\u0111aja bez napora.<\/p>\n<p><strong>Pobolj\u0161ana izvedba:<\/strong> Iskusite brze i stabilne be\u017ei\u010dne veze, bilo da strujite HD videozapise, igrate igrice na mre\u017ei ili radite na daljinu.<\/p>\n<p><strong>Plug-and-Play instalacija:<\/strong> Sa svojim PCIe su\u010deljem, instalacija Intel Centrino Wireless-N 1030 kartice brza je i jednostavna, \u010dime se va\u0161e prijenosno ra\u010dunalo povezuje u tren oka.<\/p>\n<p>Nadogradite be\u017ei\u010dne mogu\u0107nosti svog prijenosnog ra\u010dunala s povjerenjem, znaju\u0107i da Siggmo pru\u017ea prave fotografije upravo one PCIe kartice koju \u0107ete dobiti. Na\u0161a predanost kvaliteti osigurava Va\u0161e zadovoljstvo pri svakoj kupnji.<\/p>\n<p><strong>Napomena:<\/strong> Iako ne pru\u017eamo detaljne upute za instalaciju, na\u0161 tim za korisni\u010dku podr\u0161ku dostupan je da vam pomogne u vezi sa svim pitanjima ili nedoumicama koje imate. Vjerujte Siggmu za originalne Intel dijelove prijenosnog ra\u010dunala i pobolj\u0161ajte svoje be\u017ei\u010dno iskustvo ve\u0107 danas.<\/p>\n<p>Nadogradite be\u017ei\u010dnu povezanost prijenosnog ra\u010dunala \u2013 naru\u010dite svoju OEM Intel Centrino Wireless-N 1030 11230BNHMW PCIe karticu sada. Siggmo &#8211; Va\u0161 pouzdani izvor kvalitetnih dijelova za prijenosna ra\u010dunala \u0161irom svijeta<\/p>\n","protected":false},"excerpt":{"rendered":"<p>Nadogradite be\u017ei\u010dnu povezanost prijenosnog ra\u010dunala s OEM Intel Centrino Wireless-N 1030 11230BNHMW PCIe karticom. U\u017eivajte u pouzdanim Wi-Fi i Bluetooth vezama za besprijekorno pregledavanje i uparivanje ure\u0111aja. Vjerujte Siggmu za kvalitetne dijelove prijenosnog ra\u010dunala.<\/p>\n","protected":false},"featured_media":23889,"template":"","meta":[],"product_brand":[],"product_cat":[62],"product_tag":[],"class_list":{"0":"post-23833","1":"product","2":"type-product","3":"status-publish","4":"has-post-thumbnail","6":"product_cat-motherboards-board-parts","8":"first","9":"instock","10":"taxable","11":"shipping-taxable","12":"purchasable","13":"product-type-simple"},"_links":{"self":[{"href":"https:\/\/boreait.com\/hr\/wp-json\/wp\/v2\/product\/23833","targetHints":{"allow":["GET"]}}],"collection":[{"href":"https:\/\/boreait.com\/hr\/wp-json\/wp\/v2\/product"}],"about":[{"href":"https:\/\/boreait.com\/hr\/wp-json\/wp\/v2\/types\/product"}],"wp:featuredmedia":[{"embeddable":true,"href":"https:\/\/boreait.com\/hr\/wp-json\/wp\/v2\/media\/23889"}],"wp:attachment":[{"href":"https:\/\/boreait.com\/hr\/wp-json\/wp\/v2\/media?parent=23833"}],"wp:term":[{"taxonomy":"product_brand","embeddable":true,"href":"https:\/\/boreait.com\/hr\/wp-json\/wp\/v2\/product_brand?post=23833"},{"taxonomy":"product_cat","embeddable":true,"href":"https:\/\/boreait.com\/hr\/wp-json\/wp\/v2\/product_cat?post=23833"},{"taxonomy":"product_tag","embeddable":true,"href":"https:\/\/boreait.com\/hr\/wp-json\/wp\/v2\/product_tag?post=23833"}],"curies":[{"name":"wp","href":"https:\/\/api.w.org\/{rel}","templated":true}]}}