{"id":23817,"date":"2025-07-25T12:15:53","date_gmt":"2025-07-25T12:15:53","guid":{"rendered":"https:\/\/boreait.com\/hr\/?post_type=product&#038;p=23817"},"modified":"2026-01-27T09:01:18","modified_gmt":"2026-01-27T09:01:18","slug":"uticnica-za-napajanje-prijenosnog-racunala-fujitsu-lifebook-a531-dc-kabel-za-punjenje-originalni-zamjenski-dio","status":"publish","type":"product","link":"https:\/\/boreait.com\/hr\/product\/uticnica-za-napajanje-prijenosnog-racunala-fujitsu-lifebook-a531-dc-kabel-za-punjenje-originalni-zamjenski-dio\/","title":{"rendered":"Uti\u010dnica za napajanje prijenosnog ra\u010dunala Fujitsu Lifebook A531 DC kabel za punjenje &#8211; originalni zamjenski dio"},"content":{"rendered":"<p>Dr\u017eite svoj Fujitsu Lifebook A531 napajanim i spremnim za kori\u0161tenje uz na\u0161 originalni DC kabel za punjenje. Izra\u0111en za preciznost i pouzdanost, ovaj kabel slu\u017ei kao vitalna veza izme\u0111u va\u0161eg prijenosnog ra\u010dunala i izvora napajanja, osiguravaju\u0107i besprijekorno punjenje.<\/p>\n<p><strong>Klju\u010dne zna\u010dajke:<\/strong><\/p>\n<p><strong>Originalna zamjena za Fujitsu:<\/strong> Ovaj DC kabel za punjenje je autenti\u010dni zamjenski dio za Fujitsu, koji jam\u010di kompatibilnost i performanse.<\/p>\n<p><strong>Izdr\u017eljiva konstrukcija:<\/strong> Izra\u0111en da izdr\u017ei svakodnevnu upotrebu, ovaj kabel dizajniran je za dugotrajnu izdr\u017eljivost, pru\u017eaju\u0107i pouzdanu vezu za napajanje va\u0161eg prijenosnog ra\u010dunala.<\/p>\n<p><strong>Optimalna izvedba:<\/strong> Osigurajte da va\u0161 Fujitsu Lifebook A531 dobije snagu potrebnu za nesmetan rad, bilo da radite, u\u010dite ili igrate igrice.<\/p>\n<p><strong>Jednostavna instalacija:<\/strong> s plug-and-play dizajnom, zamjena DC kabela za punjenje je bez problema, \u0161to vam omogu\u0107uje da se brzo vratite na kori\u0161tenje svog prijenosnog ra\u010dunala.<\/p>\n<p>Bilo da mijenjate istro\u0161eni kabel ili vam je potreban rezervni radi prakti\u010dnosti, vjerujte Siggmu za originalne Fujitsu dijelove prijenosnog ra\u010dunala. Pru\u017eamo stvarne fotografije to\u010dno onog kabela koji \u0107ete dobiti, a na\u0161a predanost kvaliteti osigurava va\u0161e zadovoljstvo.<\/p>\n<p><strong>Napomena:<\/strong> Iako ne pru\u017eamo detaljne upute za instalaciju, na\u0161 tim za korisni\u010dku podr\u0161ku dostupan je da vam pomogne u vezi sa svim pitanjima ili nedoumicama koje imate. Siggmo je predan pobolj\u0161anju iskustva va\u0161eg prijenosnog ra\u010dunala s pouzdanim zamjenskim dijelovima.<\/p>\n<p>Osigurajte da va\u0161 Fujitsu Lifebook A531 ostane napajan i spreman za akciju \u2013 naru\u010dite svoj DC kabel za punjenje danas. Siggmo &#8211; Va\u0161 pouzdani izvor kvalitetnih dijelova za prijenosna ra\u010dunala \u0161irom svijeta.<\/p>\n","protected":false},"excerpt":{"rendered":"<p>O\u017eivite svoj Fujitsu Lifebook A531 s na\u0161im originalnim DC kabelom za punjenje. Dizajniran za izdr\u017eljivost i kompatibilnost, ovaj kabel osigurava pouzdanu isporuku energije kako bi va\u0161e prijenosno ra\u010dunalo radilo glatko. Vjerujte Siggmu za kvalitetne dijelove prijenosnog ra\u010dunala.<\/p>\n","protected":false},"featured_media":23886,"template":"","meta":[],"product_brand":[],"product_cat":[55],"product_tag":[63],"class_list":{"0":"post-23817","1":"product","2":"type-product","3":"status-publish","4":"has-post-thumbnail","6":"product_cat-cables","7":"product_tag-fujitsu","9":"first","10":"instock","11":"taxable","12":"shipping-taxable","13":"purchasable","14":"product-type-simple"},"_links":{"self":[{"href":"https:\/\/boreait.com\/hr\/wp-json\/wp\/v2\/product\/23817","targetHints":{"allow":["GET"]}}],"collection":[{"href":"https:\/\/boreait.com\/hr\/wp-json\/wp\/v2\/product"}],"about":[{"href":"https:\/\/boreait.com\/hr\/wp-json\/wp\/v2\/types\/product"}],"wp:featuredmedia":[{"embeddable":true,"href":"https:\/\/boreait.com\/hr\/wp-json\/wp\/v2\/media\/23886"}],"wp:attachment":[{"href":"https:\/\/boreait.com\/hr\/wp-json\/wp\/v2\/media?parent=23817"}],"wp:term":[{"taxonomy":"product_brand","embeddable":true,"href":"https:\/\/boreait.com\/hr\/wp-json\/wp\/v2\/product_brand?post=23817"},{"taxonomy":"product_cat","embeddable":true,"href":"https:\/\/boreait.com\/hr\/wp-json\/wp\/v2\/product_cat?post=23817"},{"taxonomy":"product_tag","embeddable":true,"href":"https:\/\/boreait.com\/hr\/wp-json\/wp\/v2\/product_tag?post=23817"}],"curies":[{"name":"wp","href":"https:\/\/api.w.org\/{rel}","templated":true}]}}