{"id":23772,"date":"2025-07-25T12:15:29","date_gmt":"2025-07-25T12:15:29","guid":{"rendered":"https:\/\/boreait.com\/hr\/?post_type=product&#038;p=23772"},"modified":"2026-01-27T08:24:23","modified_gmt":"2026-01-27T08:24:23","slug":"podrska-za-originalni-nosac-zaslona-dell-latitude-e5530-ec0m1000400-ec0m1000300","status":"publish","type":"product","link":"https:\/\/boreait.com\/hr\/product\/podrska-za-originalni-nosac-zaslona-dell-latitude-e5530-ec0m1000400-ec0m1000300\/","title":{"rendered":"Podr\u0161ka za originalni nosa\u010d zaslona Dell Latitude E5530 EC0M1000400 EC0M1000300"},"content":{"rendered":"<p>Pobolj\u0161ajte izdr\u017eljivost i stabilnost zaslona prijenosnog ra\u010dunala Dell Latitude E5530 s originalnom podr\u0161kom za dr\u017ea\u010d zaslona, kompatibilnom s brojevima dijelova EC0M1000400 i EC0M1000300. Izra\u0111en imaju\u0107i na umu preciznost i pouzdanost, ovaj autenti\u010dni zamjenski dio osigurava da va\u0161 zaslon ostaje sigurno na mjestu, pru\u017eaju\u0107i dodatnu za\u0161titu od o\u0161te\u0107enja.<\/p>\n<p>Klju\u010dne zna\u010dajke:<\/p>\n<ul>\n<li>Originalna Dell zamjena: Osigurajte kompatibilnost i pouzdanost s autenti\u010dnim zamjenskim dijelom.<\/li>\n<li>Jednostavna instalacija: jednostavno nadogradite podr\u0161ku za zaslon prijenosnog ra\u010dunala jednostavnom instalacijom, bez potrebe za stru\u010dnom pomo\u0107i.<\/li>\n<li>Pobolj\u0161ana izdr\u017eljivost: Za\u0161titite zaslon svog prijenosnog ra\u010dunala od o\u0161te\u0107enja i osigurajte stabilnost s ovim \u010dvrstim nosa\u010dem.<\/li>\n<\/ul>\n<p>Nadogradite svoje prijenosno ra\u010dunalo Dell Latitude E5530 danas s originalnom podr\u0161kom za nosa\u010d zaslona. Kupujte s povjerenjem, znaju\u0107i da ula\u017eete u kvalitetan zamjenski dio za svoje prijenosno ra\u010dunalo. Imajte na umu da iako detaljne upute za instalaciju nisu navedene, slobodno se obratite ako imate pitanja ili trebate pomo\u0107. Stvarne fotografije proizvoda u popisu to\u010dno prikazuju ono \u0161to \u0107ete dobiti, odra\u017eavaju\u0107i na\u0161u predanost transparentnosti i zadovoljstvu kupaca. Ako imate bilo kakvih pitanja ili trebate dodatnu pomo\u0107, slobodno nas kontaktirajte. Ovdje smo da vam pomognemo pove\u0107ati izdr\u017eljivost va\u0161eg ure\u0111aja<\/p>\n","protected":false},"excerpt":{"rendered":"<p>Nadogradite podr\u0161ku za zaslon svog Dell Latitude E5530 ovom originalnom podr\u0161kom za nosa\u010d zaslona. Jednostavan za instalaciju i kompatibilan s brojevima dijelova EC0M1000400 i EC0M1000300. Pove\u0107ajte izdr\u017eljivost svog prijenosnog ra\u010dunala danas<\/p>\n","protected":false},"featured_media":23831,"template":"","meta":[],"product_brand":[],"product_cat":[51],"product_tag":[52],"class_list":{"0":"post-23772","1":"product","2":"type-product","3":"status-publish","4":"has-post-thumbnail","6":"product_cat-laptop-housing","7":"product_tag-dell","9":"first","10":"instock","11":"taxable","12":"shipping-taxable","13":"purchasable","14":"product-type-simple"},"_links":{"self":[{"href":"https:\/\/boreait.com\/hr\/wp-json\/wp\/v2\/product\/23772","targetHints":{"allow":["GET"]}}],"collection":[{"href":"https:\/\/boreait.com\/hr\/wp-json\/wp\/v2\/product"}],"about":[{"href":"https:\/\/boreait.com\/hr\/wp-json\/wp\/v2\/types\/product"}],"wp:featuredmedia":[{"embeddable":true,"href":"https:\/\/boreait.com\/hr\/wp-json\/wp\/v2\/media\/23831"}],"wp:attachment":[{"href":"https:\/\/boreait.com\/hr\/wp-json\/wp\/v2\/media?parent=23772"}],"wp:term":[{"taxonomy":"product_brand","embeddable":true,"href":"https:\/\/boreait.com\/hr\/wp-json\/wp\/v2\/product_brand?post=23772"},{"taxonomy":"product_cat","embeddable":true,"href":"https:\/\/boreait.com\/hr\/wp-json\/wp\/v2\/product_cat?post=23772"},{"taxonomy":"product_tag","embeddable":true,"href":"https:\/\/boreait.com\/hr\/wp-json\/wp\/v2\/product_tag?post=23772"}],"curies":[{"name":"wp","href":"https:\/\/api.w.org\/{rel}","templated":true}]}}