{"id":23748,"date":"2025-07-25T12:15:06","date_gmt":"2025-07-25T12:15:06","guid":{"rendered":"https:\/\/boreait.com\/hr\/?post_type=product&#038;p=23748"},"modified":"2026-01-27T08:22:17","modified_gmt":"2026-01-27T08:22:17","slug":"video-zaslon-lcd-led-lvds-kabel-za-dell-latitude-e5530-0r1c56-dc02c006c00-dijelovi-prijenosnog-racunala-2","status":"publish","type":"product","link":"https:\/\/boreait.com\/hr\/product\/video-zaslon-lcd-led-lvds-kabel-za-dell-latitude-e5530-0r1c56-dc02c006c00-dijelovi-prijenosnog-racunala-2\/","title":{"rendered":"Video zaslon LCD LED LVDS kabel za DELL Latitude E5530 0R1C56 DC02C006C00 dijelovi prijenosnog ra\u010dunala"},"content":{"rendered":"<p>Pobolj\u0161ajte performanse zaslona va\u0161eg prijenosnog ra\u010dunala DELL Latitude E5530 s LCD LED LVDS kabelom za video zaslon, kompatibilnim s brojem dijela 0R1C56 DC02C006C00. Izra\u0111en s precizno\u0161\u0107u i pouzdano\u0161\u0107u, ova originalna zamjena osigurava besprijekornu kompatibilnost i optimalan vizualni izlaz za va\u0161e ra\u010dunalne potrebe.<\/p>\n<p>Klju\u010dne zna\u010dajke:<\/p>\n<ul>\n<li>Originalna DELL zamjena: autenti\u010dnost i kompatibilnost zajam\u010deni za mir.<\/li>\n<li>Jednostavna instalacija: Nadogradite zaslon prijenosnog ra\u010dunala bez napora bez stru\u010dne pomo\u0107i.<\/li>\n<li>O\u0161tre slike: u\u017eivajte u jasnom i \u017eivopisnom zaslonu s ovim visokokvalitetnim LVDS kabelom.<\/li>\n<li>Kompatibilnost: Dizajnirano posebno za model DELL Latitude E5530, osigurava savr\u0161eno pristajanje i funkcionalnost.<\/li>\n<li>Dostava diljem svijeta: dostupna je brza i sigurna dostava diljem Europe i svijeta.<\/li>\n<\/ul>\n<p>Imajte na umu da iako detaljne upute za instalaciju nisu prilo\u017eene, slobodno se obratite ako imate pitanja ili trebate pomo\u0107. Stvarne fotografije proizvoda u popisu to\u010dno prikazuju ono \u0161to \u0107ete dobiti, odra\u017eavaju\u0107i na\u0161u predanost transparentnosti i zadovoljstvu kupaca.<\/p>\n<p>Nadogradite performanse zaslona svog prijenosnog ra\u010dunala DELL Latitude E5530 danas s originalnim LCD LED LVDS kabelom za video zaslon. Kupujte s povjerenjem, znaju\u0107i da ula\u017eete u kvalitetan zamjenski dio. Ako imate bilo kakvih pitanja ili trebate dodatnu pomo\u0107, slobodno nas kontaktirajte. Posve\u0107eni smo pomo\u0107i vam da pove\u0107ate potencijal va\u0161eg prijenosnog ra\u010dunala.<\/p>\n","protected":false},"excerpt":{"rendered":"<p>Nadogradite zaslon prijenosnog ra\u010dunala DELL Latitude E5530 ovim LCD LED LVDS kabelom za video zaslon. Originalni zamjenski dio za besprijekornu kompatibilnost. Kupite sada za o\u0161tar i jasan zaslon!<\/p>\n","protected":false},"featured_media":23818,"template":"","meta":[],"product_brand":[],"product_cat":[55],"product_tag":[52],"class_list":{"0":"post-23748","1":"product","2":"type-product","3":"status-publish","4":"has-post-thumbnail","6":"product_cat-cables","7":"product_tag-dell","9":"first","10":"instock","11":"taxable","12":"shipping-taxable","13":"purchasable","14":"product-type-simple"},"_links":{"self":[{"href":"https:\/\/boreait.com\/hr\/wp-json\/wp\/v2\/product\/23748","targetHints":{"allow":["GET"]}}],"collection":[{"href":"https:\/\/boreait.com\/hr\/wp-json\/wp\/v2\/product"}],"about":[{"href":"https:\/\/boreait.com\/hr\/wp-json\/wp\/v2\/types\/product"}],"wp:featuredmedia":[{"embeddable":true,"href":"https:\/\/boreait.com\/hr\/wp-json\/wp\/v2\/media\/23818"}],"wp:attachment":[{"href":"https:\/\/boreait.com\/hr\/wp-json\/wp\/v2\/media?parent=23748"}],"wp:term":[{"taxonomy":"product_brand","embeddable":true,"href":"https:\/\/boreait.com\/hr\/wp-json\/wp\/v2\/product_brand?post=23748"},{"taxonomy":"product_cat","embeddable":true,"href":"https:\/\/boreait.com\/hr\/wp-json\/wp\/v2\/product_cat?post=23748"},{"taxonomy":"product_tag","embeddable":true,"href":"https:\/\/boreait.com\/hr\/wp-json\/wp\/v2\/product_tag?post=23748"}],"curies":[{"name":"wp","href":"https:\/\/api.w.org\/{rel}","templated":true}]}}