{"id":23747,"date":"2025-07-25T12:15:06","date_gmt":"2025-07-25T12:15:06","guid":{"rendered":"https:\/\/boreait.com\/hr\/?post_type=product&#038;p=23747"},"modified":"2025-07-25T12:15:50","modified_gmt":"2025-07-25T12:15:50","slug":"dell-latitude-15-6-lcd-zaslon-samsung-ltn156at28-gc4hy-0gc4hy-originalni-zamjenski-dio","status":"publish","type":"product","link":"https:\/\/boreait.com\/hr\/product\/dell-latitude-15-6-lcd-zaslon-samsung-ltn156at28-gc4hy-0gc4hy-originalni-zamjenski-dio\/","title":{"rendered":"Dell Latitude 15.6&#8243; LCD zaslon Samsung LTN156AT28 GC4HY 0GC4HY Originalni zamjenski dio"},"content":{"rendered":"<p>Pobolj\u0161ajte vizualni do\u017eivljaj svog prijenosnog ra\u010dunala Dell Latitude s originalnim Samsung LTN156AT28 LCD zaslonom, kompatibilnim s razli\u010ditim modelima uklju\u010duju\u0107i GC4HY 0GC4HY. Izra\u0111en s precizno\u0161\u0107u i pouzdano\u0161\u0107u, ovaj autenti\u010dni zamjenski dio osigurava optimalne performanse zaslona za sve va\u0161e ra\u010dunalne potrebe.<\/p>\n<p>Klju\u010dne zna\u010dajke:<\/p>\n<ul>\n<li>Originalna Samsung zamjena: autenti\u010dnost i kompatibilnost zajam\u010deni za bezbri\u017enost.<\/li>\n<li>Jasne slike: u\u017eivajte u \u017eivopisnim bojama i o\u0161trim detaljima s ovim LCD zaslonom visoke kvalitete.<\/li>\n<li>Jednostavna instalacija: Nadogradite zaslon prijenosnog ra\u010dunala bez napora bez stru\u010dne pomo\u0107i.<\/li>\n<li>Kompatibilnost: Svestrana kompatibilnost s nizom modela Dell Latitude za dodatnu pogodnost.<\/li>\n<li>Dostava diljem svijeta: dostupna je brza i sigurna dostava diljem Europe i svijeta.<\/li>\n<\/ul>\n<p>Imajte na umu da iako detaljne upute za instalaciju nisu prilo\u017eene, slobodno se obratite ako imate pitanja ili trebate pomo\u0107. Stvarne fotografije proizvoda u popisu to\u010dno prikazuju ono \u0161to \u0107ete dobiti, odra\u017eavaju\u0107i na\u0161u predanost transparentnosti i zadovoljstvu kupaca.<\/p>\n<p>Nadogradite svoj zaslon prijenosnog ra\u010dunala Dell Latitude danas s originalnim Samsung LTN156AT28 LCD zaslonom. Kupujte s povjerenjem, znaju\u0107i da ula\u017eete u kvalitetnu zamjenu. Ako imate bilo kakvih pitanja ili trebate dodatnu pomo\u0107, slobodno nas kontaktirajte. Posve\u0107eni smo pomo\u0107i vam da pove\u0107ate potencijal va\u0161eg prijenosnog ra\u010dunala<\/p>\n","protected":false},"excerpt":{"rendered":"<p>Pobolj\u0161ajte zaslon svog prijenosnog ra\u010dunala Dell Latitude s ovim originalnim Samsung LTN156AT28 LCD zaslonom. Savr\u0161ena zamjena za o\u0161te\u0107ene ili neispravne zaslone, pru\u017eaju\u0107i jasne slike. Kompatibilan s raznim modelima Dell Latitude. Nadogradite zaslon svog prijenosnog ra\u010dunala danas!<\/p>\n","protected":false},"featured_media":23802,"template":"","meta":[],"product_brand":[],"product_cat":[57,56],"product_tag":[52],"class_list":{"0":"post-23747","1":"product","2":"type-product","3":"status-publish","4":"has-post-thumbnail","6":"product_cat-15-6","7":"product_cat-laptop-screens-lcd-panels","8":"product_tag-dell","10":"first","11":"instock","12":"taxable","13":"shipping-taxable","14":"purchasable","15":"product-type-simple"},"_links":{"self":[{"href":"https:\/\/boreait.com\/hr\/wp-json\/wp\/v2\/product\/23747","targetHints":{"allow":["GET"]}}],"collection":[{"href":"https:\/\/boreait.com\/hr\/wp-json\/wp\/v2\/product"}],"about":[{"href":"https:\/\/boreait.com\/hr\/wp-json\/wp\/v2\/types\/product"}],"wp:featuredmedia":[{"embeddable":true,"href":"https:\/\/boreait.com\/hr\/wp-json\/wp\/v2\/media\/23802"}],"wp:attachment":[{"href":"https:\/\/boreait.com\/hr\/wp-json\/wp\/v2\/media?parent=23747"}],"wp:term":[{"taxonomy":"product_brand","embeddable":true,"href":"https:\/\/boreait.com\/hr\/wp-json\/wp\/v2\/product_brand?post=23747"},{"taxonomy":"product_cat","embeddable":true,"href":"https:\/\/boreait.com\/hr\/wp-json\/wp\/v2\/product_cat?post=23747"},{"taxonomy":"product_tag","embeddable":true,"href":"https:\/\/boreait.com\/hr\/wp-json\/wp\/v2\/product_tag?post=23747"}],"curies":[{"name":"wp","href":"https:\/\/api.w.org\/{rel}","templated":true}]}}