{"id":23746,"date":"2025-07-25T12:15:06","date_gmt":"2025-07-25T12:15:06","guid":{"rendered":"https:\/\/boreait.com\/hr\/?post_type=product&#038;p=23746"},"modified":"2026-01-27T08:22:03","modified_gmt":"2026-01-27T08:22:03","slug":"dell-latitude-e5430-e5530-e6320-e6230-e6220-e6330-e6430-web-kamera-originalni-zamjenski-dio","status":"publish","type":"product","link":"https:\/\/boreait.com\/hr\/product\/dell-latitude-e5430-e5530-e6320-e6230-e6220-e6330-e6430-web-kamera-originalni-zamjenski-dio\/","title":{"rendered":"Dell Latitude E5430 E5530 E6320 E6230 E6220 E6330 E6430 web kamera &#8211; originalni zamjenski dio"},"content":{"rendered":"<p>Pove\u0107ajte mogu\u0107nosti videokonferencije va\u0161eg prijenosnog ra\u010dunala Dell Latitude s originalnim zamjenskim dijelom za web kameru kompatibilnim s modelima E5430, E5530, E6320, E6230, E6220, E6330 i E6430. Izra\u0111en s precizno\u0161\u0107u i pouzdano\u0161\u0107u, ova autenti\u010dna zamjena osigurava optimalne performanse za sve va\u0161e potrebe za video pozivima i konferencijama.<\/p>\n<p>Klju\u010dne zna\u010dajke:<\/p>\n<ul>\n<li>Originalna Dell zamjena: zajam\u010dena autenti\u010dnost i kompatibilnost, pru\u017eaju\u0107i bezbri\u017enost.<\/li>\n<li>Jednostavna instalacija: nadogradite prijenosno ra\u010dunalo bez napora bez stru\u010dne pomo\u0107i.<\/li>\n<li>Pouzdana izvedba: u\u017eivajte u o\u0161trim i jasnim videopozivima s ovom visokokvalitetnom web kamerom.<\/li>\n<li>Kompatibilnost: Svestrana kompatibilnost s nizom modela Dell Latitude za dodatnu pogodnost.<\/li>\n<li>Dostava diljem svijeta: dostupna je brza i sigurna dostava diljem Europe i svijeta.<\/li>\n<\/ul>\n<p>Imajte na umu da iako detaljne upute za instalaciju nisu prilo\u017eene, slobodno se obratite ako imate pitanja ili trebate pomo\u0107. Stvarne fotografije proizvoda u popisu to\u010dno prikazuju ono \u0161to \u0107ete dobiti, odra\u017eavaju\u0107i na\u0161u predanost transparentnosti i zadovoljstvu kupaca.<\/p>\n<p>Nadogradite svoje prijenosno ra\u010dunalo Dell Latitude danas s originalnim zamjenskim dijelom za web kameru. Kupujte s povjerenjem, znaju\u0107i da ula\u017eete u kvalitetnu zamjenu. Ako imate bilo kakvih pitanja ili trebate dodatnu pomo\u0107, slobodno nas kontaktirajte. Posve\u0107eni smo pomo\u0107i vam da pove\u0107ate potencijal va\u0161eg prijenosnog ra\u010dunala.<\/p>\n","protected":false},"excerpt":{"rendered":"<p>Nadogradite web-kameru prijenosnog ra\u010dunala Dell Latitude ovom originalnom zamjenskom kamerom. Kompatibilan s modelima E5430, E5530, E6320, E6230, E6220, E6330 i E6430. Jednostavan za instalaciju i osigurava pouzdan rad za video pozive.<\/p>\n","protected":false},"featured_media":23800,"template":"","meta":[],"product_brand":[],"product_cat":[62],"product_tag":[52],"class_list":{"0":"post-23746","1":"product","2":"type-product","3":"status-publish","4":"has-post-thumbnail","6":"product_cat-motherboards-board-parts","7":"product_tag-dell","9":"first","10":"instock","11":"taxable","12":"shipping-taxable","13":"purchasable","14":"product-type-simple"},"_links":{"self":[{"href":"https:\/\/boreait.com\/hr\/wp-json\/wp\/v2\/product\/23746","targetHints":{"allow":["GET"]}}],"collection":[{"href":"https:\/\/boreait.com\/hr\/wp-json\/wp\/v2\/product"}],"about":[{"href":"https:\/\/boreait.com\/hr\/wp-json\/wp\/v2\/types\/product"}],"wp:featuredmedia":[{"embeddable":true,"href":"https:\/\/boreait.com\/hr\/wp-json\/wp\/v2\/media\/23800"}],"wp:attachment":[{"href":"https:\/\/boreait.com\/hr\/wp-json\/wp\/v2\/media?parent=23746"}],"wp:term":[{"taxonomy":"product_brand","embeddable":true,"href":"https:\/\/boreait.com\/hr\/wp-json\/wp\/v2\/product_brand?post=23746"},{"taxonomy":"product_cat","embeddable":true,"href":"https:\/\/boreait.com\/hr\/wp-json\/wp\/v2\/product_cat?post=23746"},{"taxonomy":"product_tag","embeddable":true,"href":"https:\/\/boreait.com\/hr\/wp-json\/wp\/v2\/product_tag?post=23746"}],"curies":[{"name":"wp","href":"https:\/\/api.w.org\/{rel}","templated":true}]}}