{"id":23745,"date":"2025-07-25T12:15:06","date_gmt":"2025-07-25T12:15:06","guid":{"rendered":"https:\/\/boreait.com\/hr\/?post_type=product&#038;p=23745"},"modified":"2026-01-27T08:21:47","modified_gmt":"2026-01-27T08:21:47","slug":"zamjenska-ladica-za-dell-latitude-e5530-hdd-caddy-0dgj8m-originalni-dijelovi-za-prijenosna-racunala","status":"publish","type":"product","link":"https:\/\/boreait.com\/hr\/product\/zamjenska-ladica-za-dell-latitude-e5530-hdd-caddy-0dgj8m-originalni-dijelovi-za-prijenosna-racunala\/","title":{"rendered":"Zamjenska ladica za Dell Latitude E5530 HDD Caddy 0DGJ8M &#8211; originalni dijelovi za prijenosna ra\u010dunala"},"content":{"rendered":"<p>Pobolj\u0161ajte mogu\u0107nosti pohrane va\u0161eg Dell Latitude E5530 s originalnom zamjenskom ladicom za HDD Caddy 0DGJ8M. Izra\u0111ena za pouzdanost i kompatibilnost, ova ladica osigurava besprijekornu integraciju s va\u0161im prijenosnim ra\u010dunalom za optimalnu izvedbu.<\/p>\n<p><strong>Klju\u010dne zna\u010dajke:<\/strong><\/p>\n<ul>\n<li>Originalna Dell zamjena: autenti\u010dnost i kompatibilnost zajam\u010deni za bezbri\u017enost.<\/li>\n<li>Jednostavna instalacija: nadogradite pohranu prijenosnog ra\u010dunala bez napora bez stru\u010dne pomo\u0107i.<\/li>\n<li>Pobolj\u0161ana pohrana: Pro\u0161irite kapacitet pohrane prijenosnog ra\u010dunala za ve\u0107u funkcionalnost i prakti\u010dnost.<\/li>\n<li>Kompatibilnost: Dizajniran za besprijekoran rad s Dell Latitude E5530 za jednostavnu instalaciju.<\/li>\n<li>Dostava diljem svijeta: dostupna je brza i sigurna dostava diljem Europe i svijeta.<\/li>\n<\/ul>\n<p><strong>Instalacija:<\/strong><\/p>\n<p>Imajte na umu da iako detaljne upute za instalaciju nisu prilo\u017eene, slobodno se obratite ako imate pitanja ili trebate pomo\u0107. Stvarne fotografije proizvoda u popisu to\u010dno prikazuju ono \u0161to \u0107ete dobiti, odra\u017eavaju\u0107i na\u0161u predanost transparentnosti i zadovoljstvu kupaca.<\/p>\n<p>Nadogradite svoj Dell Latitude E5530 danas sa zamjenskom ladicom za HDD Caddy 0DGJ8M. Kupujte s povjerenjem, znaju\u0107i da ula\u017eete u kvalitetan zamjenski dio. Ako imate bilo kakvih pitanja ili trebate dodatnu pomo\u0107, slobodno nas kontaktirajte. Posve\u0107eni smo pomo\u0107i vam da pove\u0107ate potencijal va\u0161eg prijenosnog ra\u010dunala.<\/p>\n","protected":false},"excerpt":{"rendered":"<p>Nadogradite svoj Dell Latitude E5530 ovom originalnom zamjenskom ladicom za HDD Caddy 0DGJ8M. Jednostavna instalacija i kompatibilnost \u010dine ga savr\u0161enim za pobolj\u0161anje mogu\u0107nosti pohrane. Kupite sada za besprijekornu nadogradnju!<\/p>\n","protected":false},"featured_media":23798,"template":"","meta":[],"product_brand":[],"product_cat":[51],"product_tag":[52],"class_list":{"0":"post-23745","1":"product","2":"type-product","3":"status-publish","4":"has-post-thumbnail","6":"product_cat-laptop-housing","7":"product_tag-dell","9":"first","10":"instock","11":"taxable","12":"shipping-taxable","13":"purchasable","14":"product-type-simple"},"_links":{"self":[{"href":"https:\/\/boreait.com\/hr\/wp-json\/wp\/v2\/product\/23745","targetHints":{"allow":["GET"]}}],"collection":[{"href":"https:\/\/boreait.com\/hr\/wp-json\/wp\/v2\/product"}],"about":[{"href":"https:\/\/boreait.com\/hr\/wp-json\/wp\/v2\/types\/product"}],"wp:featuredmedia":[{"embeddable":true,"href":"https:\/\/boreait.com\/hr\/wp-json\/wp\/v2\/media\/23798"}],"wp:attachment":[{"href":"https:\/\/boreait.com\/hr\/wp-json\/wp\/v2\/media?parent=23745"}],"wp:term":[{"taxonomy":"product_brand","embeddable":true,"href":"https:\/\/boreait.com\/hr\/wp-json\/wp\/v2\/product_brand?post=23745"},{"taxonomy":"product_cat","embeddable":true,"href":"https:\/\/boreait.com\/hr\/wp-json\/wp\/v2\/product_cat?post=23745"},{"taxonomy":"product_tag","embeddable":true,"href":"https:\/\/boreait.com\/hr\/wp-json\/wp\/v2\/product_tag?post=23745"}],"curies":[{"name":"wp","href":"https:\/\/api.w.org\/{rel}","templated":true}]}}