{"id":23728,"date":"2025-07-25T12:14:41","date_gmt":"2025-07-25T12:14:41","guid":{"rendered":"https:\/\/boreait.com\/hr\/?post_type=product&#038;p=23728"},"modified":"2026-01-27T08:21:34","modified_gmt":"2026-01-27T08:21:34","slug":"dell-dw1504-bezicna-wifi-mini-pcie-kartica-broadcom-bcm94313hmg2l-originalni-zamjenski-dio","status":"publish","type":"product","link":"https:\/\/boreait.com\/hr\/product\/dell-dw1504-bezicna-wifi-mini-pcie-kartica-broadcom-bcm94313hmg2l-originalni-zamjenski-dio\/","title":{"rendered":"Dell DW1504 be\u017ei\u010dna WiFi Mini PCIe kartica Broadcom BCM94313HMG2L &#8211; originalni zamjenski dio"},"content":{"rendered":"<p>Pobolj\u0161ajte be\u017ei\u010dnu povezanost va\u0161eg prijenosnog ra\u010dunala s Dell DW1504 Wireless WiFi Mini PCIe karticom koja sadr\u017ei Broadcom BCM94313HMG2L \u010dipset. Ovaj originalni zamjenski dio osigurava optimalne performanse i kompatibilnost za va\u0161e ra\u010dunalne potrebe.<\/p>\n<p>Klju\u010dne zna\u010dajke:<\/p>\n<ul>\n<li>Originalna Dell zamjena: autenti\u010dnost i pouzdanost zajam\u010dena za bezbri\u017enost.<\/li>\n<li>Jednostavna instalacija: nadogradite be\u017ei\u010dne mogu\u0107nosti prijenosnog ra\u010dunala bez napora bez stru\u010dne pomo\u0107i.<\/li>\n<li>Pouzdana izvedba: u\u017eivajte u stabilnoj i brzoj be\u017ei\u010dnoj vezi za besprijekorno pregledavanje, strujanje itd.<\/li>\n<li>Kompatibilnost: Dizajniran za besprijekoran rad s razli\u010ditim modelima prijenosnih ra\u010dunala, pru\u017eaju\u0107i svestranost za va\u0161e potrebe.<\/li>\n<li>Dostava diljem svijeta: dostupna je brza i sigurna dostava diljem Europe i svijeta.<\/li>\n<\/ul>\n<p>Imajte na umu da iako detaljne upute za instalaciju nisu prilo\u017eene, slobodno se obratite ako imate pitanja ili trebate pomo\u0107. Stvarne fotografije proizvoda u popisu to\u010dno prikazuju ono \u0161to \u0107ete dobiti, odra\u017eavaju\u0107i na\u0161u predanost transparentnosti i zadovoljstvu kupaca.<\/p>\n<p>Nadogradite be\u017ei\u010dnu povezanost svog prijenosnog ra\u010dunala ve\u0107 danas s Dell DW1504 Wireless WiFi Mini PCIe karticom. Kupujte s povjerenjem, znaju\u0107i da ula\u017eete u kvalitetan zamjenski dio. Ako imate bilo kakvih pitanja ili trebate dodatnu pomo\u0107, slobodno nas kontaktirajte. Posve\u0107eni smo pomo\u0107i vam da pove\u0107ate potencijal va\u0161eg prijenosnog ra\u010dunala.<\/p>\n","protected":false},"excerpt":{"rendered":"<p>Pobolj\u0161ajte povezivost svog prijenosnog ra\u010dunala s originalnom Dell DW1504 Wireless WiFi Mini PCIe karticom. Jednostavan za instalaciju i pouzdane performanse, to je savr\u0161eni zamjenski dio za nadogradnju be\u017ei\u010dnih mogu\u0107nosti va\u0161eg prijenosnog ra\u010dunala. Kompatibilan s razli\u010ditim modelima prijenosnih ra\u010dunala. Nadogradite sada za besprijekorno be\u017ei\u010dno povezivanje!<\/p>\n","protected":false},"featured_media":23796,"template":"","meta":[],"product_brand":[],"product_cat":[62],"product_tag":[52],"class_list":{"0":"post-23728","1":"product","2":"type-product","3":"status-publish","4":"has-post-thumbnail","6":"product_cat-motherboards-board-parts","7":"product_tag-dell","9":"first","10":"instock","11":"taxable","12":"shipping-taxable","13":"purchasable","14":"product-type-simple"},"_links":{"self":[{"href":"https:\/\/boreait.com\/hr\/wp-json\/wp\/v2\/product\/23728","targetHints":{"allow":["GET"]}}],"collection":[{"href":"https:\/\/boreait.com\/hr\/wp-json\/wp\/v2\/product"}],"about":[{"href":"https:\/\/boreait.com\/hr\/wp-json\/wp\/v2\/types\/product"}],"wp:featuredmedia":[{"embeddable":true,"href":"https:\/\/boreait.com\/hr\/wp-json\/wp\/v2\/media\/23796"}],"wp:attachment":[{"href":"https:\/\/boreait.com\/hr\/wp-json\/wp\/v2\/media?parent=23728"}],"wp:term":[{"taxonomy":"product_brand","embeddable":true,"href":"https:\/\/boreait.com\/hr\/wp-json\/wp\/v2\/product_brand?post=23728"},{"taxonomy":"product_cat","embeddable":true,"href":"https:\/\/boreait.com\/hr\/wp-json\/wp\/v2\/product_cat?post=23728"},{"taxonomy":"product_tag","embeddable":true,"href":"https:\/\/boreait.com\/hr\/wp-json\/wp\/v2\/product_tag?post=23728"}],"curies":[{"name":"wp","href":"https:\/\/api.w.org\/{rel}","templated":true}]}}