{"id":23727,"date":"2025-07-25T12:14:41","date_gmt":"2025-07-25T12:14:41","guid":{"rendered":"https:\/\/boreait.com\/hr\/?post_type=product&#038;p=23727"},"modified":"2026-01-27T08:21:18","modified_gmt":"2026-01-27T08:21:18","slug":"dell-latitude-e5530-ploca-gumba-za-ukljucivanje-jpwr1-originalni-zamjenski-dio","status":"publish","type":"product","link":"https:\/\/boreait.com\/hr\/product\/dell-latitude-e5530-ploca-gumba-za-ukljucivanje-jpwr1-originalni-zamjenski-dio\/","title":{"rendered":"Dell Latitude E5530 plo\u010da gumba za uklju\u010divanje JPWR1 &#8211; originalni zamjenski dio"},"content":{"rendered":"<p>Revitalizirajte svoj Dell Latitude E5530 s originalnom JPWR1 plo\u010dom gumba za napajanje, dizajniranom za vra\u0107anje funkcionalnosti napajanja i osiguravanje besprijekornih performansi.<\/p>\n<p><strong>Klju\u010dne zna\u010dajke:<\/strong><\/p>\n<ul>\n<li>Originalna Dell zamjena: zajam\u010dena autenti\u010dnost za kompatibilnost i pouzdanost.<\/li>\n<li>Jednostavna instalacija: bez napora zamijenite plo\u010du gumba za uklju\u010divanje bez stru\u010dne pomo\u0107i.<\/li>\n<li>Vra\u0107anje funkcionalnosti napajanja: rije\u0161ite probleme s kontrolom napajanja i osigurajte neometan rad.<\/li>\n<li>Kompatibilnost: Posebno dizajnirano za Dell Latitude E5530, osiguravaju\u0107i savr\u0161eno pristajanje.<\/li>\n<li>Dostava diljem svijeta: sigurna dostava dostupna je za dostavu diljem Europe i svijeta.<\/li>\n<\/ul>\n<p>Imajte na umu da iako detaljne upute za instalaciju nisu prilo\u017eene, slobodno se obratite ako imate pitanja ili trebate pomo\u0107. Stvarne fotografije proizvoda u popisu to\u010dno prikazuju ono \u0161to \u0107ete dobiti, odra\u017eavaju\u0107i na\u0161u predanost transparentnosti i zadovoljstvu kupaca.<\/p>\n<p>O\u017eivite svoj Dell Latitude E5530 s JPWR1 plo\u010dom gumba za uklju\u010divanje. Kupujte s povjerenjem, znaju\u0107i da ula\u017eete u originalni zamjenski dio. Ako imate bilo kakvih pitanja ili trebate dodatnu pomo\u0107, slobodno nas kontaktirajte. Posve\u0107eni smo pomo\u0107i vam da vratite funkcionalnost svog ure\u0111aja.<\/p>\n","protected":false},"excerpt":{"rendered":"<p>Zamijenite plo\u010du gumba za uklju\u010divanje va\u0161eg Dell Latitude E5530 s originalnim JPWR1 dijelom. Jednostavna instalacija za vra\u0107anje funkcionalnosti napajanja. Osigurajte kompatibilnost i pouzdan rad. Kupi sada!<\/p>\n","protected":false},"featured_media":23794,"template":"","meta":[],"product_brand":[],"product_cat":[62],"product_tag":[52],"class_list":{"0":"post-23727","1":"product","2":"type-product","3":"status-publish","4":"has-post-thumbnail","6":"product_cat-motherboards-board-parts","7":"product_tag-dell","9":"first","10":"instock","11":"taxable","12":"shipping-taxable","13":"purchasable","14":"product-type-simple"},"_links":{"self":[{"href":"https:\/\/boreait.com\/hr\/wp-json\/wp\/v2\/product\/23727","targetHints":{"allow":["GET"]}}],"collection":[{"href":"https:\/\/boreait.com\/hr\/wp-json\/wp\/v2\/product"}],"about":[{"href":"https:\/\/boreait.com\/hr\/wp-json\/wp\/v2\/types\/product"}],"wp:featuredmedia":[{"embeddable":true,"href":"https:\/\/boreait.com\/hr\/wp-json\/wp\/v2\/media\/23794"}],"wp:attachment":[{"href":"https:\/\/boreait.com\/hr\/wp-json\/wp\/v2\/media?parent=23727"}],"wp:term":[{"taxonomy":"product_brand","embeddable":true,"href":"https:\/\/boreait.com\/hr\/wp-json\/wp\/v2\/product_brand?post=23727"},{"taxonomy":"product_cat","embeddable":true,"href":"https:\/\/boreait.com\/hr\/wp-json\/wp\/v2\/product_cat?post=23727"},{"taxonomy":"product_tag","embeddable":true,"href":"https:\/\/boreait.com\/hr\/wp-json\/wp\/v2\/product_tag?post=23727"}],"curies":[{"name":"wp","href":"https:\/\/api.w.org\/{rel}","templated":true}]}}