{"id":23635,"date":"2025-07-25T12:13:31","date_gmt":"2025-07-25T12:13:31","guid":{"rendered":"https:\/\/boreait.com\/hr\/?post_type=product&#038;p=23635"},"modified":"2026-01-27T08:17:19","modified_gmt":"2026-01-27T08:17:19","slug":"dell-latitude-e7250-tipkovnica-obrub-okvira-poklopca-surround-frame-6k74c-06k74c-zamjenski-dio","status":"publish","type":"product","link":"https:\/\/boreait.com\/hr\/product\/dell-latitude-e7250-tipkovnica-obrub-okvira-poklopca-surround-frame-6k74c-06k74c-zamjenski-dio\/","title":{"rendered":"Dell Latitude E7250 tipkovnica Obrub okvira poklopca Surround Frame 6K74C 06K74C Zamjenski dio"},"content":{"rendered":"<p>Podignite estetiku i funkcionalnost svog prijenosnog ra\u010dunala Dell Latitude E7250 s ovim okru\u017euju\u0107im okvirom poklopca okvira tipkovnice. Izra\u0111en prema preciznim specifikacijama tvrtke Dell, ovaj zamjenski dio (broj dijela 6K74C ili 06K74C) jam\u010di besprijekorno pristajanje i vra\u0107a originalni elegantni dizajn va\u0161eg ure\u0111aja.<\/p>\n<p>Izra\u0111en od visokokvalitetnih materijala, ovaj originalni Dell dio osigurava izdr\u017eljivost i dugovje\u010dnost. Bez obzira je li va\u0161 trenutni okvir okvira tipkovnice o\u0161te\u0107en, istro\u0161en ili nedostaje, ovaj zamjenski okvir nudi isplativo rje\u0161enje za vra\u0107anje izgleda i funkcionalnosti va\u0161eg prijenosnog ra\u010dunala.<\/p>\n<p>Instalacija je jednostavna i ne zahtijeva posebne vje\u0161tine. Jednostavno uklonite stari poklopac okvira i zamijenite ga ovim novim kako biste odmah pomladili svoj Dell Latitude E7250.<\/p>\n<p>U Siggmo.com prioritet nam je zadovoljstvo kupaca i nastojimo pru\u017eiti visokokvalitetne proizvode s izvanrednom uslugom. Svaki dio je pa\u017eljivo pregledan kako bi se osigurala njegova autenti\u010dnost i u\u010dinkovitost. Osim toga, na\u0161e stvarne fotografije proizvoda nude transparentnost, omogu\u0107uju\u0107i vam da to\u010dno vidite \u0161to \u0107ete dobiti.<\/p>\n<p>Ako imate bilo kakvih pitanja ili trebate dodatnu pomo\u0107, ne ustru\u010davajte se kontaktirati nas. Unaprijedite svoje iskustvo s Dell Latitude E7250 s ovim pouzdanim okru\u017euju\u0107im okvirom poklopca okvira tipkovnice s Siggmo.com.<\/p>\n","protected":false},"excerpt":{"rendered":"<p>Zamijenite o\u0161te\u0107eni ili istro\u0161eni okvir okvira tipkovnice ovim originalnim zamjenskim dijelom za Dell Latitude E7250. Napravljen da savr\u0161eno pristaje, ovaj okvir za tipkovnicu (broj dijela 6K74C ili 06K74C) vra\u0107a ugla\u0111en izgled va\u0161em prijenosnom ra\u010dunalu. Jednostavan za instalaciju, to je pristupa\u010dno rje\u0161enje za odr\u017eavanje va\u0161eg Dell Latitude E7250 u vrhunskom stanju.<\/p>\n","protected":false},"featured_media":23689,"template":"","meta":[],"product_brand":[],"product_cat":[51],"product_tag":[52],"class_list":{"0":"post-23635","1":"product","2":"type-product","3":"status-publish","4":"has-post-thumbnail","6":"product_cat-laptop-housing","7":"product_tag-dell","9":"first","10":"instock","11":"taxable","12":"shipping-taxable","13":"purchasable","14":"product-type-simple"},"_links":{"self":[{"href":"https:\/\/boreait.com\/hr\/wp-json\/wp\/v2\/product\/23635","targetHints":{"allow":["GET"]}}],"collection":[{"href":"https:\/\/boreait.com\/hr\/wp-json\/wp\/v2\/product"}],"about":[{"href":"https:\/\/boreait.com\/hr\/wp-json\/wp\/v2\/types\/product"}],"wp:featuredmedia":[{"embeddable":true,"href":"https:\/\/boreait.com\/hr\/wp-json\/wp\/v2\/media\/23689"}],"wp:attachment":[{"href":"https:\/\/boreait.com\/hr\/wp-json\/wp\/v2\/media?parent=23635"}],"wp:term":[{"taxonomy":"product_brand","embeddable":true,"href":"https:\/\/boreait.com\/hr\/wp-json\/wp\/v2\/product_brand?post=23635"},{"taxonomy":"product_cat","embeddable":true,"href":"https:\/\/boreait.com\/hr\/wp-json\/wp\/v2\/product_cat?post=23635"},{"taxonomy":"product_tag","embeddable":true,"href":"https:\/\/boreait.com\/hr\/wp-json\/wp\/v2\/product_tag?post=23635"}],"curies":[{"name":"wp","href":"https:\/\/api.w.org\/{rel}","templated":true}]}}