{"id":23633,"date":"2025-07-25T12:13:31","date_gmt":"2025-07-25T12:13:31","guid":{"rendered":"https:\/\/boreait.com\/hr\/?post_type=product&#038;p=23633"},"modified":"2025-07-25T12:14:10","modified_gmt":"2025-07-25T12:14:10","slug":"originalni-zamjenski-dijelovi-za-sarke-sarki-za-lcd-zaslon-dell-latitude-e7250-am14a000300-am14a00040","status":"publish","type":"product","link":"https:\/\/boreait.com\/hr\/product\/originalni-zamjenski-dijelovi-za-sarke-sarki-za-lcd-zaslon-dell-latitude-e7250-am14a000300-am14a00040\/","title":{"rendered":"Originalni zamjenski dijelovi za \u0161arke \u0161arki za LCD zaslon DELL Latitude E7250 &#8211; AM14A000300 AM14A00040"},"content":{"rendered":"<ul>\n<li>Dajte svom DELL Latitude E7250 novi \u017eivot s na\u0161im originalnim zamjenskim dijelovima za \u0161arke LCD zaslona. Dizajnirane posebno za model Latitude E7250, ove su \u0161arke savr\u0161eno rje\u0161enje za one koji imaju problema s pomicanjem zaslona prijenosnog ra\u010dunala. Bilo da su vam \u0161arke istro\u0161ene od godina kori\u0161tenja ili ste se susreli s nesretnom nezgodom, na\u0161i zamjenski dijelovi nude pouzdano rje\u0161enje. Dell brojevi dijelova: AM14A000300 AM14A00040<\/li>\n<\/ul>\n<p>Na\u0161e su \u0161arke izra\u0111ene imaju\u0107i na umu preciznost i izdr\u017eljivost, osiguravaju\u0107i glatko i stabilno kretanje svaki put kada otvorite ili zatvorite prijenosno ra\u010dunalo. Instalacija je jednostavna i iako ne dajemo posebne upute, tu smo da vam pomognemo ako imate bilo kakvih pitanja. Jednostavno nam po\u0161aljite poruku i na\u0161 tim za podr\u0161ku \u0107e vas voditi kroz proces.<\/p>\n<p><strong>Klju\u010dne zna\u010dajke:<\/strong><\/p>\n<ul>\n<li>Originalni zamjenski dijelovi za \u0161arke \u0161arki LCD zaslona DELL Latitude E7250<\/li>\n<li>Kompatibilno s modelima DELL Latitude E7250<\/li>\n<li>Izra\u0111en za izdr\u017eljivost i preciznost<\/li>\n<li>Jednostavan za instalaciju, nije potrebna stru\u010dna pomo\u0107<\/li>\n<li>Brza dostava za brz i prakti\u010dan postupak zamjene<\/li>\n<\/ul>\n<p>Vratite svoje prijenosno ra\u010dunalo u njegovu punu funkcionalnost i pobolj\u0161ajte svoje cjelokupno ra\u010dunalno iskustvo. Na\u0161e zamjenske \u0161arke podupiru na\u0161a predanost kvaliteti i zadovoljstvu kupaca. Naru\u010dite sada i u\u017eivajte u brzoj dostavi<\/p>\n","protected":false},"excerpt":{"rendered":"<p>Zamijenite istro\u0161ene ili o\u0161te\u0107ene LCD \u0161arke na va\u0161em DELL Latitude E7250 ovim originalnim zamjenskim dijelovima. Izra\u0111ene za izdr\u017eljivost i preciznost, ove \u0161arke osiguravaju glatko otvaranje i zatvaranje zaslona va\u0161eg prijenosnog ra\u010dunala. Kompatibilne s modelima DELL Latitude E7250, ove \u0161arke dolaze s jamstvom kvalitete. Dostupna je brza dostava, tako da svoje prijenosno ra\u010dunalo mo\u017eete vratiti u optimalno stanje u tren oka.<\/p>\n","protected":false},"featured_media":23686,"template":"","meta":[],"product_brand":[],"product_cat":[54],"product_tag":[52],"class_list":{"0":"post-23633","1":"product","2":"type-product","3":"status-publish","4":"has-post-thumbnail","6":"product_cat-screen-hinge","7":"product_tag-dell","9":"first","10":"instock","11":"taxable","12":"shipping-taxable","13":"purchasable","14":"product-type-simple"},"_links":{"self":[{"href":"https:\/\/boreait.com\/hr\/wp-json\/wp\/v2\/product\/23633","targetHints":{"allow":["GET"]}}],"collection":[{"href":"https:\/\/boreait.com\/hr\/wp-json\/wp\/v2\/product"}],"about":[{"href":"https:\/\/boreait.com\/hr\/wp-json\/wp\/v2\/types\/product"}],"wp:featuredmedia":[{"embeddable":true,"href":"https:\/\/boreait.com\/hr\/wp-json\/wp\/v2\/media\/23686"}],"wp:attachment":[{"href":"https:\/\/boreait.com\/hr\/wp-json\/wp\/v2\/media?parent=23633"}],"wp:term":[{"taxonomy":"product_brand","embeddable":true,"href":"https:\/\/boreait.com\/hr\/wp-json\/wp\/v2\/product_brand?post=23633"},{"taxonomy":"product_cat","embeddable":true,"href":"https:\/\/boreait.com\/hr\/wp-json\/wp\/v2\/product_cat?post=23633"},{"taxonomy":"product_tag","embeddable":true,"href":"https:\/\/boreait.com\/hr\/wp-json\/wp\/v2\/product_tag?post=23633"}],"curies":[{"name":"wp","href":"https:\/\/api.w.org\/{rel}","templated":true}]}}