{"id":23630,"date":"2025-07-25T12:13:30","date_gmt":"2025-07-25T12:13:30","guid":{"rendered":"https:\/\/boreait.com\/hr\/?post_type=product&#038;p=23630"},"modified":"2025-07-25T12:14:07","modified_gmt":"2025-07-25T12:14:07","slug":"originalni-dell-latitude-e7250-set-poklopaca-s-lijevim-i-desnim-sarkama-07xp3d-09dmm4-dijelovi-prijenosnog-racunala","status":"publish","type":"product","link":"https:\/\/boreait.com\/hr\/product\/originalni-dell-latitude-e7250-set-poklopaca-s-lijevim-i-desnim-sarkama-07xp3d-09dmm4-dijelovi-prijenosnog-racunala\/","title":{"rendered":"Originalni Dell Latitude E7250 set poklopaca s lijevim i desnim \u0161arkama 07XP3D 09DMM4 &#8211; dijelovi prijenosnog ra\u010dunala"},"content":{"rendered":"<div class=\"flex-1 overflow-hidden\">\n<div class=\"react-scroll-to-bottom--css-eeydf-79elbk h-full\">\n<div class=\"react-scroll-to-bottom--css-eeydf-1n7m0yu\">\n<div class=\"flex flex-col text-sm pb-9\">\n<div class=\"w-full text-token-text-primary\" data-testid=\"conversation-turn-9\">\n<div class=\"px-4 py-2 justify-center text-base md:gap-6 m-auto\">\n<div class=\"flex flex-1 text-base mx-auto gap-3 md:px-5 lg:px-1 xl:px-5 md:max-w-3xl lg:max-w-[40rem] xl:max-w-[48rem] final-completion grupe\">\n<div class=\"relative flex w-full flex-col agent-turn\">\n<div class=\"flex-col gap-1 md:gap-3\">\n<div class=\"flex flex-grow flex-col max-w-full\">\n<div class=\"min-h-[20px] text-message flex flex-col items-start gap-3 whitespace-pre-wrap break-words [.text-message+&amp;]:mt-5 overflow-x-auto\" data-message-author-role=\"asistent\" data-message-id=\"548ff5a1-8c52-477f-91f8-b1e924516071\">\n<div class=\"markdown prose w-full break-words dark:prose-invert dark\">\n<p>Nadogradite svoje prijenosno ra\u010dunalo Dell Latitude E7250 na\u0161im originalnim lijevim &amp; Set poklopaca za desne \u0161arke, koji sadr\u017ei dijelove 07XP3D i 09DMM4. Dizajnirane za kompatibilnost i izdr\u017eljivost, ove pokrovne kapice \u0161arki pru\u017eaju savr\u0161eno rje\u0161enje za zamjenu istro\u0161enih ili o\u0161te\u0107enih komponenti.<\/p>\n<p><strong>Klju\u010dne zna\u010dajke:<\/strong><\/p>\n<ul>\n<li>Originalni Dell dijelovi: Budite sigurni da koristite autenti\u010dne Dell komponente za pouzdano i sigurno pristajanje.<\/li>\n<li>Kompatibilnost: posebno izra\u0111eno za prijenosna ra\u010dunala Dell Latitude E7250, osiguravaju\u0107i savr\u0161eno podudaranje.<\/li>\n<li>Jednostavna instalacija: Zamijenite svoje stare poklopce \u0161arki bez napora, daju\u0107i va\u0161em prijenosnom ra\u010dunalu svje\u017e i funkcionalan izgled.<\/li>\n<li>Jamstvo kvalitete: rigorozno testiranje i kontrola kvalitete jam\u010de izvedbu i dugovje\u010dnost.<\/li>\n<\/ul>\n<p><strong>Kompatibilnost:<\/strong><\/p>\n<ul>\n<li>Dell Latitude E7250<\/li>\n<\/ul>\n<p><strong>Paket uklju\u010duje:<\/strong><\/p>\n<ul>\n<li>1x pokrovna kapa s lijevim \u0161arkama (07XP3D)<\/li>\n<li>1x poklopac s desnim \u0161arkama (09DMM4)<\/li>\n<\/ul>\n<p>Pobolj\u0161ajte estetiku i funkcionalnost svog prijenosnog ra\u010dunala s na\u0161im originalnim Dell Latitude E7250 lijevim &amp; Komplet poklopaca za desne \u0161arke. Iskusite pouzdanost autenti\u010dnih Dell dijelova za va\u0161e prijenosno ra\u010dunalo. Imajte na umu da upute za instalaciju nisu prilo\u017eene, ali slobodno se obratite ako imate pitanja ili trebate pomo\u0107.<\/p>\n<p><em>Napomena: fotografije proizvoda u popisu autenti\u010dne su slike dijelova koje \u0107ete dobiti, pru\u017eaju\u0107i transparentan i to\u010dan prikaz na\u0161ih visokokvalitetnih komponenti.<\/em><\/p>\n<\/div>\n<\/div>\n<\/div>\n<div class=\"mt-1 flex justify-start gap-3 empty:hidden\">\n<div class=\"text-gray-400 flex self-end lg:self-center justify-center lg:justify-start mt-0 -ml-1 h-7 visible\">\n<p>&nbsp;<\/p>\n<div class=\"flex items-center gap-1.5 text-xs\"><\/div>\n<div class=\"flex\"><\/div>\n<\/div>\n<\/div>\n<div class=\"pr-2 lg:pr-0\"><\/div>\n<\/div>\n<\/div>\n<\/div>\n<\/div>\n<\/div>\n<\/div>\n<\/div>\n<\/div>\n<\/div>\n<div class=\"w-full pt-2 md:pt-0 dark:border-white\/20 md:border-transparent md:dark:border-transparent md:w-[calc(100%-.5rem)]\">\n<div class=\"relative flex h-full flex-1 flex-col\">\n<div class=\"flex w-full items-center\"><\/div>\n<\/div>\n<\/div>\n","protected":false},"excerpt":{"rendered":"<p>Unaprijedite funkcionalnost svog prijenosnog ra\u010dunala Dell Latitude E7250 s na\u0161im Genuine Left &amp; Komplet poklopaca za desne \u0161arke. Precizno izra\u0111eni, ovi autenti\u010dni dijelovi (brojevi dijelova 07XP3D i 09DMM4) osiguravaju besprijekorno pristajanje va\u0161em ure\u0111aju. Vjerujte u kvalitetu originalnih Dell komponenti za optimalnu izvedbu.<\/p>\n","protected":false},"featured_media":23682,"template":"","meta":[],"product_brand":[],"product_cat":[51],"product_tag":[52],"class_list":{"0":"post-23630","1":"product","2":"type-product","3":"status-publish","4":"has-post-thumbnail","6":"product_cat-laptop-housing","7":"product_tag-dell","9":"first","10":"instock","11":"taxable","12":"shipping-taxable","13":"purchasable","14":"product-type-simple"},"_links":{"self":[{"href":"https:\/\/boreait.com\/hr\/wp-json\/wp\/v2\/product\/23630","targetHints":{"allow":["GET"]}}],"collection":[{"href":"https:\/\/boreait.com\/hr\/wp-json\/wp\/v2\/product"}],"about":[{"href":"https:\/\/boreait.com\/hr\/wp-json\/wp\/v2\/types\/product"}],"wp:featuredmedia":[{"embeddable":true,"href":"https:\/\/boreait.com\/hr\/wp-json\/wp\/v2\/media\/23682"}],"wp:attachment":[{"href":"https:\/\/boreait.com\/hr\/wp-json\/wp\/v2\/media?parent=23630"}],"wp:term":[{"taxonomy":"product_brand","embeddable":true,"href":"https:\/\/boreait.com\/hr\/wp-json\/wp\/v2\/product_brand?post=23630"},{"taxonomy":"product_cat","embeddable":true,"href":"https:\/\/boreait.com\/hr\/wp-json\/wp\/v2\/product_cat?post=23630"},{"taxonomy":"product_tag","embeddable":true,"href":"https:\/\/boreait.com\/hr\/wp-json\/wp\/v2\/product_tag?post=23630"}],"curies":[{"name":"wp","href":"https:\/\/api.w.org\/{rel}","templated":true}]}}