{"id":23608,"date":"2025-07-25T12:13:05","date_gmt":"2025-07-25T12:13:05","guid":{"rendered":"https:\/\/boreait.com\/hr\/?post_type=product&#038;p=23608"},"modified":"2026-01-14T11:47:02","modified_gmt":"2026-01-14T11:47:02","slug":"novi-17-fhd-ips-zaslon-prijenosnog-racunala-nv173fhm-n49-v8-0-kompatibilan-s-modelima-msi-asus-acer-30-pinski","status":"publish","type":"product","link":"https:\/\/boreait.com\/hr\/product\/novi-17-fhd-ips-zaslon-prijenosnog-racunala-nv173fhm-n49-v8-0-kompatibilan-s-modelima-msi-asus-acer-30-pinski\/","title":{"rendered":"NOVI 17&#8243; FHD IPS zaslon prijenosnog ra\u010dunala NV173FHM-N49 v8.0 | Kompatibilan s modelima MSI, Asus, Acer | 30-pinski"},"content":{"rendered":"<p>Otkrijte neusporedivu vizualnu izvrsnost s NV173FHM-N49 v8.0, vrhunskom zamjenom za zaslon dizajniranom da o\u017eivi zaslon va\u0161eg prijenosnog ra\u010dunala ili ga podigne na vi\u0161u razinu. Ovaj 17-in\u010dni IPS zaslon nudi Full HD rezoluciju (1920 x 1080), osiguravaju\u0107i da je svaki detalj o\u0161tar, a boje \u017eivopisnije. Bilo da igrate igrice, streamate ili radite, NV173FHM-N49 v8.0 pru\u017ea impresivno iskustvo gledanja koje nema premca.<\/p>\n<p>Izra\u0111en za svestranost, NV173FHM-N49 v8.0 kompatibilan je s opse\u017enim popisom prijenosnih ra\u010dunala, uklju\u010duju\u0107i ali ne ograni\u010davaju\u0107i se na modele tvrtki MSI, Asus, Acer. Njegov raspon kompatibilnosti pokriva popularne modele kao \u0161to su MSI GL75 9SC\/9SCK (MS-17E4), Asus TUF FX705DD\/DY, Asus VivoBook S17 S712JA i Acer Nitro 5 AN517-41, osiguravaju\u0107i savr\u0161eno pristajanje \u0161irokom spektru potreba i preferencija.<\/p>\n<p>Sadr\u017ei 30-pinski konektor za povezivanje bez muke i dolazi s dvije ljepljive trake, instalacija je jednostavna, \u0161to vam omogu\u0107uje da brzo pobolj\u0161ate zaslon svog prijenosnog ra\u010dunala bez potrebe za nosa\u010dima. Ovo ne samo da pojednostavljuje proces nadogradnje, ve\u0107 tako\u0111er odr\u017eava elegantnu estetiku va\u0161eg ure\u0111aja.<\/p>\n<p>S plo\u010dom zaslona NV173FHM-N49 v8.0 ne dobivate samo zaslon; ula\u017eete u vrhunsko iskustvo gledanja koje o\u017eivljava va\u0161 sadr\u017eaj. Od preciznosti Full HD rezolucije do \u017eivih boja i \u0161irokih kutova gledanja IPS tehnologije, ovaj zaslon je idealan izbor za svakoga tko \u017eeli nadograditi zaslon svog prijenosnog ra\u010dunala. Transformirajte svoje prijenosno ra\u010dunalo s NV173FHM-N49 v8.0 i vidite razliku u svakom pikselu.<\/p>\n","protected":false},"excerpt":{"rendered":"<p>Predstavljamo NV173FHM-N49 v8.0 zaslonsku plo\u010du: va\u0161e ultimativno rje\u0161enje za zamjenu i nadogradnju zaslona. Projektiran za kompatibilnost sa \u0161irokim rasponom prijenosnih ra\u010dunala uklju\u010duju\u0107i odabrane modele MSI-ja, Asusa, Acera i drugih, ovaj 17-in\u010dni IPS zaslon nudi zapanjuju\u0107e Full HD (1920 x 1080) slike bez zagrada za besprijekornu integraciju. Opremljen 30-pinskim konektorom i popra\u0107en dvjema ljepljivim trakama za jednostavnu instalaciju, savr\u0161en je za prijenosna ra\u010dunala kao \u0161to su MSI GL75, Asus TUF FX705, Acer Aspire i druga. Nadogradite svoje iskustvo gledanja kristalno jasnim slikama i \u017eivopisnim bojama ve\u0107 danas.<\/p>\n","protected":false},"featured_media":23658,"template":"","meta":[],"product_brand":[],"product_cat":[95,94],"product_tag":[81],"class_list":{"0":"post-23608","1":"product","2":"type-product","3":"status-publish","4":"has-post-thumbnail","6":"product_cat-17-3","7":"product_cat-new-laptop-screens-lcd-panels","8":"product_tag-msi","10":"first","11":"instock","12":"taxable","13":"shipping-taxable","14":"purchasable","15":"product-type-simple"},"_links":{"self":[{"href":"https:\/\/boreait.com\/hr\/wp-json\/wp\/v2\/product\/23608","targetHints":{"allow":["GET"]}}],"collection":[{"href":"https:\/\/boreait.com\/hr\/wp-json\/wp\/v2\/product"}],"about":[{"href":"https:\/\/boreait.com\/hr\/wp-json\/wp\/v2\/types\/product"}],"wp:featuredmedia":[{"embeddable":true,"href":"https:\/\/boreait.com\/hr\/wp-json\/wp\/v2\/media\/23658"}],"wp:attachment":[{"href":"https:\/\/boreait.com\/hr\/wp-json\/wp\/v2\/media?parent=23608"}],"wp:term":[{"taxonomy":"product_brand","embeddable":true,"href":"https:\/\/boreait.com\/hr\/wp-json\/wp\/v2\/product_brand?post=23608"},{"taxonomy":"product_cat","embeddable":true,"href":"https:\/\/boreait.com\/hr\/wp-json\/wp\/v2\/product_cat?post=23608"},{"taxonomy":"product_tag","embeddable":true,"href":"https:\/\/boreait.com\/hr\/wp-json\/wp\/v2\/product_tag?post=23608"}],"curies":[{"name":"wp","href":"https:\/\/api.w.org\/{rel}","templated":true}]}}