{"id":23603,"date":"2025-07-25T12:13:04","date_gmt":"2025-07-25T12:13:04","guid":{"rendered":"https:\/\/boreait.com\/hr\/?post_type=product&#038;p=23603"},"modified":"2026-01-21T06:33:46","modified_gmt":"2026-01-21T06:33:46","slug":"originalni-hp-probook-430-g5-dd0x8bhd010-ssd-hdd-unutarnji-konektor-dijelovi-za-prijenosno-racunalo","status":"publish","type":"product","link":"https:\/\/boreait.com\/hr\/product\/originalni-hp-probook-430-g5-dd0x8bhd010-ssd-hdd-unutarnji-konektor-dijelovi-za-prijenosno-racunalo\/","title":{"rendered":"Originalni HP Probook 430 G5 DD0X8BHD010 SSD HDD unutarnji konektor dijelovi za prijenosno ra\u010dunalo"},"content":{"rendered":"<ul>\n<li>&#8220;Pove\u0107ajte kapacitet pohrane svog HP Probook 430 G5 s autenti\u010dnim DD0X8BHD010 SSD HDD internim konektorom, koji je sada dostupan na Siggmo.com. Ovaj konektor je klju\u010dna komponenta za besprijekornu integraciju SSD-ova i HDD-ova, omogu\u0107uju\u0107i vam da u\u017eivate u ve\u0107oj brzini i prostoru za pohranu na va\u0161em prijenosnom ra\u010dunalu.<\/li>\n<\/ul>\n<p>Precizno izra\u0111en i dizajniran posebno za model HP Probook 430 G5, ovaj konektor osigurava kompatibilnost i pouzdanost. Izdr\u017eljiva konstrukcija jam\u010di dugotrajnu izvedbu, pru\u017eaju\u0107i vam bezbri\u017enost koju donosi kori\u0161tenje originalnih HP-ovih dijelova prijenosnog ra\u010dunala.<\/p>\n<p><strong>Zna\u010dajke proizvoda:<\/strong><\/p>\n<ul>\n<li>Kompatibilno s modelima HP Probook 430 G5<\/li>\n<li>Originalni DD0X8BHD010 dio za pouzdan rad<\/li>\n<li>Jednostavan za instalaciju za brze nadogradnje<\/li>\n<li>Pove\u0107ajte kapacitet pohrane prijenosnog ra\u010dunala pomo\u0107u SSD-ova ili HDD-ova<\/li>\n<li>Osigurajte nesmetan i u\u010dinkovit prijenos podataka<\/li>\n<\/ul>\n<p>Nadogradite svoje prijenosno ra\u010dunalo s povjerenjem, znaju\u0107i da fotografije u popisu prikazuju pravi konektor koji \u0107ete dobiti. U Siggmo.com prioritet dajemo autenti\u010dnosti i kvaliteti, pru\u017eaju\u0107i vam komponente koje su vam potrebne za vrhunsko ra\u010dunalno iskustvo.<\/p>\n<p>Imajte na umu da detaljne upute za instalaciju nisu uklju\u010dene. Me\u0111utim, ako imate pitanja ili trebate pomo\u0107, slobodno nam po\u0161aljite poruku. Na\u0161 predani tim za podr\u0161ku je tu da vam pomogne da nadogradnju prijenosnog ra\u010dunala iskoristite na najbolji na\u010din.<\/p>\n<p>Ulo\u017eite u performanse svog HP Probook 430 G5 danas s DD0X8BHD010 SSD HDD internim konektorom sa Siggmo.com. Naru\u010dite sada za besprijekorno i pouzdano ra\u010dunalno iskustvo.<\/p>\n","protected":false},"excerpt":{"rendered":"<p>Nadogradite svoj HP Probook 430 G5 s ovim originalnim DD0X8BHD010 SSD HDD internim konektorom. Osigurajte glatku izvedbu i dovoljno prostora za pohranu za svoje prijenosno ra\u010dunalo. Visokokvalitetan i jednostavan za instalaciju, savr\u0161eno je rje\u0161enje za pobolj\u0161anje mogu\u0107nosti va\u0161eg prijenosnog ra\u010dunala.<\/p>\n","protected":false},"featured_media":23651,"template":"","meta":[],"product_brand":[],"product_cat":[55],"product_tag":[60],"class_list":{"0":"post-23603","1":"product","2":"type-product","3":"status-publish","4":"has-post-thumbnail","6":"product_cat-cables","7":"product_tag-hp","9":"first","10":"instock","11":"taxable","12":"shipping-taxable","13":"purchasable","14":"product-type-simple"},"_links":{"self":[{"href":"https:\/\/boreait.com\/hr\/wp-json\/wp\/v2\/product\/23603","targetHints":{"allow":["GET"]}}],"collection":[{"href":"https:\/\/boreait.com\/hr\/wp-json\/wp\/v2\/product"}],"about":[{"href":"https:\/\/boreait.com\/hr\/wp-json\/wp\/v2\/types\/product"}],"wp:featuredmedia":[{"embeddable":true,"href":"https:\/\/boreait.com\/hr\/wp-json\/wp\/v2\/media\/23651"}],"wp:attachment":[{"href":"https:\/\/boreait.com\/hr\/wp-json\/wp\/v2\/media?parent=23603"}],"wp:term":[{"taxonomy":"product_brand","embeddable":true,"href":"https:\/\/boreait.com\/hr\/wp-json\/wp\/v2\/product_brand?post=23603"},{"taxonomy":"product_cat","embeddable":true,"href":"https:\/\/boreait.com\/hr\/wp-json\/wp\/v2\/product_cat?post=23603"},{"taxonomy":"product_tag","embeddable":true,"href":"https:\/\/boreait.com\/hr\/wp-json\/wp\/v2\/product_tag?post=23603"}],"curies":[{"name":"wp","href":"https:\/\/api.w.org\/{rel}","templated":true}]}}