{"id":23583,"date":"2025-07-25T12:12:44","date_gmt":"2025-07-25T12:12:44","guid":{"rendered":"https:\/\/boreait.com\/hr\/?post_type=product&#038;p=23583"},"modified":"2025-07-25T12:13:35","modified_gmt":"2025-07-25T12:13:35","slug":"originalne-sarke-34-41e14-201-za-dell-inspiron-n5110-zamjena-dijelova-prijenosnog-racunala","status":"publish","type":"product","link":"https:\/\/boreait.com\/hr\/product\/originalne-sarke-34-41e14-201-za-dell-inspiron-n5110-zamjena-dijelova-prijenosnog-racunala\/","title":{"rendered":"Originalne \u0161arke 34.41E14.201 za DELL Inspiron N5110 &#8211; Zamjena dijelova prijenosnog ra\u010dunala"},"content":{"rendered":"<p>Pobolj\u0161ajte funkcionalnost i dugovje\u010dnost svog DELL Inspiron N5110 s na\u0161im originalnim dijelovima prijenosnog ra\u010dunala Hinges 34.41E14.201. Ove su \u0161arke pomno izra\u0111ene kako bi savr\u0161eno pristajale i optimalne performanse za zaslon va\u0161eg prijenosnog ra\u010dunala.<\/p>\n<p>Zamijenite o\u0161te\u0107ene ili istro\u0161ene \u0161arke kako biste svom zaslonu vratili glatko kretanje i stabilnost. Na\u0161e su \u0161arke dizajnirane kako bi zadovoljile to\u010dne specifikacije DELL Inspiron N5110, osiguravaju\u0107i postupak instalacije bez muke.<\/p>\n<p><strong>Klju\u010dne zna\u010dajke:<\/strong><\/p>\n<ul>\n<li>Originalni dijelovi prijenosnog ra\u010dunala DELL<\/li>\n<li>Model: 34.41E14.201<\/li>\n<li>Kompatibilno s Inspironom N5110<\/li>\n<li>Osigurajte glatko kretanje i izdr\u017eljivost<\/li>\n<li>Dostupna dostava diljem svijeta<\/li>\n<\/ul>\n<p>Nadogradite svoje prijenosno ra\u010dunalo s povjerenjem, znaju\u0107i da dobivate visokokvalitetne, autenti\u010dne DELL dijelove. Shva\u0107amo va\u017enost pouzdanih komponenti, a na\u0161e \u0161arke nisu iznimka.<\/p>\n<p>Imajte na umu da ne dajemo posebne upute za postupak zamjene. Ako imate pitanja ili trebate pomo\u0107, slobodno nam se obratite. Slike proizvoda u popisu stvarne su fotografije \u0161arki koje \u0107ete dobiti, \u010dime se osigurava transparentnost i povjerenje u va\u0161u kupnju.<\/p>\n<p>Odaberite Siggmo za originalne dijelove prijenosnog ra\u010dunala i unaprijedite svoje iskustvo DELL Inspiron N5110 ve\u0107 danas!<\/p>\n","protected":false},"excerpt":{"rendered":"<p>Nadogradite ili zamijenite \u0161arke na svom DELL Inspiron N5110 ovim originalnim dijelovima prijenosnog ra\u010dunala 34.41E14.201. Osigurajte glatko kretanje i izdr\u017eljivost zaslona va\u0161eg prijenosnog ra\u010dunala. Dostupna dostava diljem svijeta.<\/p>\n","protected":false},"featured_media":23642,"template":"","meta":[],"product_brand":[],"product_cat":[54],"product_tag":[52],"class_list":{"0":"post-23583","1":"product","2":"type-product","3":"status-publish","4":"has-post-thumbnail","6":"product_cat-screen-hinge","7":"product_tag-dell","9":"first","10":"instock","11":"taxable","12":"shipping-taxable","13":"purchasable","14":"product-type-simple"},"_links":{"self":[{"href":"https:\/\/boreait.com\/hr\/wp-json\/wp\/v2\/product\/23583","targetHints":{"allow":["GET"]}}],"collection":[{"href":"https:\/\/boreait.com\/hr\/wp-json\/wp\/v2\/product"}],"about":[{"href":"https:\/\/boreait.com\/hr\/wp-json\/wp\/v2\/types\/product"}],"wp:featuredmedia":[{"embeddable":true,"href":"https:\/\/boreait.com\/hr\/wp-json\/wp\/v2\/media\/23642"}],"wp:attachment":[{"href":"https:\/\/boreait.com\/hr\/wp-json\/wp\/v2\/media?parent=23583"}],"wp:term":[{"taxonomy":"product_brand","embeddable":true,"href":"https:\/\/boreait.com\/hr\/wp-json\/wp\/v2\/product_brand?post=23583"},{"taxonomy":"product_cat","embeddable":true,"href":"https:\/\/boreait.com\/hr\/wp-json\/wp\/v2\/product_cat?post=23583"},{"taxonomy":"product_tag","embeddable":true,"href":"https:\/\/boreait.com\/hr\/wp-json\/wp\/v2\/product_tag?post=23583"}],"curies":[{"name":"wp","href":"https:\/\/api.w.org\/{rel}","templated":true}]}}