{"id":23548,"date":"2025-07-25T12:11:57","date_gmt":"2025-07-25T12:11:57","guid":{"rendered":"https:\/\/boreait.com\/hr\/?post_type=product&#038;p=23548"},"modified":"2026-01-19T17:52:40","modified_gmt":"2026-01-19T17:52:40","slug":"originalna-usb-audio-ploca-za-prijenosno-racunalo-za-lenovo-z710-69n0b5b20a01","status":"publish","type":"product","link":"https:\/\/boreait.com\/hr\/product\/originalna-usb-audio-ploca-za-prijenosno-racunalo-za-lenovo-z710-69n0b5b20a01\/","title":{"rendered":"Originalna USB audio plo\u010da za prijenosno ra\u010dunalo za Lenovo Z710 &#8211; 69N0B5B20A01"},"content":{"rendered":"<ul>\n<li>Pretvorite svoj Lenovo Z710 s na\u0161om originalnom USB audio plo\u010dom za prijenosno ra\u010dunalo, posebno dizajniranom za audio entuzijaste i one kojima je potrebna pouzdana USB veza. Izra\u0111ena do savr\u0161enstva, ova plo\u010da osigurava besprijekornu integraciju u va\u0161e prijenosno ra\u010dunalo, pru\u017eaju\u0107i ne samo kristalno \u010dist zvuk ve\u0107 i trajno rje\u0161enje za va\u0161e audio potrebe. Broj dijela za Lenovo: 69N0B5B20A01.<\/li>\n<\/ul>\n<p><strong>Klju\u010dne zna\u010dajke:<\/strong><\/p>\n<ul>\n<li><strong>Kompatibilnost:<\/strong> Dizajnirano posebno za prijenosna ra\u010dunala Lenovo Z710, osiguravaju\u0107i savr\u0161eno pristajanje.<\/li>\n<li><strong>Pobolj\u0161ana kvaliteta zvuka:<\/strong> Iskusite vrhunske performanse zvuka s ovom USB audio plo\u010dom.<\/li>\n<li><strong>Besprijekorno povezivanje:<\/strong> U\u017eivajte u USB vezama bez problema za svoje audio ure\u0111aje.<\/li>\n<li><strong>Originalna zamjena:<\/strong> Autenti\u010dni dio za precizno i pouzdano pristajanje.<\/li>\n<li><strong>Jednostavna instalacija:<\/strong> Zamijenite postoje\u0107u plo\u010du bez napora; nema kompliciranih uputa, ali slobodno se obratite ako trebate pomo\u0107.<\/li>\n<\/ul>\n<p>Nadogradite svoj Lenovo Z710 sada i ponovno otkrijte radost impresivnog zvuka. Ova je plo\u010da pa\u017eljivo pregledana i testirana kako bi zadovoljila najvi\u0161e standarde, osiguravaju\u0107i va\u0161e zadovoljstvo. Fotografije pravih proizvoda u popisu prikazuju upravo ono \u0161to \u0107ete dobiti \u2013 vrhunsku USB audio plo\u010du za va\u0161e prijenosno ra\u010dunalo.<\/p>\n","protected":false},"excerpt":{"rendered":"<p>Unaprijedite svoje audio iskustvo Lenovo Z710 s na\u0161om originalnom USB audio plo\u010dom za prijenosno ra\u010dunalo. Zamijenite postoje\u0107u plo\u010du ovom visokokvalitetnom komponentom za pobolj\u0161anu kvalitetu zvuka i besprijekorno USB povezivanje. Idealno za one koji tra\u017ee kristalno \u010dist zvuk.<\/p>\n","protected":false},"featured_media":23615,"template":"","meta":[],"product_brand":[],"product_cat":[62],"product_tag":[61],"class_list":{"0":"post-23548","1":"product","2":"type-product","3":"status-publish","4":"has-post-thumbnail","6":"product_cat-motherboards-board-parts","7":"product_tag-lenovo","9":"first","10":"instock","11":"taxable","12":"shipping-taxable","13":"purchasable","14":"product-type-simple"},"_links":{"self":[{"href":"https:\/\/boreait.com\/hr\/wp-json\/wp\/v2\/product\/23548","targetHints":{"allow":["GET"]}}],"collection":[{"href":"https:\/\/boreait.com\/hr\/wp-json\/wp\/v2\/product"}],"about":[{"href":"https:\/\/boreait.com\/hr\/wp-json\/wp\/v2\/types\/product"}],"wp:featuredmedia":[{"embeddable":true,"href":"https:\/\/boreait.com\/hr\/wp-json\/wp\/v2\/media\/23615"}],"wp:attachment":[{"href":"https:\/\/boreait.com\/hr\/wp-json\/wp\/v2\/media?parent=23548"}],"wp:term":[{"taxonomy":"product_brand","embeddable":true,"href":"https:\/\/boreait.com\/hr\/wp-json\/wp\/v2\/product_brand?post=23548"},{"taxonomy":"product_cat","embeddable":true,"href":"https:\/\/boreait.com\/hr\/wp-json\/wp\/v2\/product_cat?post=23548"},{"taxonomy":"product_tag","embeddable":true,"href":"https:\/\/boreait.com\/hr\/wp-json\/wp\/v2\/product_tag?post=23548"}],"curies":[{"name":"wp","href":"https:\/\/api.w.org\/{rel}","templated":true}]}}