{"id":23547,"date":"2025-07-25T12:11:57","date_gmt":"2025-07-25T12:11:57","guid":{"rendered":"https:\/\/boreait.com\/hr\/?post_type=product&#038;p=23547"},"modified":"2026-01-19T17:52:23","modified_gmt":"2026-01-19T17:52:23","slug":"originalno-prijenosno-racunalo-lenovo-z710-dumbod2-odd-disk-ploca-zamjenski-sklop-optickog-pogona","status":"publish","type":"product","link":"https:\/\/boreait.com\/hr\/product\/originalno-prijenosno-racunalo-lenovo-z710-dumbod2-odd-disk-ploca-zamjenski-sklop-optickog-pogona\/","title":{"rendered":"Originalno prijenosno ra\u010dunalo Lenovo Z710 DUMBOD2 ODD disk plo\u010da &#8211; zamjenski sklop opti\u010dkog pogona"},"content":{"rendered":"<ul>\n<li>Pobolj\u0161ajte funkcionalnost svog prijenosnog ra\u010dunala Lenovo Z710 s originalnom DUMBOD2 ODD plo\u010dom, dizajniranom kao izravna zamjena za krug opti\u010dkog pogona. Bilo da imate problema s trenutnom plo\u010dom ili tra\u017eite nadogradnju, ova komponenta obe\u0107ava optimalnu izvedbu i kompatibilnost.<\/li>\n<li>Izra\u0111ena imaju\u0107i na umu preciznost i kvalitetu, DUMBOD2 ODD plo\u010da rje\u0161enje je za potrebe opti\u010dkog pogona va\u0161eg prijenosnog ra\u010dunala. Plo\u010da se lako postavlja, \u0161to je \u010dini dostupnom korisnicima s razli\u010ditim tehni\u010dkim znanjem. Ako nai\u0111ete na bilo kakve pote\u0161ko\u0107e tijekom procesa instalacije, ne ustru\u010davajte se kontaktirati &#8211; tu smo da vam pomognemo.<\/li>\n<li>Kompatibilna s modelom Lenovo Z710, ova plo\u010da osigurava besprijekorno pristajanje, zadr\u017eavaju\u0107i integritet dizajna va\u0161eg prijenosnog ra\u010dunala. Originalna DUMBOD2 ODD plo\u010da pouzdan je izbor za korisnike koji zahtijevaju izvrsnost od svojih ure\u0111aja.<\/li>\n<li>Kada kupujete od nas, ne dobivate samo zamjenski dio \u2013 ula\u017eete u performanse i dugovje\u010dnost svog prijenosnog ra\u010dunala Lenovo Z710. Budite uvjereni da su prikazane fotografije originalni prikazi proizvoda koji \u0107ete dobiti.<\/li>\n<li>Naru\u010dite sada originalnu plo\u010du za prijenosno ra\u010dunalo Lenovo Z710 DUMBOD2 ODD i do\u017eivite brzu i u\u010dinkovitu nadogradnju za svoje prijenosno ra\u010dunalo. Ako imate bilo kakvih pitanja ili trebate dodatnu pomo\u0107, slobodno nam se obratite. Unaprijedite svoje ra\u010dunalno iskustvo s kvalitetnim dijelovima prijenosnog ra\u010dunala sa siggmo.com!<\/li>\n<\/ul>\n","protected":false},"excerpt":{"rendered":"<p>Pobolj\u0161ajte svoje prijenosno ra\u010dunalo Lenovo Z710 s originalnom DUMBOD2 ODD plo\u010dom. Ovaj sklop zamjenskog opti\u010dkog pogona osigurava besprijekornu izvedbu i kompatibilnost. Izra\u0111ena za jednostavnu instalaciju, ova plo\u010da jam\u010di brzu i jednostavnu nadogradnju. Povjerite se kvalitetnim komponentama za potrebe va\u0161eg prijenosnog ra\u010dunala<\/p>\n","protected":false},"featured_media":23602,"template":"","meta":[],"product_brand":[],"product_cat":[62],"product_tag":[61],"class_list":{"0":"post-23547","1":"product","2":"type-product","3":"status-publish","4":"has-post-thumbnail","6":"product_cat-motherboards-board-parts","7":"product_tag-lenovo","9":"first","10":"instock","11":"taxable","12":"shipping-taxable","13":"purchasable","14":"product-type-simple"},"_links":{"self":[{"href":"https:\/\/boreait.com\/hr\/wp-json\/wp\/v2\/product\/23547","targetHints":{"allow":["GET"]}}],"collection":[{"href":"https:\/\/boreait.com\/hr\/wp-json\/wp\/v2\/product"}],"about":[{"href":"https:\/\/boreait.com\/hr\/wp-json\/wp\/v2\/types\/product"}],"wp:featuredmedia":[{"embeddable":true,"href":"https:\/\/boreait.com\/hr\/wp-json\/wp\/v2\/media\/23602"}],"wp:attachment":[{"href":"https:\/\/boreait.com\/hr\/wp-json\/wp\/v2\/media?parent=23547"}],"wp:term":[{"taxonomy":"product_brand","embeddable":true,"href":"https:\/\/boreait.com\/hr\/wp-json\/wp\/v2\/product_brand?post=23547"},{"taxonomy":"product_cat","embeddable":true,"href":"https:\/\/boreait.com\/hr\/wp-json\/wp\/v2\/product_cat?post=23547"},{"taxonomy":"product_tag","embeddable":true,"href":"https:\/\/boreait.com\/hr\/wp-json\/wp\/v2\/product_tag?post=23547"}],"curies":[{"name":"wp","href":"https:\/\/api.w.org\/{rel}","templated":true}]}}