{"id":23528,"date":"2025-07-25T12:11:36","date_gmt":"2025-07-25T12:11:36","guid":{"rendered":"https:\/\/boreait.com\/hr\/?post_type=product&#038;p=23528"},"modified":"2025-07-25T12:12:53","modified_gmt":"2025-07-25T12:12:53","slug":"originalni-set-zvucnika-samsung-galaxy-tab-a-sm-t580-t585-oem-zamjena","status":"publish","type":"product","link":"https:\/\/boreait.com\/hr\/product\/originalni-set-zvucnika-samsung-galaxy-tab-a-sm-t580-t585-oem-zamjena\/","title":{"rendered":"Originalni set zvu\u010dnika Samsung Galaxy Tab A SM-T580\/T585 &#8211; OEM zamjena"},"content":{"rendered":"<p>Unaprijedite audio performanse svog Samsung Galaxy Tab A SM-T580\/T585 s originalnim Samsung Buzzer Wrestler kompletom zvu\u010dnika. Izra\u0111en kao OEM zamjena, ovaj set jam\u010di kompatibilnost i funkcionalnost, pridr\u017eavaju\u0107i se standarda visoke kvalitete tvrtke Samsung.<\/p>\n<p><strong>Zna\u010dajke:<\/strong><\/p>\n<ul>\n<li><strong>Autenti\u010dni Samsung dijelovi:<\/strong> Vjerujte u pouzdanost originalnih Samsung komponenti za va\u0161 tablet.<\/li>\n<li><strong>Optimalna kompatibilnost:<\/strong> Posebno dizajnirano za Galaxy Tab A SM-T580\/T585 kako bi se osigurala besprijekorna integracija i pobolj\u0161ani audio izlaz.<\/li>\n<li><strong>Jednostavna instalacija:<\/strong> Nema potrebe za kompliciranim uputama. Nadogradite zvuk svog tableta bez napora pomo\u0107u na\u0161eg kompleta zvu\u010dnika prilago\u0111enog korisniku.<\/li>\n<li><strong>Imerzivni zvuk:<\/strong> Do\u017eivite jasan, o\u0161tar zvuk za videozapise, glazbu i jo\u0161 mnogo toga uz ovu originalnu OEM zamjenu.<\/li>\n<\/ul>\n<p>Bilo da mijenjate neispravan zvu\u010dnik ili tra\u017eite nadogradnju, ovaj originalni set zvu\u010dnika Samsung Galaxy Tab A Buzzer Wrestler savr\u0161eno je rje\u0161enje. Pru\u017eamo prave fotografije, tako da ono \u0161to vidite to i dobijete. Ako imate pitanja ili trebate pomo\u0107, slobodno nam po\u0161aljite poruku. Unaprijedite svoje iskustvo tableta ve\u0107 danas uz originalnu Samsung kvalitetu.<\/p>\n","protected":false},"excerpt":{"rendered":"<p>Pobolj\u0161ajte audio iskustvo svog Samsung Galaxy Tab A SM-T580\/T585 s ovim originalnim kompletom zvu\u010dnika Buzzer Wrestler. Ova OEM zamjena osigurava optimalnu kompatibilnost i performanse. Nadogradite kvalitetu zvuka svog tableta s autenti\u010dnim Samsung dijelovima. Jednostavna instalacija za besprijekorno audio rje\u0161enje.<\/p>\n","protected":false},"featured_media":23594,"template":"","meta":[],"product_brand":[],"product_cat":[53],"product_tag":[83],"class_list":{"0":"post-23528","1":"product","2":"type-product","3":"status-publish","4":"has-post-thumbnail","6":"product_cat-laptop-speakers","7":"product_tag-samsung","9":"first","10":"instock","11":"taxable","12":"shipping-taxable","13":"purchasable","14":"product-type-simple"},"_links":{"self":[{"href":"https:\/\/boreait.com\/hr\/wp-json\/wp\/v2\/product\/23528","targetHints":{"allow":["GET"]}}],"collection":[{"href":"https:\/\/boreait.com\/hr\/wp-json\/wp\/v2\/product"}],"about":[{"href":"https:\/\/boreait.com\/hr\/wp-json\/wp\/v2\/types\/product"}],"wp:featuredmedia":[{"embeddable":true,"href":"https:\/\/boreait.com\/hr\/wp-json\/wp\/v2\/media\/23594"}],"wp:attachment":[{"href":"https:\/\/boreait.com\/hr\/wp-json\/wp\/v2\/media?parent=23528"}],"wp:term":[{"taxonomy":"product_brand","embeddable":true,"href":"https:\/\/boreait.com\/hr\/wp-json\/wp\/v2\/product_brand?post=23528"},{"taxonomy":"product_cat","embeddable":true,"href":"https:\/\/boreait.com\/hr\/wp-json\/wp\/v2\/product_cat?post=23528"},{"taxonomy":"product_tag","embeddable":true,"href":"https:\/\/boreait.com\/hr\/wp-json\/wp\/v2\/product_tag?post=23528"}],"curies":[{"name":"wp","href":"https:\/\/api.w.org\/{rel}","templated":true}]}}